{"id":691600,"date":"2025-08-27T13:59:22","date_gmt":"2025-08-27T10:59:22","guid":{"rendered":"https:\/\/roveyayinevi.com.tr\/index.php\/urun\/omerini-arayan-yuzyil\/"},"modified":"2026-04-16T02:00:55","modified_gmt":"2026-04-15T23:00:55","slug":"omerini-arayan-yuzyil","status":"publish","type":"product","link":"https:\/\/roveyayinevi.com.tr\/index.php\/urun\/omerini-arayan-yuzyil\/","title":{"rendered":"\u00d6mer\u2019ini Arayan Y\u00fczy\u0131l"},"content":{"rendered":"<p>\u0130nsanl\u0131k as\u0131rlard\u0131r zor zamanlardan ge\u00e7i(rili)yor\u2026T\u00fcm d\u00fcnya milletlerinin ve \u00f6zelde M\u00fcsl\u00fcman toplumlar\u0131n modern zamanlarda \u00e7ektikleri varl\u0131k buhranlar\u0131n\u0131, maruz kald\u0131klar\u0131 insanl\u0131k d\u0131\u015f\u0131 muameleleri, zihin-kalp eksenindeki par\u00e7alanm\u0131\u015fl\u0131klar\u0131 bertaraf etmede rehber ve referans olabilecek g\u00fc\u00e7l\u00fc bir modeldir Hz. \u00d6mer.Hz. \u00d6mer\u2019in hayat\u0131n\u0131 gerek bireysel, gerekse siyasal ve idari y\u00f6nleriyle mercek alt\u0131na ald\u0131\u011f\u0131m\u0131zda, kar\u015f\u0131m\u0131za g\u00fcn\u00fcm\u00fcz d\u00fcnyas\u0131n\u0131n aramakta oldu\u011fu \u201clider\u201d portresi \u00e7\u0131kar. \u00d6mer\u2019ini Arayan Y\u00fczy\u0131l y\u00fcksek performansl\u0131 tak\u0131m olu\u015fturmas\u0131ndan stratejistli\u011fine, sab\u0131r ve tahamm\u00fcl\u00fcnden proaktifli\u011fine kadar pek \u00e7ok \u00f6zelli\u011fi ile \u201cideal lider\u201d portresinin kodlar\u0131n\u0131n Hz. \u00d6mer\u2019in y\u00f6neticilik anlay\u0131\u015f\u0131nda sakl\u0131 oldu\u011funu g\u00f6steriyor. Dahas\u0131 g\u00fcn\u00fcm\u00fcz d\u00fcnyas\u0131 i\u00e7in bir umut \u0131\u015f\u0131\u011f\u0131 sunuyor.\u00d6mer\u2019ini Arayan Y\u00fczy\u0131l, Hz. \u00d6mer\u2019in hayat\u0131n\u0131, \u00f6zellikle de halifeli\u011fi d\u00f6neminde sergiledi\u011fi idarecili\u011fi Modern Liderlik Teorileri \u0131\u015f\u0131\u011f\u0131nda incelerken, g\u00fcn\u00fcm\u00fcz\u00fcn d\u00fcnyas\u0131na \u00e7ok \u00f6nemli doneler vermekle kalm\u0131yor \u201cLiderlik Teorileri\u201d ortaya atarak bu i\u015fi bildi\u011fini iddia eden bat\u0131 d\u00fcnyas\u0131n\u0131, ya\u015fad\u0131\u011f\u0131 \u00f6rnek hayat\u0131yla uygulay\u0131c\u0131s\u0131 oldu\u011fu Peygamber modeline hayran b\u0131rak\u0131yor. <\/p>\n","protected":false},"excerpt":{"rendered":"<p>\u0130nsanl\u0131k as\u0131rlard\u0131r zor zamanlardan ge\u00e7i(rili)yor\u2026T\u00fcm d\u00fcnya milletlerinin ve \u00f6zelde M\u00fcsl\u00fcman toplumlar\u0131n modern zamanlarda \u00e7ektikleri varl\u0131k buhranlar\u0131n\u0131, maruz kald\u0131klar\u0131 insanl\u0131k d\u0131\u015f\u0131 muameleleri, zihin-kalp eksenindeki par\u00e7alanm\u0131\u015fl\u0131klar\u0131 bertaraf etmede<span class=\"excerpt-hellip\"> [\u2026]<\/span><\/p>\n","protected":false},"featured_media":0,"template":"","meta":{"_monsterinsights_skip_tracking":false,"_monsterinsights_sitenote_active":false,"_monsterinsights_sitenote_note":"","_monsterinsights_sitenote_category":0},"product_brand":[],"product_cat":[12718,12719,18109],"product_tag":[],"class_list":{"0":"post-691600","1":"product","2":"type-product","3":"status-publish","5":"product_cat-din","6":"product_cat-islam","7":"product_cat-islam-tarihi","8":"pa_cilt-ciltsiz","9":"pa_tur-kitap","10":"pa_yayinevi-timas-yayinlari","11":"pa_yazar-halit-cil","13":"first","14":"instock","15":"sale","16":"shipping-taxable","17":"purchasable","18":"product-type-simple"},"_links":{"self":[{"href":"https:\/\/roveyayinevi.com.tr\/index.php\/wp-json\/wp\/v2\/product\/691600","targetHints":{"allow":["GET"]}}],"collection":[{"href":"https:\/\/roveyayinevi.com.tr\/index.php\/wp-json\/wp\/v2\/product"}],"about":[{"href":"https:\/\/roveyayinevi.com.tr\/index.php\/wp-json\/wp\/v2\/types\/product"}],"wp:attachment":[{"href":"https:\/\/roveyayinevi.com.tr\/index.php\/wp-json\/wp\/v2\/media?parent=691600"}],"wp:term":[{"taxonomy":"product_brand","embeddable":true,"href":"https:\/\/roveyayinevi.com.tr\/index.php\/wp-json\/wp\/v2\/product_brand?post=691600"},{"taxonomy":"product_cat","embeddable":true,"href":"https:\/\/roveyayinevi.com.tr\/index.php\/wp-json\/wp\/v2\/product_cat?post=691600"},{"taxonomy":"product_tag","embeddable":true,"href":"https:\/\/roveyayinevi.com.tr\/index.php\/wp-json\/wp\/v2\/product_tag?post=691600"}],"curies":[{"name":"wp","href":"https:\/\/api.w.org\/{rel}","templated":true}]}}