{"id":691599,"date":"2025-08-27T13:59:22","date_gmt":"2025-08-27T10:59:22","guid":{"rendered":"https:\/\/roveyayinevi.com.tr\/index.php\/urun\/gorev-devretmek\/"},"modified":"2026-04-16T02:00:55","modified_gmt":"2026-04-15T23:00:55","slug":"gorev-devretmek","status":"publish","type":"product","link":"https:\/\/roveyayinevi.com.tr\/index.php\/urun\/gorev-devretmek\/","title":{"rendered":"G\u00f6rev Devretmek"},"content":{"rendered":"<p>G\u00fcven Sa\u011flay\u0131nKo\u00e7luk Yap\u0131n\u0130zleyinKazan\u0131m\u0131 Takdir EdinGelen kutunuz her zaman dolu mu? &#8220;Sadece sizin&#8221; yapabilece\u011finiz i\u015fler y\u00fcz\u00fcnden d\u00fczenli olarak fazla mesaiye mi kal\u0131yorsunuz? E\u011fer \u00f6yleyse, i\u015f y\u00fck\u00fcn\u00fcz\u00fcn bir k\u0131sm\u0131n\u0131 da\u011f\u0131tman\u0131z\u0131n vakti gelmi\u015f demektir. G\u00f6rev Devretmek kitab\u0131 sizi ya\u015famsal becerilerle tan\u0131\u015ft\u0131r\u0131yor:Hangi g\u00f6revlerin devredilebilece\u011fini belirlemekHangi g\u00f6revlerin devredilmesinin s\u00f6z konusu olamayaca\u011f\u0131n\u0131 anlamakG\u00f6revlendirme yap\u0131p ilerlemeyi izlemekG\u00f6rev devretmekle ilgili sorunlarla ba\u015fa \u00e7\u0131kmak<\/p>\n","protected":false},"excerpt":{"rendered":"<p>G\u00fcven Sa\u011flay\u0131nKo\u00e7luk Yap\u0131n\u0130zleyinKazan\u0131m\u0131 Takdir EdinGelen kutunuz her zaman dolu mu? &#8220;Sadece sizin&#8221; yapabilece\u011finiz i\u015fler y\u00fcz\u00fcnden d\u00fczenli olarak fazla mesaiye mi kal\u0131yorsunuz? E\u011fer \u00f6yleyse, i\u015f y\u00fck\u00fcn\u00fcz\u00fcn bir<span class=\"excerpt-hellip\"> [\u2026]<\/span><\/p>\n","protected":false},"featured_media":0,"template":"","meta":{"_monsterinsights_skip_tracking":false,"_monsterinsights_sitenote_active":false,"_monsterinsights_sitenote_note":"","_monsterinsights_sitenote_category":0},"product_brand":[],"product_cat":[13043,14754],"product_tag":[],"class_list":{"0":"post-691599","1":"product","2":"type-product","3":"status-publish","5":"product_cat-ekonomi","6":"product_cat-halkla-iliskiler-insan-kaynaklari","7":"pa_cilt-ciltsiz","8":"pa_tur-kitap","9":"pa_yayinevi-optimist-yayin-dagitim","10":"pa_yazar-thomas-l-brown","12":"first","13":"instock","14":"sale","15":"shipping-taxable","16":"purchasable","17":"product-type-simple"},"_links":{"self":[{"href":"https:\/\/roveyayinevi.com.tr\/index.php\/wp-json\/wp\/v2\/product\/691599","targetHints":{"allow":["GET"]}}],"collection":[{"href":"https:\/\/roveyayinevi.com.tr\/index.php\/wp-json\/wp\/v2\/product"}],"about":[{"href":"https:\/\/roveyayinevi.com.tr\/index.php\/wp-json\/wp\/v2\/types\/product"}],"wp:attachment":[{"href":"https:\/\/roveyayinevi.com.tr\/index.php\/wp-json\/wp\/v2\/media?parent=691599"}],"wp:term":[{"taxonomy":"product_brand","embeddable":true,"href":"https:\/\/roveyayinevi.com.tr\/index.php\/wp-json\/wp\/v2\/product_brand?post=691599"},{"taxonomy":"product_cat","embeddable":true,"href":"https:\/\/roveyayinevi.com.tr\/index.php\/wp-json\/wp\/v2\/product_cat?post=691599"},{"taxonomy":"product_tag","embeddable":true,"href":"https:\/\/roveyayinevi.com.tr\/index.php\/wp-json\/wp\/v2\/product_tag?post=691599"}],"curies":[{"name":"wp","href":"https:\/\/api.w.org\/{rel}","templated":true}]}}