{"id":691595,"date":"2025-08-27T13:59:21","date_gmt":"2025-08-27T10:59:21","guid":{"rendered":"https:\/\/roveyayinevi.com.tr\/index.php\/urun\/said-nursi-nur-dede-almanca\/"},"modified":"2026-04-16T02:00:54","modified_gmt":"2026-04-15T23:00:54","slug":"said-nursi-nur-dede-almanca","status":"publish","type":"product","link":"https:\/\/roveyayinevi.com.tr\/index.php\/urun\/said-nursi-nur-dede-almanca\/","title":{"rendered":"Said Nursi (Nur Dede-Almanca)"},"content":{"rendered":"<p>Der islamische Gelehrter Said Nursi (1876 &#8211; 1960) wurde in Europa lange Zeit allein unter der Perspektive der t\u00fcrkischen Revolution der zwanziger Jahre und ihres Vorlaufes gesehen. Dabei \u00fcbersah man dessen enormes Werk, das w\u00e4hrend seiner Verbannung und in den Jahren seines Gef\u00e4ngnisaufenthaltes entstanden ist, und Generationen von t\u00fcrkischen Muslimen zu einer lebendigen Auseinandersetzung mit ihrem Glaube anregte. Hier\u00fcber entstand nicht nur eine Sch\u00fclergemeinschaft, die in Said Nursi ihren Lehrer sah, sondern zugleich eine Art Bewegung, die Jama\u2019at-un Nur, deren Zentrum das von ihm hinterlassene Werk, das Risale-i Nur, ist. In dieser Biographie wird das Leben dieses Gelehrten durchleuchtet. <\/p>\n","protected":false},"excerpt":{"rendered":"<p>Der islamische Gelehrter Said Nursi (1876 &#8211; 1960) wurde in Europa lange Zeit allein unter der Perspektive der t\u00fcrkischen Revolution der zwanziger Jahre und ihres Vorlaufes<span class=\"excerpt-hellip\"> [\u2026]<\/span><\/p>\n","protected":false},"featured_media":0,"template":"","meta":{"_monsterinsights_skip_tracking":false,"_monsterinsights_sitenote_active":false,"_monsterinsights_sitenote_note":"","_monsterinsights_sitenote_category":0},"product_brand":[],"product_cat":[12364],"product_tag":[],"class_list":{"0":"post-691595","1":"product","2":"type-product","3":"status-publish","5":"product_cat-genel-konular","6":"pa_tur-kitap","7":"pa_yayinevi-nesil-yayinlari","8":"pa_yazar-mehmet-paksu","10":"first","11":"instock","12":"sale","13":"shipping-taxable","14":"purchasable","15":"product-type-simple"},"_links":{"self":[{"href":"https:\/\/roveyayinevi.com.tr\/index.php\/wp-json\/wp\/v2\/product\/691595","targetHints":{"allow":["GET"]}}],"collection":[{"href":"https:\/\/roveyayinevi.com.tr\/index.php\/wp-json\/wp\/v2\/product"}],"about":[{"href":"https:\/\/roveyayinevi.com.tr\/index.php\/wp-json\/wp\/v2\/types\/product"}],"wp:attachment":[{"href":"https:\/\/roveyayinevi.com.tr\/index.php\/wp-json\/wp\/v2\/media?parent=691595"}],"wp:term":[{"taxonomy":"product_brand","embeddable":true,"href":"https:\/\/roveyayinevi.com.tr\/index.php\/wp-json\/wp\/v2\/product_brand?post=691595"},{"taxonomy":"product_cat","embeddable":true,"href":"https:\/\/roveyayinevi.com.tr\/index.php\/wp-json\/wp\/v2\/product_cat?post=691595"},{"taxonomy":"product_tag","embeddable":true,"href":"https:\/\/roveyayinevi.com.tr\/index.php\/wp-json\/wp\/v2\/product_tag?post=691595"}],"curies":[{"name":"wp","href":"https:\/\/api.w.org\/{rel}","templated":true}]}}