{"id":691594,"date":"2025-08-27T13:59:21","date_gmt":"2025-08-27T10:59:21","guid":{"rendered":"https:\/\/roveyayinevi.com.tr\/index.php\/urun\/sahabiler-ansiklopedisi-iki-cilt-bir-arada\/"},"modified":"2026-04-16T02:00:54","modified_gmt":"2026-04-15T23:00:54","slug":"sahabiler-ansiklopedisi-iki-cilt-bir-arada","status":"publish","type":"product","link":"https:\/\/roveyayinevi.com.tr\/index.php\/urun\/sahabiler-ansiklopedisi-iki-cilt-bir-arada\/","title":{"rendered":"Sahabiler Ansiklopedisi (\u0130ki Cilt Bir Arada)"},"content":{"rendered":"<p>Da\u011f\u0131n\u0131k, vah\u015fi, cehalet batakl\u0131\u011f\u0131nda k\u0131vranan bir toplum. K\u00f6t\u00fcl\u00fcklerin, ink\u00e2r ve isyanlar\u0131n ruhlar\u0131na i\u015fledi\u011fi, cahiliye \u00e2det ve huylar\u0131ndan asla taviz vermeyen inat\u00e7\u0131; bu u\u011furda birbirinin kan\u0131n\u0131 ak\u0131tmaktan perva etmeyen bir millet. Onlar Resul\u00fcllah\u2019a (a.s.m.) tabi oldular. Res\u00fblullah\u2019\u0131n (a.s.m.) nur halkas\u0131na dahil oldular. Ve tarihte e\u015fi g\u00f6r\u00fclmemi\u015f bir ink\u0131lab\u0131 ya\u015fad\u0131lar. Yavrusunu diri diri topra\u011fa g\u00f6men birer canavarken kar\u0131ncay\u0131 dahi incitmekten sak\u0131nan birer merhamet ve \u015fefkat timsali haline geldiler. \u00c7\u00fcnk\u00fc onlar do\u011frudan do\u011fruya peygamberlik g\u00fcne\u015finden \u0131\u015f\u0131k alm\u0131\u015flard\u0131. Bu y\u00fczden onlar k\u0131yamete kadar kendine tabi olanlara yol g\u00f6sterecek birer \u201cy\u0131ld\u0131z\u201d oldular. \u0130nsanl\u0131\u011f\u0131n en faziletlileri olan Sahab\u00eelerin say\u0131s\u0131 hakk\u0131nda kesin bir bilgi olmamakla birlikte, 100 binin \u00fczerinde olarak zikredilir. Daha \u00f6nceden iki cilt halinde ne\u015fredilen ve yeni bir d\u00fczenlemeyle tek ciltte toplanan bu eserde, 5 ana b\u00f6l\u00fcmde, 210 Sahab\u00ee hakk\u0131nda bilgi sunuldu. \u0130slam\u00ee kaynaklardan yap\u0131lan geni\u015f ve titiz ara\u015ft\u0131rmalar neticesi elde edilen bilgiler, sadece ansiklopedik malumat verme yerine, okunup istifadeyi kolayla\u015ft\u0131r\u0131c\u0131 bir \u00fcslupla kaleme al\u0131nd\u0131.<\/p>\n","protected":false},"excerpt":{"rendered":"<p>Da\u011f\u0131n\u0131k, vah\u015fi, cehalet batakl\u0131\u011f\u0131nda k\u0131vranan bir toplum. K\u00f6t\u00fcl\u00fcklerin, ink\u00e2r ve isyanlar\u0131n ruhlar\u0131na i\u015fledi\u011fi, cahiliye \u00e2det ve huylar\u0131ndan asla taviz vermeyen inat\u00e7\u0131; bu u\u011furda birbirinin kan\u0131n\u0131 ak\u0131tmaktan<span class=\"excerpt-hellip\"> [\u2026]<\/span><\/p>\n","protected":false},"featured_media":0,"template":"","meta":{"_monsterinsights_skip_tracking":false,"_monsterinsights_sitenote_active":false,"_monsterinsights_sitenote_note":"","_monsterinsights_sitenote_category":0},"product_brand":[],"product_cat":[13036,12718,12719],"product_tag":[],"class_list":{"0":"post-691594","1":"product","2":"type-product","3":"status-publish","5":"product_cat-arastirma-inceleme-islam","6":"product_cat-din","7":"product_cat-islam","8":"pa_cilt-ciltsiz","9":"pa_tur-kitap","10":"pa_yayinevi-nesil-yayinlari","11":"pa_yazar-kolektif","13":"first","14":"instock","15":"sale","16":"shipping-taxable","17":"purchasable","18":"product-type-simple"},"_links":{"self":[{"href":"https:\/\/roveyayinevi.com.tr\/index.php\/wp-json\/wp\/v2\/product\/691594","targetHints":{"allow":["GET"]}}],"collection":[{"href":"https:\/\/roveyayinevi.com.tr\/index.php\/wp-json\/wp\/v2\/product"}],"about":[{"href":"https:\/\/roveyayinevi.com.tr\/index.php\/wp-json\/wp\/v2\/types\/product"}],"wp:attachment":[{"href":"https:\/\/roveyayinevi.com.tr\/index.php\/wp-json\/wp\/v2\/media?parent=691594"}],"wp:term":[{"taxonomy":"product_brand","embeddable":true,"href":"https:\/\/roveyayinevi.com.tr\/index.php\/wp-json\/wp\/v2\/product_brand?post=691594"},{"taxonomy":"product_cat","embeddable":true,"href":"https:\/\/roveyayinevi.com.tr\/index.php\/wp-json\/wp\/v2\/product_cat?post=691594"},{"taxonomy":"product_tag","embeddable":true,"href":"https:\/\/roveyayinevi.com.tr\/index.php\/wp-json\/wp\/v2\/product_tag?post=691594"}],"curies":[{"name":"wp","href":"https:\/\/api.w.org\/{rel}","templated":true}]}}