{"id":691592,"date":"2025-08-27T13:59:21","date_gmt":"2025-08-27T10:59:21","guid":{"rendered":"https:\/\/roveyayinevi.com.tr\/index.php\/urun\/peygamberimizin-dilinden-hac-ve-umre\/"},"modified":"2026-04-16T02:00:54","modified_gmt":"2026-04-15T23:00:54","slug":"peygamberimizin-dilinden-hac-ve-umre","status":"publish","type":"product","link":"https:\/\/roveyayinevi.com.tr\/index.php\/urun\/peygamberimizin-dilinden-hac-ve-umre\/","title":{"rendered":"Peygamberimizin Dilinden Hac ve Umre"},"content":{"rendered":"<p>Sevgili Peygamber Efendimizle (a.s.m.) birlikte hac ve umre yapmak ister misiniz? \u0130simlerini and\u0131\u011f\u0131m\u0131zda veya resimlerini g\u00f6rd\u00fc\u011f\u00fcm\u00fczde kalbimizin \u00e7arpt\u0131\u011f\u0131, g\u00f6zlerimizin ya\u015fla doldu\u011fu nuran\u00ee beldeleri Onunla dola\u015fmaya ne dersiniz? Mekke, Medine, K\u00e2be, Arafat, M\u00fczdelife, Mina, Ravza-i Mutahhara ve daha nice mukaddes mekanlar\u0131 nas\u0131l ziyaret edece\u011finizi, hangi duygularla hac ve umre yapaca\u011f\u0131n\u0131z\u0131, Peygamber Efendimiz\u2019in (a.s.m.) dilinden \u00f6\u011frenmek istemez misiniz? O nas\u0131l hac ve umre yapt\u0131ysa, o \u015fekilde hac ve umre yapman\u0131z i\u00e7in bu kitab\u0131 okuyunuz. 272 hadisten meydana gelen bu eseri okudu\u011funuzda mukaddes beldeleri tekrar tekrar g\u00f6rme \u015fevkiyle dolup ta\u015facak, kendinizi sanki Resulullah\u2019la (a.s.m.) birlikte hac ve umre yap\u0131yormu\u015f gibi hissedeceksiniz. <\/p>\n","protected":false},"excerpt":{"rendered":"<p>Sevgili Peygamber Efendimizle (a.s.m.) birlikte hac ve umre yapmak ister misiniz? \u0130simlerini and\u0131\u011f\u0131m\u0131zda veya resimlerini g\u00f6rd\u00fc\u011f\u00fcm\u00fczde kalbimizin \u00e7arpt\u0131\u011f\u0131, g\u00f6zlerimizin ya\u015fla doldu\u011fu nuran\u00ee beldeleri Onunla dola\u015fmaya ne<span class=\"excerpt-hellip\"> [\u2026]<\/span><\/p>\n","protected":false},"featured_media":0,"template":"","meta":{"_monsterinsights_skip_tracking":false,"_monsterinsights_sitenote_active":false,"_monsterinsights_sitenote_note":"","_monsterinsights_sitenote_category":0},"product_brand":[],"product_cat":[16789,12718,12719],"product_tag":[],"class_list":{"0":"post-691592","1":"product","2":"type-product","3":"status-publish","5":"product_cat-diger-islam","6":"product_cat-din","7":"product_cat-islam","8":"pa_tur-kitap","9":"pa_yayinevi-nesil-yayinlari","10":"pa_yazar-mehmed-paksu","12":"first","13":"instock","14":"sale","15":"shipping-taxable","16":"purchasable","17":"product-type-simple"},"_links":{"self":[{"href":"https:\/\/roveyayinevi.com.tr\/index.php\/wp-json\/wp\/v2\/product\/691592","targetHints":{"allow":["GET"]}}],"collection":[{"href":"https:\/\/roveyayinevi.com.tr\/index.php\/wp-json\/wp\/v2\/product"}],"about":[{"href":"https:\/\/roveyayinevi.com.tr\/index.php\/wp-json\/wp\/v2\/types\/product"}],"wp:attachment":[{"href":"https:\/\/roveyayinevi.com.tr\/index.php\/wp-json\/wp\/v2\/media?parent=691592"}],"wp:term":[{"taxonomy":"product_brand","embeddable":true,"href":"https:\/\/roveyayinevi.com.tr\/index.php\/wp-json\/wp\/v2\/product_brand?post=691592"},{"taxonomy":"product_cat","embeddable":true,"href":"https:\/\/roveyayinevi.com.tr\/index.php\/wp-json\/wp\/v2\/product_cat?post=691592"},{"taxonomy":"product_tag","embeddable":true,"href":"https:\/\/roveyayinevi.com.tr\/index.php\/wp-json\/wp\/v2\/product_tag?post=691592"}],"curies":[{"name":"wp","href":"https:\/\/api.w.org\/{rel}","templated":true}]}}