{"id":691590,"date":"2025-08-27T13:59:20","date_gmt":"2025-08-27T10:59:20","guid":{"rendered":"https:\/\/roveyayinevi.com.tr\/index.php\/urun\/resimli-osmanli-tarihi\/"},"modified":"2026-04-16T02:00:54","modified_gmt":"2026-04-15T23:00:54","slug":"resimli-osmanli-tarihi","status":"publish","type":"product","link":"https:\/\/roveyayinevi.com.tr\/index.php\/urun\/resimli-osmanli-tarihi\/","title":{"rendered":"Resimli Osmanl\u0131 Tarihi"},"content":{"rendered":"<p>As\u0131rlar\u0131 \u015fereflendiren bir tarihimiz var. B\u00fcy\u00fck cihan imparatorluklar\u0131 kurmu\u015f, d\u00fcnyaya y\u00fczy\u0131llarca h\u00fckmetmi\u015f bir milletin \u00e7ocuklar\u0131y\u0131z. \u00dcstelik bu h\u00fckmedi\u015f, adalet, \u015fefkat ve medeniyet esaslar\u0131 \u00fczerine kurulmu\u015f. Atalar\u0131m\u0131z gittikleri her yere inanc\u0131n, medeniyetin ve insanl\u0131\u011f\u0131n \u0131\u015f\u0131klar\u0131n\u0131 g\u00f6t\u00fcrm\u00fc\u015fler. \u0130lahi ve y\u00fcce de\u011ferlerden ilham alarak d\u00fcnyay\u0131 ayd\u0131nlatm\u0131\u015flar. Osmanl\u0131, s\u0131n\u0131rlar\u0131 bug\u00fcnk\u00fc Anadolu&#8217;ya s\u0131\u011fmay\u0131p, Orta Avrupa&#8217;dan b\u00fct\u00fcn Akdeniz k\u0131y\u0131lar\u0131na ve Asya i\u00e7lerine kadar uzanan bir imparatorluktu. Ve Osmanl\u0131 ulvi bir idealin, y\u00fcce bir misyonun, ihti\u015faml\u0131 bir medeniyetin sahibi olarak, tarihinin derinliklerine k\u00f6k salm\u0131\u015f bir \u00e7\u0131nar gibi, alt\u0131 as\u0131r s\u00fcren bereketli bir \u00f6m\u00fcr ya\u015fam\u0131\u015ft\u0131. Bu eserde, bu muhte\u015fem abideyi fetihten fethe ko\u015farak cihan devleti yapan 36 padi\u015fah anlat\u0131l\u0131yor. &#8220;Resimli Osmanl\u0131 Tarihi&#8221;, gen\u00e7lerimize Osmanl\u0131 tarihini do\u011fru ve samimi bir \u015fekilde \u00f6\u011fretecek bir kaynak olmas\u0131 d\u00fc\u015f\u00fcncesiyle, y\u0131llar s\u00fcren titiz \u00e7al\u0131\u015fmalar neticesinde haz\u0131rland\u0131. Gerek muhtevas\u0131 gerek teknik \u00f6zellikleriyle, k\u00fct\u00fcphanelerin ba\u015f k\u00f6\u015fesinde muhafaza edilip her an ba\u015fvurulacak bir &#8220;temel eser&#8221; olarak gen\u00e7lerimize tarihi sevdirerek \u00f6\u011fretecektir. <\/p>\n","protected":false},"excerpt":{"rendered":"<p>As\u0131rlar\u0131 \u015fereflendiren bir tarihimiz var. B\u00fcy\u00fck cihan imparatorluklar\u0131 kurmu\u015f, d\u00fcnyaya y\u00fczy\u0131llarca h\u00fckmetmi\u015f bir milletin \u00e7ocuklar\u0131y\u0131z. \u00dcstelik bu h\u00fckmedi\u015f, adalet, \u015fefkat ve medeniyet esaslar\u0131 \u00fczerine kurulmu\u015f. Atalar\u0131m\u0131z<span class=\"excerpt-hellip\"> [\u2026]<\/span><\/p>\n","protected":false},"featured_media":0,"template":"","meta":{"_monsterinsights_skip_tracking":false,"_monsterinsights_sitenote_active":false,"_monsterinsights_sitenote_note":"","_monsterinsights_sitenote_category":0},"product_brand":[],"product_cat":[13517,12304],"product_tag":[],"class_list":{"0":"post-691590","1":"product","2":"type-product","3":"status-publish","5":"product_cat-osmanli-tarihi","6":"product_cat-tarih","7":"pa_cilt-ciltli","8":"pa_tur-kitap","9":"pa_yayinevi-nesil-yayinlari","10":"pa_yazar-yavuz-bahadiroglu","12":"first","13":"instock","14":"sale","15":"shipping-taxable","16":"purchasable","17":"product-type-simple"},"_links":{"self":[{"href":"https:\/\/roveyayinevi.com.tr\/index.php\/wp-json\/wp\/v2\/product\/691590","targetHints":{"allow":["GET"]}}],"collection":[{"href":"https:\/\/roveyayinevi.com.tr\/index.php\/wp-json\/wp\/v2\/product"}],"about":[{"href":"https:\/\/roveyayinevi.com.tr\/index.php\/wp-json\/wp\/v2\/types\/product"}],"wp:attachment":[{"href":"https:\/\/roveyayinevi.com.tr\/index.php\/wp-json\/wp\/v2\/media?parent=691590"}],"wp:term":[{"taxonomy":"product_brand","embeddable":true,"href":"https:\/\/roveyayinevi.com.tr\/index.php\/wp-json\/wp\/v2\/product_brand?post=691590"},{"taxonomy":"product_cat","embeddable":true,"href":"https:\/\/roveyayinevi.com.tr\/index.php\/wp-json\/wp\/v2\/product_cat?post=691590"},{"taxonomy":"product_tag","embeddable":true,"href":"https:\/\/roveyayinevi.com.tr\/index.php\/wp-json\/wp\/v2\/product_tag?post=691590"}],"curies":[{"name":"wp","href":"https:\/\/api.w.org\/{rel}","templated":true}]}}