{"id":691587,"date":"2025-08-27T13:59:20","date_gmt":"2025-08-27T10:59:20","guid":{"rendered":"https:\/\/roveyayinevi.com.tr\/index.php\/urun\/ilginc-psikiyatrik-sendromlar\/"},"modified":"2026-03-19T02:05:26","modified_gmt":"2026-03-18T23:05:26","slug":"ilginc-psikiyatrik-sendromlar","status":"publish","type":"product","link":"https:\/\/roveyayinevi.com.tr\/index.php\/urun\/ilginc-psikiyatrik-sendromlar\/","title":{"rendered":"\u0130lgin\u00e7 Psikiyatrik Sendromlar"},"content":{"rendered":"<p>Psikiyatrik sendromlar, sadece alan\u0131n uzmanlar\u0131n\u0131 de\u011fil, \u2018ruhu olan\u2019 herkesi ilgilendirir. Hele bir de bu sendromlar\u0131n en acayip olanlar\u0131 bir kitapta toplanm\u0131\u015fsa merak neredeyse ka\u00e7\u0131n\u0131lmaz olur. \ufffcTan\u0131t\u0131m Metni<\/p>\n","protected":false},"excerpt":{"rendered":"<p>Psikiyatrik sendromlar, sadece alan\u0131n uzmanlar\u0131n\u0131 de\u011fil, \u2018ruhu olan\u2019 herkesi ilgilendirir. Hele bir de bu sendromlar\u0131n en acayip olanlar\u0131 bir kitapta toplanm\u0131\u015fsa merak neredeyse ka\u00e7\u0131n\u0131lmaz olur. \ufffcTan\u0131t\u0131m<span class=\"excerpt-hellip\"> [\u2026]<\/span><\/p>\n","protected":false},"featured_media":0,"template":"","meta":{"_monsterinsights_skip_tracking":false,"_monsterinsights_sitenote_active":false,"_monsterinsights_sitenote_note":"","_monsterinsights_sitenote_category":0},"product_brand":[],"product_cat":[14787,13488],"product_tag":[],"class_list":{"0":"post-691587","1":"product","2":"type-product","3":"status-publish","5":"product_cat-diger-toplum-ve-insan","6":"product_cat-toplum-ve-insan","7":"pa_cilt-ciltsiz","8":"pa_tur-kitap","9":"pa_yayinevi-okuyan-us-yayin","10":"pa_yazar-m-david-enoch","12":"first","13":"instock","14":"sale","15":"shipping-taxable","16":"purchasable","17":"product-type-simple"},"_links":{"self":[{"href":"https:\/\/roveyayinevi.com.tr\/index.php\/wp-json\/wp\/v2\/product\/691587","targetHints":{"allow":["GET"]}}],"collection":[{"href":"https:\/\/roveyayinevi.com.tr\/index.php\/wp-json\/wp\/v2\/product"}],"about":[{"href":"https:\/\/roveyayinevi.com.tr\/index.php\/wp-json\/wp\/v2\/types\/product"}],"wp:attachment":[{"href":"https:\/\/roveyayinevi.com.tr\/index.php\/wp-json\/wp\/v2\/media?parent=691587"}],"wp:term":[{"taxonomy":"product_brand","embeddable":true,"href":"https:\/\/roveyayinevi.com.tr\/index.php\/wp-json\/wp\/v2\/product_brand?post=691587"},{"taxonomy":"product_cat","embeddable":true,"href":"https:\/\/roveyayinevi.com.tr\/index.php\/wp-json\/wp\/v2\/product_cat?post=691587"},{"taxonomy":"product_tag","embeddable":true,"href":"https:\/\/roveyayinevi.com.tr\/index.php\/wp-json\/wp\/v2\/product_tag?post=691587"}],"curies":[{"name":"wp","href":"https:\/\/api.w.org\/{rel}","templated":true}]}}