{"id":691584,"date":"2025-08-27T13:59:19","date_gmt":"2025-08-27T10:59:19","guid":{"rendered":"https:\/\/roveyayinevi.com.tr\/index.php\/urun\/insanin-anlam-arayisi\/"},"modified":"2026-04-16T02:00:54","modified_gmt":"2026-04-15T23:00:54","slug":"insanin-anlam-arayisi","status":"publish","type":"product","link":"https:\/\/roveyayinevi.com.tr\/index.php\/urun\/insanin-anlam-arayisi\/","title":{"rendered":"\u0130nsan\u0131n Anlam Aray\u0131\u015f\u0131"},"content":{"rendered":"<p>20. y\u00fczy\u0131l\u0131n \u00f6nde gelen psikiyatrlar\u0131ndan Viktor Frankl, otuzun \u00fczerinde yabanc\u0131 dile \u00e7evrilen ve b\u00fct\u00fcn d\u00fcnyada 12 milyondan fazla satan \u0130nsan\u0131n Anlam Aray\u0131\u015f\u0131\u2019nda, kurucusu oldu\u011fu logoterapinin ilkelerini, \u0130kinci D\u00fcnya Sava\u015f\u0131 s\u0131ras\u0131nda bir toplama kamp\u0131ndaki deneyimleri e\u015fli\u011finde anlatmaktad\u0131r. Okurlar, Frankl\u2019\u0131n tasvir etti\u011fi toplama kamp\u0131n\u0131n, d\u00fcnyay\u0131 daha b\u00fcy\u00fck bir hapishane olarak kavramam\u0131z\u0131 sa\u011flayacak parlak bir metafora d\u00f6n\u00fc\u015ft\u00fc\u011f\u00fcn\u00fc fark edecektir. Gasset, Heidegger ve Sartre\u2019dan a\u015fina oldu\u011fumuz d\u00fc\u015f\u00fcnceler \u0131\u015f\u0131\u011f\u0131nda, varolu\u015fun \u00e7etin ko\u015fullar\u0131nda anlam \u0131 ke\u015ffetmemize yard\u0131m edecek s\u00fcreci anlatan Frankl, \u0130nsan\u0131 insan yapan nedir? sorusuna da yan\u0131t vermeye \u00e7al\u0131\u015f\u0131yor. Ger\u00e7ekten ihtiya\u00e7 duyulan \u015fey, ya\u015fama y\u00f6nelik tutumumuzdaki temel bir de\u011fi\u015fmeydi. Ya\u015famdan ne bekledi\u011fimizin ger\u00e7ekten \u00f6nemli olmad\u0131\u011f\u0131n\u0131, as\u0131l \u00f6nemli olan \u015feyin ya\u015fam\u0131n bizden ne bekledi\u011fi oldu\u011funu \u00f6\u011frenmemiz ve dahas\u0131 umutsuz insanlara \u00f6\u011fretmemiz gerekiyordu. Ya\u015fam\u0131n anlam\u0131 hakk\u0131nda sorular sormay\u0131 b\u0131rakmam\u0131z, bunun yerine kendimizi ya\u015fam taraf\u0131ndan her g\u00fcn, her saat sorgulanan birileri olarak d\u00fc\u015f\u00fcnmemiz gerekirdi. Yan\u0131t\u0131m\u0131z\u0131n konu\u015fma ya da meditasyondan de\u011fil, do\u011fru eylemden ve do\u011fru ya\u015fam bi\u00e7iminden olu\u015fmas\u0131 gerekiyordu. Nihai anlamda ya\u015fam, sorunlara do\u011fru \u00e7\u00f6z\u00fcmler bulmak ve her birey i\u00e7in kesintisiz olarak koydu\u011fu g\u00f6revleri yerine getirme sorumlulu\u011funu almak anlam\u0131na gelir.<\/p>\n","protected":false},"excerpt":{"rendered":"<p>20. y\u00fczy\u0131l\u0131n \u00f6nde gelen psikiyatrlar\u0131ndan Viktor Frankl, otuzun \u00fczerinde yabanc\u0131 dile \u00e7evrilen ve b\u00fct\u00fcn d\u00fcnyada 12 milyondan fazla satan \u0130nsan\u0131n Anlam Aray\u0131\u015f\u0131\u2019nda, kurucusu oldu\u011fu logoterapinin ilkelerini,<span class=\"excerpt-hellip\"> [\u2026]<\/span><\/p>\n","protected":false},"featured_media":0,"template":"","meta":{"_monsterinsights_skip_tracking":false,"_monsterinsights_sitenote_active":false,"_monsterinsights_sitenote_note":"","_monsterinsights_sitenote_category":0},"product_brand":[],"product_cat":[12388,15309],"product_tag":[],"class_list":{"0":"post-691584","1":"product","2":"type-product","3":"status-publish","5":"product_cat-felsefe","6":"product_cat-felsefi-akimlar","7":"pa_cilt-ciltsiz","8":"pa_tur-kitap","9":"pa_yayinevi-okuyan-us-yayin","10":"pa_yazar-viktor-e-frankl","12":"first","13":"instock","14":"sale","15":"shipping-taxable","16":"purchasable","17":"product-type-simple"},"_links":{"self":[{"href":"https:\/\/roveyayinevi.com.tr\/index.php\/wp-json\/wp\/v2\/product\/691584","targetHints":{"allow":["GET"]}}],"collection":[{"href":"https:\/\/roveyayinevi.com.tr\/index.php\/wp-json\/wp\/v2\/product"}],"about":[{"href":"https:\/\/roveyayinevi.com.tr\/index.php\/wp-json\/wp\/v2\/types\/product"}],"wp:attachment":[{"href":"https:\/\/roveyayinevi.com.tr\/index.php\/wp-json\/wp\/v2\/media?parent=691584"}],"wp:term":[{"taxonomy":"product_brand","embeddable":true,"href":"https:\/\/roveyayinevi.com.tr\/index.php\/wp-json\/wp\/v2\/product_brand?post=691584"},{"taxonomy":"product_cat","embeddable":true,"href":"https:\/\/roveyayinevi.com.tr\/index.php\/wp-json\/wp\/v2\/product_cat?post=691584"},{"taxonomy":"product_tag","embeddable":true,"href":"https:\/\/roveyayinevi.com.tr\/index.php\/wp-json\/wp\/v2\/product_tag?post=691584"}],"curies":[{"name":"wp","href":"https:\/\/api.w.org\/{rel}","templated":true}]}}