{"id":691577,"date":"2025-08-27T13:59:18","date_gmt":"2025-08-27T10:59:18","guid":{"rendered":"https:\/\/roveyayinevi.com.tr\/index.php\/urun\/ekiplerin-bes-temel-aksakligi\/"},"modified":"2026-04-16T02:00:54","modified_gmt":"2026-04-15T23:00:54","slug":"ekiplerin-bes-temel-aksakligi","status":"publish","type":"product","link":"https:\/\/roveyayinevi.com.tr\/index.php\/urun\/ekiplerin-bes-temel-aksakligi\/","title":{"rendered":"Ekiplerin Be\u015f Temel Aksakl\u0131\u011f\u0131"},"content":{"rendered":"<p>Bireyler toplulu\u011fu deil etkin bir ekip olabilmek i\u00e7in&#8230; K\u0131sa s\u00fcrede itibar\u0131n\u0131 yitiren ve art arda d\u00fc\u015f k\u0131r\u0131kl\u0131klar\u0131 ya\u015fayan bir \u015firket, birbirlerini arkadan vurmaya u\u011fra\u015fan \u00e7al\u0131\u015fanlar ve b\u00f6yle bir zamanda genel m\u00fcd\u00fcrl\u00fck koltu\u011funa oturan bir y\u00f6netici&#8230; Sizce bu durumdaki bir \u015firketi bir genel m\u00fcd\u00fcr alan\u0131n\u0131n en iyisi yapabilir mi? \u0130yi bir tak\u0131m \u00e7al\u0131\u015fmas\u0131yla evet! Y\u00f6neticiyi Yoldan \u00c7\u0131karan Be\u015f Tutku ve \u00d6l\u00fcmc\u00fcl Toplant\u0131lar kitab\u0131n\u0131n yazar\u0131 Patrick Lencioni\u2019nin tavsiyeleri bu defa ekipler i\u00e7in&#8230; Lencioni, yine s\u00fcr\u00fckleyici bir hik\u00e2yeyle iyi bir ekip olman\u0131n s\u0131rr\u0131n\u0131 be\u015f maddede \u00f6zetliyor. G\u00fc\u00e7l\u00fc bir ekip olurken tehlikeli yanl\u0131\u015flar yapmamak ve problemlerinizle ba\u015fa \u00e7\u0131kabilmeniz i\u00e7in testler, y\u00f6ntemler, \u00e7\u00f6z\u00fcm \u00f6nerileri&#8230; Ekip \u00e7al\u0131\u015fmas\u0131yla ilgilenen herkesin faydalanaca\u011f\u0131 bir kitap&#8230; <\/p>\n","protected":false},"excerpt":{"rendered":"<p>Bireyler toplulu\u011fu deil etkin bir ekip olabilmek i\u00e7in&#8230; K\u0131sa s\u00fcrede itibar\u0131n\u0131 yitiren ve art arda d\u00fc\u015f k\u0131r\u0131kl\u0131klar\u0131 ya\u015fayan bir \u015firket, birbirlerini arkadan vurmaya u\u011fra\u015fan \u00e7al\u0131\u015fanlar ve<span class=\"excerpt-hellip\"> [\u2026]<\/span><\/p>\n","protected":false},"featured_media":0,"template":"","meta":{"_monsterinsights_skip_tracking":false,"_monsterinsights_sitenote_active":false,"_monsterinsights_sitenote_note":"","_monsterinsights_sitenote_category":0},"product_brand":[],"product_cat":[13043,14754],"product_tag":[],"class_list":{"0":"post-691577","1":"product","2":"type-product","3":"status-publish","5":"product_cat-ekonomi","6":"product_cat-halkla-iliskiler-insan-kaynaklari","7":"pa_cilt-ciltsiz","8":"pa_tur-kitap","9":"pa_yayinevi-optimist-yayin-dagitim","10":"pa_yazar-patrick-lencioni","12":"first","13":"instock","14":"sale","15":"shipping-taxable","16":"purchasable","17":"product-type-simple"},"_links":{"self":[{"href":"https:\/\/roveyayinevi.com.tr\/index.php\/wp-json\/wp\/v2\/product\/691577","targetHints":{"allow":["GET"]}}],"collection":[{"href":"https:\/\/roveyayinevi.com.tr\/index.php\/wp-json\/wp\/v2\/product"}],"about":[{"href":"https:\/\/roveyayinevi.com.tr\/index.php\/wp-json\/wp\/v2\/types\/product"}],"wp:attachment":[{"href":"https:\/\/roveyayinevi.com.tr\/index.php\/wp-json\/wp\/v2\/media?parent=691577"}],"wp:term":[{"taxonomy":"product_brand","embeddable":true,"href":"https:\/\/roveyayinevi.com.tr\/index.php\/wp-json\/wp\/v2\/product_brand?post=691577"},{"taxonomy":"product_cat","embeddable":true,"href":"https:\/\/roveyayinevi.com.tr\/index.php\/wp-json\/wp\/v2\/product_cat?post=691577"},{"taxonomy":"product_tag","embeddable":true,"href":"https:\/\/roveyayinevi.com.tr\/index.php\/wp-json\/wp\/v2\/product_tag?post=691577"}],"curies":[{"name":"wp","href":"https:\/\/api.w.org\/{rel}","templated":true}]}}