{"id":691574,"date":"2025-08-27T13:59:17","date_gmt":"2025-08-27T10:59:17","guid":{"rendered":"https:\/\/roveyayinevi.com.tr\/index.php\/urun\/osmanlidan-cumhuriyete-son-bozgun\/"},"modified":"2026-04-16T02:00:54","modified_gmt":"2026-04-15T23:00:54","slug":"osmanlidan-cumhuriyete-son-bozgun","status":"publish","type":"product","link":"https:\/\/roveyayinevi.com.tr\/index.php\/urun\/osmanlidan-cumhuriyete-son-bozgun\/","title":{"rendered":"Osmanl\u0131\u2019dan Cumhuriyet\u2019e Son Bozgun"},"content":{"rendered":"<p>Dedeleri, dil devrimiyle bir gecede cahil b\u0131rak\u0131lan nesiller, \u015fimdi el yordam\u0131yla ge\u00e7mi\u015fin karanl\u0131k ve kara perdelerini aralamaya \u00e7al\u0131\u015f\u0131yorlar. Ac\u0131, tatl\u0131, zaferli, hezimetli, kahramanl\u0131 hainli tarihlerini yeniden anlamaya u\u011fra\u015f\u0131yorlar. Haf\u0131zalar berrakla\u015f\u0131yor, vicdanlar uyan\u0131yor <\/p>\n","protected":false},"excerpt":{"rendered":"<p>Dedeleri, dil devrimiyle bir gecede cahil b\u0131rak\u0131lan nesiller, \u015fimdi el yordam\u0131yla ge\u00e7mi\u015fin karanl\u0131k ve kara perdelerini aralamaya \u00e7al\u0131\u015f\u0131yorlar. Ac\u0131, tatl\u0131, zaferli, hezimetli, kahramanl\u0131 hainli tarihlerini yeniden<span class=\"excerpt-hellip\"> [\u2026]<\/span><\/p>\n","protected":false},"featured_media":0,"template":"","meta":{"_monsterinsights_skip_tracking":false,"_monsterinsights_sitenote_active":false,"_monsterinsights_sitenote_note":"","_monsterinsights_sitenote_category":0},"product_brand":[],"product_cat":[12304,13493],"product_tag":[],"class_list":{"0":"post-691574","1":"product","2":"type-product","3":"status-publish","5":"product_cat-tarih","6":"product_cat-turkiye-ve-cumhuriyet-tarihi","7":"pa_tur-kitap","8":"pa_yayinevi-nesil-yayinlari","9":"pa_yazar-vehbi-vakkasoglu","11":"first","12":"instock","13":"sale","14":"shipping-taxable","15":"purchasable","16":"product-type-simple"},"_links":{"self":[{"href":"https:\/\/roveyayinevi.com.tr\/index.php\/wp-json\/wp\/v2\/product\/691574","targetHints":{"allow":["GET"]}}],"collection":[{"href":"https:\/\/roveyayinevi.com.tr\/index.php\/wp-json\/wp\/v2\/product"}],"about":[{"href":"https:\/\/roveyayinevi.com.tr\/index.php\/wp-json\/wp\/v2\/types\/product"}],"wp:attachment":[{"href":"https:\/\/roveyayinevi.com.tr\/index.php\/wp-json\/wp\/v2\/media?parent=691574"}],"wp:term":[{"taxonomy":"product_brand","embeddable":true,"href":"https:\/\/roveyayinevi.com.tr\/index.php\/wp-json\/wp\/v2\/product_brand?post=691574"},{"taxonomy":"product_cat","embeddable":true,"href":"https:\/\/roveyayinevi.com.tr\/index.php\/wp-json\/wp\/v2\/product_cat?post=691574"},{"taxonomy":"product_tag","embeddable":true,"href":"https:\/\/roveyayinevi.com.tr\/index.php\/wp-json\/wp\/v2\/product_tag?post=691574"}],"curies":[{"name":"wp","href":"https:\/\/api.w.org\/{rel}","templated":true}]}}