{"id":691564,"date":"2025-08-27T13:59:16","date_gmt":"2025-08-27T10:59:16","guid":{"rendered":"https:\/\/roveyayinevi.com.tr\/index.php\/urun\/hiz\/"},"modified":"2026-04-16T02:00:54","modified_gmt":"2026-04-15T23:00:54","slug":"hiz","status":"publish","type":"product","link":"https:\/\/roveyayinevi.com.tr\/index.php\/urun\/hiz\/","title":{"rendered":"H\u0131z"},"content":{"rendered":"<p>D\u00fcnyan\u0131n en \u00e7ok okunan i\u015f roman\u0131 Ama\u00e7\u2019\u0131n yarat\u0131c\u0131lar\u0131ndan.. Yal\u0131n D\u00fc\u015f\u00fcnce, Alt\u0131 Sigma ve K\u0131s\u0131tlar Teorisi tam olarak ne anlama geliyor? Bu teoriler \u00fcretim ortam\u0131nda s\u0131k s\u0131k ya\u015fanan kaosa nas\u0131l d\u00fczen getiriyorlar? Bu ilkelerin g\u00fcc\u00fc somut olarak izlenebilir mi? Ger\u00e7ek i\u015fletmelerden sa\u011flanan sonu\u00e7lar \u0131\u015f\u0131\u011f\u0131nda yaz\u0131lan H\u0131z, \u00fc\u00e7 ana iyile\u015ftirme disiplinini yine bir roman arac\u0131l\u0131\u011f\u0131yla aktar\u0131yor. Karma\u015f\u0131k \u00fcretim sorunlar\u0131n\u0131 basit bir dille masaya yat\u0131ran bu roman sayesinde, imalat\u0131n temel ilkeleri ve bir\u00e7ok sanayi s\u00fcreci hakk\u0131nda ya\u015famsal \u00f6ng\u00f6r\u00fcler kazanacaks\u0131n\u0131z. H\u0131z, i\u015f literat\u00fcr\u00fcnde art\u0131k bir klasik olan Ama\u00e7\u2019\u0131 yazan ekip taraf\u0131ndan kaleme al\u0131nd\u0131. \u0130\u015fletme okullar\u0131n\u0131n ders programlar\u0131na dahil etti\u011fi Ama\u00e7, \u015firketlerin y\u00f6netim kurallar\u0131nda, \u00fcniversitelerde ve fabrikalarda elden ele dola\u015fmaya devam ediyor ve yeni bask\u0131lar\u0131 h\u0131zla t\u00fckeniyor. D\u00fcnyan\u0131n en \u00e7ok okunan bu i\u015f roman\u0131n\u0131 yaratan ekip, elinizdeki bu kitapla \u015fimdi daha kapsaml\u0131 sorulara yan\u0131t veriyor. \u0130malat ortam\u0131n\u0131, i\u015f ve ya\u015fam dengesini, i\u015f arkada\u015flar\u0131 dayan\u0131\u015fmas\u0131n\u0131 ve i\u015f teorilerini ele alan &#8220;H\u0131z&#8221;, edebi s\u00fcr\u00fckleyicili\u011fi kadar, bilim ve e\u011fitimle ilgili bir kitap olarak da uzun y\u0131llar ba\u015fucu kitab\u0131 olmaya aday.<\/p>\n","protected":false},"excerpt":{"rendered":"<p>D\u00fcnyan\u0131n en \u00e7ok okunan i\u015f roman\u0131 Ama\u00e7\u2019\u0131n yarat\u0131c\u0131lar\u0131ndan.. Yal\u0131n D\u00fc\u015f\u00fcnce, Alt\u0131 Sigma ve K\u0131s\u0131tlar Teorisi tam olarak ne anlama geliyor? Bu teoriler \u00fcretim ortam\u0131nda s\u0131k s\u0131k<span class=\"excerpt-hellip\"> [\u2026]<\/span><\/p>\n","protected":false},"featured_media":0,"template":"","meta":{"_monsterinsights_skip_tracking":false,"_monsterinsights_sitenote_active":false,"_monsterinsights_sitenote_note":"","_monsterinsights_sitenote_category":0},"product_brand":[],"product_cat":[13043,17647],"product_tag":[],"class_list":{"0":"post-691564","1":"product","2":"type-product","3":"status-publish","5":"product_cat-ekonomi","6":"product_cat-is-dunyasi","7":"pa_cilt-ciltsiz","8":"pa_tur-kitap","9":"pa_yayinevi-optimist-yayin-dagitim","10":"pa_yazar-optimist-yayin-dagitim-kolektif","12":"first","13":"instock","14":"sale","15":"shipping-taxable","16":"purchasable","17":"product-type-simple"},"_links":{"self":[{"href":"https:\/\/roveyayinevi.com.tr\/index.php\/wp-json\/wp\/v2\/product\/691564","targetHints":{"allow":["GET"]}}],"collection":[{"href":"https:\/\/roveyayinevi.com.tr\/index.php\/wp-json\/wp\/v2\/product"}],"about":[{"href":"https:\/\/roveyayinevi.com.tr\/index.php\/wp-json\/wp\/v2\/types\/product"}],"wp:attachment":[{"href":"https:\/\/roveyayinevi.com.tr\/index.php\/wp-json\/wp\/v2\/media?parent=691564"}],"wp:term":[{"taxonomy":"product_brand","embeddable":true,"href":"https:\/\/roveyayinevi.com.tr\/index.php\/wp-json\/wp\/v2\/product_brand?post=691564"},{"taxonomy":"product_cat","embeddable":true,"href":"https:\/\/roveyayinevi.com.tr\/index.php\/wp-json\/wp\/v2\/product_cat?post=691564"},{"taxonomy":"product_tag","embeddable":true,"href":"https:\/\/roveyayinevi.com.tr\/index.php\/wp-json\/wp\/v2\/product_tag?post=691564"}],"curies":[{"name":"wp","href":"https:\/\/api.w.org\/{rel}","templated":true}]}}