{"id":691563,"date":"2025-08-27T13:59:15","date_gmt":"2025-08-27T10:59:15","guid":{"rendered":"https:\/\/roveyayinevi.com.tr\/index.php\/urun\/kuran-ogreniyorum\/"},"modified":"2026-04-16T02:00:54","modified_gmt":"2026-04-15T23:00:54","slug":"kuran-ogreniyorum","status":"publish","type":"product","link":"https:\/\/roveyayinevi.com.tr\/index.php\/urun\/kuran-ogreniyorum\/","title":{"rendered":"Kur\u2019an \u00d6\u011freniyorum"},"content":{"rendered":"<p>Rabb\u2019imiz, Kur\u2019an okuyanlar\u0131 \u00e7ok sever.Onlar\u0131n kalplerini nurland\u0131r\u0131r.Onlar\u0131 korur kollar, s\u0131k\u0131nt\u0131lar\u0131n\u0131 giderir.Kendisi sevdi\u011fi gibi di\u011fer insanlara da sevdirir.Derslerinde ba\u015far\u0131l\u0131 eder, i\u015flerinde yard\u0131m eder.* * *Peygamber Efendimiz de o insanlar\u0131 \u00e7ok sever.\u00c7\u00fcnk\u00fc Kur\u2019an onun vas\u0131tas\u0131yla bizlere ula\u015fm\u0131\u015ft\u0131r.Melek Cebrail, Kur\u2019an-\u0131 Kerim\u2019i vahiyle Peygamber Efendimiz\u2019e indirmi\u015ftir.O da bize onu \u00f6\u011fretmi\u015ftir.\u201cSizin en hay\u0131rl\u0131n\u0131z, Kur\u2019an\u2019\u0131 \u00f6\u011frenen ve \u00f6\u011fretendir\u201d buyurmu\u015ftur.\u015eu m\u00fcjdeyi de vermi\u015ftir:\u201cKim Kur\u2019an-\u0131 Kerim\u2019i \u00f6\u011frenir, \u00f6\u011fretir ve i\u00e7indekilerle amel ederse ben onu cennete g\u00f6nderirim ve cennet i\u00e7in delili olurum.\u201dBu g\u00fczel m\u00fcjdeye eri\u015fmekten daha g\u00fczel ne olabilir?Biz de birer M\u00fcsl\u00fcman olarak Kur\u2019an-\u0131 Kerim\u2019i \u00f6\u011frenmeliyiz ve okumal\u0131y\u0131z.Onu hayat\u0131m\u0131za rehber edinmeliyiz.* * *Bu kitaptaki dersleri ad\u0131m ad\u0131m takip ederek Kur\u2019an okumay\u0131 \u00f6\u011frenebilirsiniz.Harfleri, harekeleri, kelimeleri kolayl\u0131kla s\u00f6kebilirsiniz.G\u00fczel resimlerine bakarak e\u011flenebilir ve bulmacalar\u0131 \u00e7\u00f6zerek \u00f6\u011frendiklerinizi test edebilirsiniz. <\/p>\n","protected":false},"excerpt":{"rendered":"<p>Rabb\u2019imiz, Kur\u2019an okuyanlar\u0131 \u00e7ok sever.Onlar\u0131n kalplerini nurland\u0131r\u0131r.Onlar\u0131 korur kollar, s\u0131k\u0131nt\u0131lar\u0131n\u0131 giderir.Kendisi sevdi\u011fi gibi di\u011fer insanlara da sevdirir.Derslerinde ba\u015far\u0131l\u0131 eder, i\u015flerinde yard\u0131m eder.* * *Peygamber Efendimiz de<span class=\"excerpt-hellip\"> [\u2026]<\/span><\/p>\n","protected":false},"featured_media":0,"template":"","meta":{"_monsterinsights_skip_tracking":false,"_monsterinsights_sitenote_active":false,"_monsterinsights_sitenote_note":"","_monsterinsights_sitenote_category":0},"product_brand":[],"product_cat":[12274,18802],"product_tag":[],"class_list":{"0":"post-691563","1":"product","2":"type-product","3":"status-publish","5":"product_cat-cocuk-ve-genclik-kitaplari","6":"product_cat-din-egitimi","7":"pa_tur-kitap","8":"pa_yayinevi-nesil-cocuk-yayinlari","9":"pa_yazar-omer-faruk-paksu","11":"first","12":"instock","13":"sale","14":"shipping-taxable","15":"purchasable","16":"product-type-simple"},"_links":{"self":[{"href":"https:\/\/roveyayinevi.com.tr\/index.php\/wp-json\/wp\/v2\/product\/691563","targetHints":{"allow":["GET"]}}],"collection":[{"href":"https:\/\/roveyayinevi.com.tr\/index.php\/wp-json\/wp\/v2\/product"}],"about":[{"href":"https:\/\/roveyayinevi.com.tr\/index.php\/wp-json\/wp\/v2\/types\/product"}],"wp:attachment":[{"href":"https:\/\/roveyayinevi.com.tr\/index.php\/wp-json\/wp\/v2\/media?parent=691563"}],"wp:term":[{"taxonomy":"product_brand","embeddable":true,"href":"https:\/\/roveyayinevi.com.tr\/index.php\/wp-json\/wp\/v2\/product_brand?post=691563"},{"taxonomy":"product_cat","embeddable":true,"href":"https:\/\/roveyayinevi.com.tr\/index.php\/wp-json\/wp\/v2\/product_cat?post=691563"},{"taxonomy":"product_tag","embeddable":true,"href":"https:\/\/roveyayinevi.com.tr\/index.php\/wp-json\/wp\/v2\/product_tag?post=691563"}],"curies":[{"name":"wp","href":"https:\/\/api.w.org\/{rel}","templated":true}]}}