{"id":691560,"date":"2025-08-27T13:59:15","date_gmt":"2025-08-27T10:59:15","guid":{"rendered":"https:\/\/roveyayinevi.com.tr\/index.php\/urun\/karincalar-savasi\/"},"modified":"2026-04-16T02:00:54","modified_gmt":"2026-04-15T23:00:54","slug":"karincalar-savasi","status":"publish","type":"product","link":"https:\/\/roveyayinevi.com.tr\/index.php\/urun\/karincalar-savasi\/","title":{"rendered":"Kar\u0131ncalar Sava\u015f\u0131"},"content":{"rendered":"<p>Alev Kar\u0131nca Kabilesi ile K\u0131z\u0131l Kar\u0131nca Kabilesi y\u0131llarca bar\u0131\u015f i\u00e7inde ya\u015fad\u0131. Ancak herkeste mevcut olan \u00fcst\u00fcn olma h\u0131rs\u0131 bir g\u00fcn bu kabilelerin de aras\u0131n\u0131 a\u00e7t\u0131.K\u0131z\u0131l Kar\u0131ncalar&#8217;\u0131n Kral\u0131 \u00e7ok zalimdi. \u00d6n\u00fcne gelen canl\u0131lar\u0131 ac\u0131madan \u00f6ld\u00fcr\u00fcyordu. Alev Kar\u0131nca Kabilesi kar\u0131ncalar\u0131n\u0131 da sebep yokken \u00f6ld\u00fcrd\u00fc. Art\u0131k bu haks\u0131zl\u0131klara dayanamayan Alev Kar\u0131nca Kabilesi Reisi sava\u015fa haz\u0131rd\u0131.Ortaya \u00e7\u0131kan iktidar sava\u015f\u0131n\u0131 kim kazanacak? Bar\u0131\u015f\u0131 h\u00e2kim k\u0131lmak isteyen kar\u0131ncalar ba\u015far\u0131l\u0131 olacak m\u0131? Kar\u0131ncalar d\u00fcnyas\u0131nda sevgi, bar\u0131\u015f ve dayan\u0131\u015fma yeniden h\u00e2kim olacak m\u0131?\u00c7\u0131kan sava\u015f\u0131 bar\u0131\u015fla sonu\u00e7land\u0131rmak isteyen alev kar\u0131ncalar\u0131n \u00e7etin m\u00fccadelesi bu kitapta&#8230; <\/p>\n","protected":false},"excerpt":{"rendered":"<p>Alev Kar\u0131nca Kabilesi ile K\u0131z\u0131l Kar\u0131nca Kabilesi y\u0131llarca bar\u0131\u015f i\u00e7inde ya\u015fad\u0131. Ancak herkeste mevcut olan \u00fcst\u00fcn olma h\u0131rs\u0131 bir g\u00fcn bu kabilelerin de aras\u0131n\u0131 a\u00e7t\u0131.K\u0131z\u0131l Kar\u0131ncalar&#8217;\u0131n<span class=\"excerpt-hellip\"> [\u2026]<\/span><\/p>\n","protected":false},"featured_media":0,"template":"","meta":{"_monsterinsights_skip_tracking":false,"_monsterinsights_sitenote_active":false,"_monsterinsights_sitenote_note":"","_monsterinsights_sitenote_category":0},"product_brand":[],"product_cat":[12274,18802],"product_tag":[],"class_list":{"0":"post-691560","1":"product","2":"type-product","3":"status-publish","5":"product_cat-cocuk-ve-genclik-kitaplari","6":"product_cat-din-egitimi","7":"pa_cilt-ciltsiz","8":"pa_tur-kitap","9":"pa_yayinevi-nesil-cocuk-yayinlari","10":"pa_yazar-yavuz-bahadiroglu","12":"first","13":"instock","14":"sale","15":"shipping-taxable","16":"purchasable","17":"product-type-simple"},"_links":{"self":[{"href":"https:\/\/roveyayinevi.com.tr\/index.php\/wp-json\/wp\/v2\/product\/691560","targetHints":{"allow":["GET"]}}],"collection":[{"href":"https:\/\/roveyayinevi.com.tr\/index.php\/wp-json\/wp\/v2\/product"}],"about":[{"href":"https:\/\/roveyayinevi.com.tr\/index.php\/wp-json\/wp\/v2\/types\/product"}],"wp:attachment":[{"href":"https:\/\/roveyayinevi.com.tr\/index.php\/wp-json\/wp\/v2\/media?parent=691560"}],"wp:term":[{"taxonomy":"product_brand","embeddable":true,"href":"https:\/\/roveyayinevi.com.tr\/index.php\/wp-json\/wp\/v2\/product_brand?post=691560"},{"taxonomy":"product_cat","embeddable":true,"href":"https:\/\/roveyayinevi.com.tr\/index.php\/wp-json\/wp\/v2\/product_cat?post=691560"},{"taxonomy":"product_tag","embeddable":true,"href":"https:\/\/roveyayinevi.com.tr\/index.php\/wp-json\/wp\/v2\/product_tag?post=691560"}],"curies":[{"name":"wp","href":"https:\/\/api.w.org\/{rel}","templated":true}]}}