{"id":691559,"date":"2025-08-27T13:59:15","date_gmt":"2025-08-27T10:59:15","guid":{"rendered":"https:\/\/roveyayinevi.com.tr\/index.php\/urun\/yerdeniz-serisi-4-tehanu\/"},"modified":"2026-04-16T02:00:54","modified_gmt":"2026-04-15T23:00:54","slug":"yerdeniz-serisi-4-tehanu","status":"publish","type":"product","link":"https:\/\/roveyayinevi.com.tr\/index.php\/urun\/yerdeniz-serisi-4-tehanu\/","title":{"rendered":"Yerdeniz Serisi 4 &#8211; Tehanu"},"content":{"rendered":"<p>Yerdeniz \u00dc\u00e7lemesi\u2019nin son kitab\u0131 En Uzak Sahil, d\u00fc\u015flemeyi b\u0131rakmad\u0131\u011f\u0131m bir d\u00fc\u015f gibiydi. Ve d\u00fc\u015flemekten uzun s\u00fcre vazge\u00e7medim. Tehanu b\u00f6yle ortaya \u00e7\u0131kt\u0131: Ged\u2019in kendi hayat\u0131n\u0131n nas\u0131l sona ermesi gerekti\u011fi konusunda yan\u0131ld\u0131\u011f\u0131n\u0131 ve bana Yerdeniz\u2019in ger\u00e7ekten son kitab\u0131nda k\u0131lavuzluk edecek ki\u015finin Tenar oldu\u011funu ke\u015ffetmek \u00e7ok ho\u015f bir s\u00fcrpriz oldu. \u00dc\u00e7leme\u2019ye ekledi\u011fim bu yeni sona, Olsun da Ge\u00e7 Olsun ad\u0131n\u0131 da koyabilirdim. \ufffcTan\u0131t\u0131m Metni<\/p>\n","protected":false},"excerpt":{"rendered":"<p>Yerdeniz \u00dc\u00e7lemesi\u2019nin son kitab\u0131 En Uzak Sahil, d\u00fc\u015flemeyi b\u0131rakmad\u0131\u011f\u0131m bir d\u00fc\u015f gibiydi. Ve d\u00fc\u015flemekten uzun s\u00fcre vazge\u00e7medim. Tehanu b\u00f6yle ortaya \u00e7\u0131kt\u0131: Ged\u2019in kendi hayat\u0131n\u0131n nas\u0131l sona<span class=\"excerpt-hellip\"> [\u2026]<\/span><\/p>\n","protected":false},"featured_media":0,"template":"","meta":{"_monsterinsights_skip_tracking":false,"_monsterinsights_sitenote_active":false,"_monsterinsights_sitenote_note":"","_monsterinsights_sitenote_category":0},"product_brand":[],"product_cat":[12291,14777],"product_tag":[],"class_list":{"0":"post-691559","1":"product","2":"type-product","3":"status-publish","5":"product_cat-edebiyat","6":"product_cat-fantastik","7":"pa_cilt-ciltsiz","8":"pa_tur-kitap","9":"pa_yayinevi-metis-yayinlari","10":"pa_yazar-ursula-k-le-guin","12":"first","13":"instock","14":"sale","15":"shipping-taxable","16":"purchasable","17":"product-type-simple"},"_links":{"self":[{"href":"https:\/\/roveyayinevi.com.tr\/index.php\/wp-json\/wp\/v2\/product\/691559","targetHints":{"allow":["GET"]}}],"collection":[{"href":"https:\/\/roveyayinevi.com.tr\/index.php\/wp-json\/wp\/v2\/product"}],"about":[{"href":"https:\/\/roveyayinevi.com.tr\/index.php\/wp-json\/wp\/v2\/types\/product"}],"wp:attachment":[{"href":"https:\/\/roveyayinevi.com.tr\/index.php\/wp-json\/wp\/v2\/media?parent=691559"}],"wp:term":[{"taxonomy":"product_brand","embeddable":true,"href":"https:\/\/roveyayinevi.com.tr\/index.php\/wp-json\/wp\/v2\/product_brand?post=691559"},{"taxonomy":"product_cat","embeddable":true,"href":"https:\/\/roveyayinevi.com.tr\/index.php\/wp-json\/wp\/v2\/product_cat?post=691559"},{"taxonomy":"product_tag","embeddable":true,"href":"https:\/\/roveyayinevi.com.tr\/index.php\/wp-json\/wp\/v2\/product_tag?post=691559"}],"curies":[{"name":"wp","href":"https:\/\/api.w.org\/{rel}","templated":true}]}}