{"id":691558,"date":"2025-08-27T13:59:14","date_gmt":"2025-08-27T10:59:14","guid":{"rendered":"https:\/\/roveyayinevi.com.tr\/index.php\/urun\/tarihin-bilincdisi\/"},"modified":"2026-04-16T02:00:54","modified_gmt":"2026-04-15T23:00:54","slug":"tarihin-bilincdisi","status":"publish","type":"product","link":"https:\/\/roveyayinevi.com.tr\/index.php\/urun\/tarihin-bilincdisi\/","title":{"rendered":"Tarihin Bilin\u00e7d\u0131\u015f\u0131"},"content":{"rendered":"<p>Bir \u00e7a\u011f\u0131n hakim fikirleri, o \u00e7a\u011f\u0131n hakim s\u0131n\u0131f\u0131n\u0131n fikirleridir , amenna. Peki ama o \u00e7a\u011f\u0131n ezilen s\u0131n\u0131flar\u0131n\u0131n fikirleri, duygular\u0131 nereye gitmi\u015ftir bu denklemde? Tabii ki bast\u0131r\u0131lm\u0131\u015f, o \u00e7a\u011f\u0131n bilin\u00e7d\u0131\u015f\u0131na itilmi\u015ftir. O y\u00fczden de bu  bast\u0131r\u0131lm\u0131\u015f olan\u0131n geri d\u00f6n\u00fc\u015f\u00fcn\u00fc  anlamland\u0131rabilmek i\u00e7in, psikanalizin y\u00f6ntemine, bilin\u00e7d\u0131\u015f\u0131na bilin\u00e7li davran\u0131\u015flar\u0131 etkileyen, y\u00f6nlendiren ve zaman zaman da belirleyen potansiyelini kavrama tekniklerine ihtiyac\u0131m\u0131z var. Devrim daima  bast\u0131r\u0131lm\u0131\u015f olan\u0131n geri d\u00f6n\u00fc\u015f\u00fc  olarak anlamland\u0131r\u0131labilir. Tam da bu y\u00fczden daima tekinsiz bir \u00e7ekirde\u011fe sahiptir ve ak\u0131l yoluyla tam olarak kavranmas\u0131 m\u00fcmk\u00fcn de\u011fildir. Devrim hi\u00e7bir zaman simgesel d\u00fczenin yerini kibarca ba\u015fka bir simgesel d\u00fczene b\u0131rakmas\u0131 olarak g\u00f6r\u00fclemez; tersine arada ge\u00e7ilmesi gereken bir  Ger\u00e7ek  a\u015famas\u0131 vard\u0131r ki, bu a\u015fama tekinsiz bir deh\u015fetle, tekinsiz bir keyifle i\u00e7 i\u00e7edir. E\u011fer \u00e7a\u011f\u0131m\u0131z kapitalizmin yeni ve bu kez kolay kolay evcille\u015ftirilemeyecek bir krizine gebeyse, bu  Ger\u00e7ek  a\u015famas\u0131ndan ge\u00e7memiz de ka\u00e7\u0131n\u0131lmaz g\u00f6r\u00fcn\u00fcyor. &#8211; B\u00fclent Somay- <\/p>\n","protected":false},"excerpt":{"rendered":"<p>Bir \u00e7a\u011f\u0131n hakim fikirleri, o \u00e7a\u011f\u0131n hakim s\u0131n\u0131f\u0131n\u0131n fikirleridir , amenna. Peki ama o \u00e7a\u011f\u0131n ezilen s\u0131n\u0131flar\u0131n\u0131n fikirleri, duygular\u0131 nereye gitmi\u015ftir bu denklemde? Tabii ki bast\u0131r\u0131lm\u0131\u015f,<span class=\"excerpt-hellip\"> [\u2026]<\/span><\/p>\n","protected":false},"featured_media":0,"template":"","meta":{"_monsterinsights_skip_tracking":false,"_monsterinsights_sitenote_active":false,"_monsterinsights_sitenote_note":"","_monsterinsights_sitenote_category":0},"product_brand":[],"product_cat":[12304,13493],"product_tag":[],"class_list":{"0":"post-691558","1":"product","2":"type-product","3":"status-publish","5":"product_cat-tarih","6":"product_cat-turkiye-ve-cumhuriyet-tarihi","7":"pa_cilt-ciltsiz","8":"pa_tur-kitap","9":"pa_yayinevi-metis-yayinlari","10":"pa_yazar-bulent-somay","12":"first","13":"instock","14":"sale","15":"shipping-taxable","16":"purchasable","17":"product-type-simple"},"_links":{"self":[{"href":"https:\/\/roveyayinevi.com.tr\/index.php\/wp-json\/wp\/v2\/product\/691558","targetHints":{"allow":["GET"]}}],"collection":[{"href":"https:\/\/roveyayinevi.com.tr\/index.php\/wp-json\/wp\/v2\/product"}],"about":[{"href":"https:\/\/roveyayinevi.com.tr\/index.php\/wp-json\/wp\/v2\/types\/product"}],"wp:attachment":[{"href":"https:\/\/roveyayinevi.com.tr\/index.php\/wp-json\/wp\/v2\/media?parent=691558"}],"wp:term":[{"taxonomy":"product_brand","embeddable":true,"href":"https:\/\/roveyayinevi.com.tr\/index.php\/wp-json\/wp\/v2\/product_brand?post=691558"},{"taxonomy":"product_cat","embeddable":true,"href":"https:\/\/roveyayinevi.com.tr\/index.php\/wp-json\/wp\/v2\/product_cat?post=691558"},{"taxonomy":"product_tag","embeddable":true,"href":"https:\/\/roveyayinevi.com.tr\/index.php\/wp-json\/wp\/v2\/product_tag?post=691558"}],"curies":[{"name":"wp","href":"https:\/\/api.w.org\/{rel}","templated":true}]}}