{"id":691556,"date":"2025-08-27T13:59:14","date_gmt":"2025-08-27T10:59:14","guid":{"rendered":"https:\/\/roveyayinevi.com.tr\/index.php\/urun\/sizoid-gorungu-nesne-iliskileri-ve-kendilik-otekini-dinlemek-dizisi-13-schizoid-phenomenaobject-relations-and-the-self\/"},"modified":"2026-04-16T02:00:54","modified_gmt":"2026-04-15T23:00:54","slug":"sizoid-gorungu-nesne-iliskileri-ve-kendilik-otekini-dinlemek-dizisi-13-schizoid-phenomenaobject-relations-and-the-self","status":"publish","type":"product","link":"https:\/\/roveyayinevi.com.tr\/index.php\/urun\/sizoid-gorungu-nesne-iliskileri-ve-kendilik-otekini-dinlemek-dizisi-13-schizoid-phenomenaobject-relations-and-the-self\/","title":{"rendered":"\u015eizoid G\u00f6r\u00fcng\u00fc Nesne \u0130li\u015fkileri ve Kendilik  &#8211; \u00d6tekini Dinlemek Dizisi 13 (Schizoid Phenomena,Object Relations and the Self)"},"content":{"rendered":"<p>Sadece psikanaliz de\u011fil, genel olarak psikiyatri \u00e7er\u00e7evesinde de \u015fizoidi konusunda yap\u0131lm\u0131\u015f en de\u011ferli incelemelerden biridir \u015eizoid G\u00f6r\u00fcng\u00fc. \u015eizoid insan\u0131n -insan\u0131n \u015fizoid y\u00f6n\u00fcn\u00fcn de diyebiliriz- so\u011fuk, uzak, ili\u015fkisiz ve kendi i\u00e7ine kapal\u0131ym\u0131\u015f gibi duran d\u00fcnyas\u0131 i\u00e7inde nas\u0131l bir ili\u015fki a\u00e7l\u0131\u011f\u0131 ve ili\u015fki korkusu bar\u0131nd\u0131rd\u0131\u011f\u0131n\u0131 ortaya \u00e7\u0131kar\u0131rken, insan\u0131n temel g\u00fcd\u00fclenmesi hakk\u0131nda da \u00f6nemli bir katk\u0131 sa\u011fl\u0131yor. \ufffcTan\u0131t\u0131m Metni<\/p>\n","protected":false},"excerpt":{"rendered":"<p>Sadece psikanaliz de\u011fil, genel olarak psikiyatri \u00e7er\u00e7evesinde de \u015fizoidi konusunda yap\u0131lm\u0131\u015f en de\u011ferli incelemelerden biridir \u015eizoid G\u00f6r\u00fcng\u00fc. \u015eizoid insan\u0131n -insan\u0131n \u015fizoid y\u00f6n\u00fcn\u00fcn de diyebiliriz- so\u011fuk, uzak,<span class=\"excerpt-hellip\"> [\u2026]<\/span><\/p>\n","protected":false},"featured_media":0,"template":"","meta":{"_monsterinsights_skip_tracking":false,"_monsterinsights_sitenote_active":false,"_monsterinsights_sitenote_note":"","_monsterinsights_sitenote_category":0},"product_brand":[],"product_cat":[12312,12304],"product_tag":[],"class_list":{"0":"post-691556","1":"product","2":"type-product","3":"status-publish","5":"product_cat-diger","6":"product_cat-tarih","7":"pa_cilt-ciltsiz","8":"pa_tur-kitap","9":"pa_yayinevi-metis-yayinlari","10":"pa_yazar-harry-guntrip","12":"first","13":"instock","14":"sale","15":"shipping-taxable","16":"purchasable","17":"product-type-simple"},"_links":{"self":[{"href":"https:\/\/roveyayinevi.com.tr\/index.php\/wp-json\/wp\/v2\/product\/691556","targetHints":{"allow":["GET"]}}],"collection":[{"href":"https:\/\/roveyayinevi.com.tr\/index.php\/wp-json\/wp\/v2\/product"}],"about":[{"href":"https:\/\/roveyayinevi.com.tr\/index.php\/wp-json\/wp\/v2\/types\/product"}],"wp:attachment":[{"href":"https:\/\/roveyayinevi.com.tr\/index.php\/wp-json\/wp\/v2\/media?parent=691556"}],"wp:term":[{"taxonomy":"product_brand","embeddable":true,"href":"https:\/\/roveyayinevi.com.tr\/index.php\/wp-json\/wp\/v2\/product_brand?post=691556"},{"taxonomy":"product_cat","embeddable":true,"href":"https:\/\/roveyayinevi.com.tr\/index.php\/wp-json\/wp\/v2\/product_cat?post=691556"},{"taxonomy":"product_tag","embeddable":true,"href":"https:\/\/roveyayinevi.com.tr\/index.php\/wp-json\/wp\/v2\/product_tag?post=691556"}],"curies":[{"name":"wp","href":"https:\/\/api.w.org\/{rel}","templated":true}]}}