{"id":691550,"date":"2025-08-27T13:59:13","date_gmt":"2025-08-27T10:59:13","guid":{"rendered":"https:\/\/roveyayinevi.com.tr\/index.php\/urun\/temize-havale\/"},"modified":"2026-02-03T02:02:38","modified_gmt":"2026-02-02T23:02:38","slug":"temize-havale","status":"publish","type":"product","link":"https:\/\/roveyayinevi.com.tr\/index.php\/urun\/temize-havale\/","title":{"rendered":"Temize Havale"},"content":{"rendered":"<p>Zorla g\u00fczellik olur mu? Peki zorla sa\u011fl\u0131k, temizlik, her t\u00fcrl\u00fc mikroptan ve tesad\u00fcften ar\u0131nd\u0131r\u0131lm\u0131\u015f steril bir ya\u015fam m\u00fcmk\u00fcn m\u00fc? Alman edebiyat\u0131n\u0131n huzursuz ruhu Zeh bir kez daha mikropluk yap\u0131yor: Sadece Almanya\u2019n\u0131n de\u011fil, topyek\u00fbn Bat\u0131\u2019n\u0131n verdi\u011fi g\u0131c\u0131r g\u0131c\u0131r pozlar\u0131n alt\u0131ndaki kal\u0131n tozu kald\u0131rmaya, &#8220;de\u011ferleri&#8221;ni de\u011fersizle\u015ftirmeye devam ediyor. Zeh, \u00e7ok fazla a\u015fk ve \u00e7ok fazla anlay\u0131\u015f aras\u0131na s\u0131k\u0131\u015f\u0131p kalm\u0131\u015f Mia Holl gibi unutulmaz bir karakter arac\u0131l\u0131\u011f\u0131yla, beden deyince sular\u0131n durdu\u011fu, bedenlerin sistemce sahiplenilip denetlendi\u011fi, sa\u011fl\u0131k ve selametlerine ait tasarruflar\u0131n ibadete vard\u0131\u011f\u0131, ruhlar\u0131 s\u0131k\u0131nt\u0131dan patlatan, pek yak\u0131n\u0131m\u0131zdaki &#8220;tertemiz&#8221; ve bask\u0131c\u0131 bir sistemden trajikomik haberler veriyor. \u0130rade ve vicdandan yoksun bir sistem bu: Bize ayn\u0131 zamanda adaletin bir zanaat oldu\u011funu, baz\u0131 tezg\u00e2hlarda el maharetiyle her seferinde tekrar dokundu\u011funu, uyum g\u00f6stermeyenlerin temize havale edildi\u011fini hat\u0131rlatan bir sistem. \ufffcTan\u0131t\u0131m Metni<\/p>\n","protected":false},"excerpt":{"rendered":"<p>Zorla g\u00fczellik olur mu? Peki zorla sa\u011fl\u0131k, temizlik, her t\u00fcrl\u00fc mikroptan ve tesad\u00fcften ar\u0131nd\u0131r\u0131lm\u0131\u015f steril bir ya\u015fam m\u00fcmk\u00fcn m\u00fc? Alman edebiyat\u0131n\u0131n huzursuz ruhu Zeh bir kez<span class=\"excerpt-hellip\"> [\u2026]<\/span><\/p>\n","protected":false},"featured_media":0,"template":"","meta":{"_monsterinsights_skip_tracking":false,"_monsterinsights_sitenote_active":false,"_monsterinsights_sitenote_note":"","_monsterinsights_sitenote_category":0},"product_brand":[],"product_cat":[12782,12291],"product_tag":[],"class_list":{"0":"post-691550","1":"product","2":"type-product","3":"status-publish","5":"product_cat-alman-edebiyati","6":"product_cat-edebiyat","7":"pa_cilt-ciltsiz","8":"pa_tur-kitap","9":"pa_yayinevi-metis-yayinlari","10":"pa_yazar-juli-zeh","12":"first","13":"instock","14":"sale","15":"shipping-taxable","16":"purchasable","17":"product-type-simple"},"_links":{"self":[{"href":"https:\/\/roveyayinevi.com.tr\/index.php\/wp-json\/wp\/v2\/product\/691550","targetHints":{"allow":["GET"]}}],"collection":[{"href":"https:\/\/roveyayinevi.com.tr\/index.php\/wp-json\/wp\/v2\/product"}],"about":[{"href":"https:\/\/roveyayinevi.com.tr\/index.php\/wp-json\/wp\/v2\/types\/product"}],"wp:attachment":[{"href":"https:\/\/roveyayinevi.com.tr\/index.php\/wp-json\/wp\/v2\/media?parent=691550"}],"wp:term":[{"taxonomy":"product_brand","embeddable":true,"href":"https:\/\/roveyayinevi.com.tr\/index.php\/wp-json\/wp\/v2\/product_brand?post=691550"},{"taxonomy":"product_cat","embeddable":true,"href":"https:\/\/roveyayinevi.com.tr\/index.php\/wp-json\/wp\/v2\/product_cat?post=691550"},{"taxonomy":"product_tag","embeddable":true,"href":"https:\/\/roveyayinevi.com.tr\/index.php\/wp-json\/wp\/v2\/product_tag?post=691550"}],"curies":[{"name":"wp","href":"https:\/\/api.w.org\/{rel}","templated":true}]}}