{"id":691549,"date":"2025-08-27T13:59:13","date_gmt":"2025-08-27T10:59:13","guid":{"rendered":"https:\/\/roveyayinevi.com.tr\/index.php\/urun\/sonsuz-dusunce\/"},"modified":"2025-12-30T09:38:57","modified_gmt":"2025-12-30T06:38:57","slug":"sonsuz-dusunce","status":"publish","type":"product","link":"https:\/\/roveyayinevi.com.tr\/index.php\/urun\/sonsuz-dusunce\/","title":{"rendered":"Sonsuz D\u00fc\u015f\u00fcnce"},"content":{"rendered":"<p>G\u00fcn\u00fcm\u00fcz ko\u015fullar\u0131nda felsefeden ne bekleyebiliriz? Arzu, hakikat, siyaset, psikanaliz, \u015fiir, sinema, a\u015fk gibi genel, Ter\u00f6rizme Kar\u015f\u0131 Sava\u015f ve Kom\u00fcnizmin \u00d6lm\u00fc gibi g\u00fcncel kavram ve temalar\u0131 ele alan bu yaz\u0131larda cevap aranan temel soru bu. Kitab\u0131n plan\u0131 daha ilk yaz\u0131yla birlikte a\u00e7\u0131\u011fa \u00e7\u0131k\u0131yor. Badiou felsefenin, her biri g\u00fcn\u00fcm\u00fcz d\u00fcnyas\u0131ndan gelen g\u00fc\u00e7l\u00fc sald\u0131r\u0131lara maruz kalan d\u00f6rt boyutu oldu\u011funu s\u00f6yl\u00fcyor: Felsefe, diyor, temelde bir isyan boyutunu i\u00e7erir: D\u00fc\u015f\u00fcnme d\u00fcnyan\u0131n mevcut haliyle y\u00fcz y\u00fcze geldi\u011finde bir ho\u015fnutsuzlu\u011fa kap\u0131lm\u0131yorsa felsefe de olmaz. Ama felsefenin arzusu evrenselli\u011fi de beraberinde getirir: Felsefe d\u00fc\u015f\u00fcnen varl\u0131klar olarak b\u00fct\u00fcn insanlara hitap eder. Son olarak, felsefe risk al\u0131r: D\u00fc\u015f\u00fcnme ba\u011f\u0131ms\u0131z bak\u0131\u015f a\u00e7\u0131lar\u0131n\u0131 destekleyen bir karard\u0131r daima. G\u00fcn\u00fcm\u00fcz\u00fcn ba\u015fta felsefi y\u00f6nelimleri, yorumbilgisel, analitik ve postmodern felsefeler, hakikatin yerine anlam\u0131 ikame ettikleri ve kendilerini dil oyunlar\u0131 \u00e7oklu\u011funu tasvir etmekle k\u0131s\u0131tlad\u0131klar\u0131 i\u00e7in felsefeyi felsefe yapan bu d\u00f6rt boyuta y\u00f6nelik sald\u0131r\u0131lara kar\u015f\u0131l\u0131k vermekten acizler. Badiou bu y\u00fczden yeni bir felsefe \u00fcslubu olu\u015fturmaya ihtiya\u00e7 duyuldu\u011funu d\u00fc\u015f\u00fcn\u00fcyor. Sonsuz D\u00fc\u015f\u00fcnce, i\u015fte b\u00f6yle bir felsefi \u00fcslubu \u015fiirden siyasete, sinemadan psikanalize uzanan geni\u015f bir alanda ne kadar ufuk a\u00e7\u0131c\u0131 olabilece\u011fini g\u00f6steriyor. Birbirini g\u00f6steren aynalar misali \u00e7o\u011falan genelge\u00e7er kanaatlerin d\u00fc\u015f\u00fcnme zannedildi\u011fi bir ortamda, Badiou bizi tekrar d\u00fc\u015f\u00fcnmenin g\u00fcc\u00fcne ikna etmeyi ba\u015far\u0131yor. \ufffcTan\u0131t\u0131m Metni<\/p>\n","protected":false},"excerpt":{"rendered":"<p>G\u00fcn\u00fcm\u00fcz ko\u015fullar\u0131nda felsefeden ne bekleyebiliriz? Arzu, hakikat, siyaset, psikanaliz, \u015fiir, sinema, a\u015fk gibi genel, Ter\u00f6rizme Kar\u015f\u0131 Sava\u015f ve Kom\u00fcnizmin \u00d6lm\u00fc gibi g\u00fcncel kavram ve temalar\u0131 ele<span class=\"excerpt-hellip\"> [\u2026]<\/span><\/p>\n","protected":false},"featured_media":0,"template":"","meta":{"_monsterinsights_skip_tracking":false,"_monsterinsights_sitenote_active":false,"_monsterinsights_sitenote_note":"","_monsterinsights_sitenote_category":0},"product_brand":[],"product_cat":[12364],"product_tag":[],"class_list":{"0":"post-691549","1":"product","2":"type-product","3":"status-publish","5":"product_cat-genel-konular","6":"pa_cilt-ciltsiz","7":"pa_tur-kitap","8":"pa_yayinevi-metis-yayinlari","9":"pa_yazar-alain-badiou","11":"first","12":"instock","13":"sale","14":"shipping-taxable","15":"purchasable","16":"product-type-simple"},"_links":{"self":[{"href":"https:\/\/roveyayinevi.com.tr\/index.php\/wp-json\/wp\/v2\/product\/691549","targetHints":{"allow":["GET"]}}],"collection":[{"href":"https:\/\/roveyayinevi.com.tr\/index.php\/wp-json\/wp\/v2\/product"}],"about":[{"href":"https:\/\/roveyayinevi.com.tr\/index.php\/wp-json\/wp\/v2\/types\/product"}],"wp:attachment":[{"href":"https:\/\/roveyayinevi.com.tr\/index.php\/wp-json\/wp\/v2\/media?parent=691549"}],"wp:term":[{"taxonomy":"product_brand","embeddable":true,"href":"https:\/\/roveyayinevi.com.tr\/index.php\/wp-json\/wp\/v2\/product_brand?post=691549"},{"taxonomy":"product_cat","embeddable":true,"href":"https:\/\/roveyayinevi.com.tr\/index.php\/wp-json\/wp\/v2\/product_cat?post=691549"},{"taxonomy":"product_tag","embeddable":true,"href":"https:\/\/roveyayinevi.com.tr\/index.php\/wp-json\/wp\/v2\/product_tag?post=691549"}],"curies":[{"name":"wp","href":"https:\/\/api.w.org\/{rel}","templated":true}]}}