{"id":691546,"date":"2025-08-27T13:59:12","date_gmt":"2025-08-27T10:59:12","guid":{"rendered":"https:\/\/roveyayinevi.com.tr\/index.php\/urun\/seyyar\/"},"modified":"2026-04-16T02:00:53","modified_gmt":"2026-04-15T23:00:53","slug":"seyyar","status":"publish","type":"product","link":"https:\/\/roveyayinevi.com.tr\/index.php\/urun\/seyyar\/","title":{"rendered":"Seyyar"},"content":{"rendered":"<p>Psikoterapist, \u00f6\u011fretim \u00fcyesi, mesleki ve kurgu kitaplar\u0131n yazar\u0131, radyo programc\u0131s\u0131, hatta DJ&#8230; \u00c7e\u015fitli kimlikleriyle \u00fclkemizin k\u00fclt\u00fcr hayat\u0131na \u00f6nemli katk\u0131larda bulunan Engin Ge\u00e7tan ile yap\u0131lm\u0131\u015f bir s\u00f6yle\u015filer kitab\u0131 Seyyar. \u00c7ocukluk y\u0131llar\u0131ndan izlenimleri, meslek se\u00e7imi, \u015fehirleri, profesyonel ya\u015fam\u0131, mesleki ve d\u00fc\u015f\u00fcnce kitaplar\u0131, ilgi alanlar\u0131, edebi kurgular\u0131, d\u00fcnyaya bak\u0131\u015f\u0131, hayat hakk\u0131ndaki g\u00f6r\u00fc\u015fleri&#8230; Tek bir yorumla, tek bir adland\u0131rmayla a\u00e7\u0131klanamayacak bir hayat\u0131n, s\u00fcrmekte olan bir de\u011fi\u015fimin s\u00f6zle yakalanmaya \u00e7al\u0131\u015f\u0131lm\u0131\u015f izlerini bulacaks\u0131n\u0131z bu kitapta. Hem bir yak\u0131n tarih de\u011ferlendirmesi, hem de okurun \u00e7\u0131kaca\u011f\u0131 yolculuklarda bir ba\u015flang\u0131\u00e7 noktas\u0131 olaca\u011f\u0131 umuduyla yay\u0131ml\u0131yoruz Seyyar\u2019\u0131&#8230; \ufffcTan\u0131t\u0131m Metni<\/p>\n","protected":false},"excerpt":{"rendered":"<p>Psikoterapist, \u00f6\u011fretim \u00fcyesi, mesleki ve kurgu kitaplar\u0131n yazar\u0131, radyo programc\u0131s\u0131, hatta DJ&#8230; \u00c7e\u015fitli kimlikleriyle \u00fclkemizin k\u00fclt\u00fcr hayat\u0131na \u00f6nemli katk\u0131larda bulunan Engin Ge\u00e7tan ile yap\u0131lm\u0131\u015f bir s\u00f6yle\u015filer<span class=\"excerpt-hellip\"> [\u2026]<\/span><\/p>\n","protected":false},"featured_media":0,"template":"","meta":{"_monsterinsights_skip_tracking":false,"_monsterinsights_sitenote_active":false,"_monsterinsights_sitenote_note":"","_monsterinsights_sitenote_category":0},"product_brand":[],"product_cat":[12364,12826],"product_tag":[],"class_list":{"0":"post-691546","1":"product","2":"type-product","3":"status-publish","5":"product_cat-genel-konular","6":"product_cat-soylesi","7":"pa_cilt-ciltsiz","8":"pa_tur-kitap","9":"pa_yayinevi-metis-yayinlari","10":"pa_yazar-engin-gectan","12":"first","13":"instock","14":"sale","15":"shipping-taxable","16":"purchasable","17":"product-type-simple"},"_links":{"self":[{"href":"https:\/\/roveyayinevi.com.tr\/index.php\/wp-json\/wp\/v2\/product\/691546","targetHints":{"allow":["GET"]}}],"collection":[{"href":"https:\/\/roveyayinevi.com.tr\/index.php\/wp-json\/wp\/v2\/product"}],"about":[{"href":"https:\/\/roveyayinevi.com.tr\/index.php\/wp-json\/wp\/v2\/types\/product"}],"wp:attachment":[{"href":"https:\/\/roveyayinevi.com.tr\/index.php\/wp-json\/wp\/v2\/media?parent=691546"}],"wp:term":[{"taxonomy":"product_brand","embeddable":true,"href":"https:\/\/roveyayinevi.com.tr\/index.php\/wp-json\/wp\/v2\/product_brand?post=691546"},{"taxonomy":"product_cat","embeddable":true,"href":"https:\/\/roveyayinevi.com.tr\/index.php\/wp-json\/wp\/v2\/product_cat?post=691546"},{"taxonomy":"product_tag","embeddable":true,"href":"https:\/\/roveyayinevi.com.tr\/index.php\/wp-json\/wp\/v2\/product_tag?post=691546"}],"curies":[{"name":"wp","href":"https:\/\/api.w.org\/{rel}","templated":true}]}}