{"id":691539,"date":"2025-08-27T13:59:11","date_gmt":"2025-08-27T10:59:11","guid":{"rendered":"https:\/\/roveyayinevi.com.tr\/index.php\/urun\/osmanli-insani\/"},"modified":"2026-04-16T02:00:53","modified_gmt":"2026-04-15T23:00:53","slug":"osmanli-insani","status":"publish","type":"product","link":"https:\/\/roveyayinevi.com.tr\/index.php\/urun\/osmanli-insani\/","title":{"rendered":"Osmanl\u0131 \u0130nsan\u0131"},"content":{"rendered":"<p>Osmanl\u0131 geldi ge\u00e7ti mi, yoksa hala ya\u015f\u0131yor mu? Osmanl\u0131 bu g\u00fcnlere neler b\u0131rakt\u0131? Osmanl\u0131 hangi taraflar\u0131yla ya\u015f\u0131yor ve ya\u015famal\u0131? Osmanl\u0131 insan\u0131n\u0131 ve ahlak\u0131n\u0131 bu yap\u0131s\u0131yla 623 y\u0131l ayakta tutan s\u0131rlar nelerdir. Osmanl\u0131\u2019y\u0131 sevmeyenler, hatta d\u00fc\u015fman olanlar bile onun hangi taraflar\u0131n\u0131n takdir ediyorlard\u0131. Evet, Osmanl\u0131\u2019y\u0131 anlamak i\u00e7in onu meydana getiren insanlar\u0131 tan\u0131mak gerekir. Zaten Osmanl\u0131\u2019n\u0131n en b\u00fcy\u00fck \u015fans\u0131zl\u0131\u011f\u0131, torunlar\u0131 taraf\u0131ndan anla\u015f\u0131lmamas\u0131d\u0131r. Bu eser, Osmanl\u0131ya 700. y\u0131l ya\u015f g\u00fcn\u00fc dolay\u0131s\u0131yla sunulan bir g\u00f6n\u00fcld\u00fcr. Bu g\u00f6n\u00fcl Osmanl\u0131\u2019dan af diliyor, \u00f6z\u00fcr diliyor ve helallik istiyor. \ufffcTan\u0131t\u0131m Metni<\/p>\n","protected":false},"excerpt":{"rendered":"<p>Osmanl\u0131 geldi ge\u00e7ti mi, yoksa hala ya\u015f\u0131yor mu? Osmanl\u0131 bu g\u00fcnlere neler b\u0131rakt\u0131? Osmanl\u0131 hangi taraflar\u0131yla ya\u015f\u0131yor ve ya\u015famal\u0131? Osmanl\u0131 insan\u0131n\u0131 ve ahlak\u0131n\u0131 bu yap\u0131s\u0131yla 623<span class=\"excerpt-hellip\"> [\u2026]<\/span><\/p>\n","protected":false},"featured_media":0,"template":"","meta":{"_monsterinsights_skip_tracking":false,"_monsterinsights_sitenote_active":false,"_monsterinsights_sitenote_note":"","_monsterinsights_sitenote_category":0},"product_brand":[],"product_cat":[13517,12304],"product_tag":[],"class_list":{"0":"post-691539","1":"product","2":"type-product","3":"status-publish","5":"product_cat-osmanli-tarihi","6":"product_cat-tarih","7":"pa_cilt-ciltsiz","8":"pa_tur-kitap","9":"pa_yayinevi-nesil-yayinlari","10":"pa_yazar-vehbi-vakkasoglu","12":"first","13":"instock","14":"sale","15":"shipping-taxable","16":"purchasable","17":"product-type-simple"},"_links":{"self":[{"href":"https:\/\/roveyayinevi.com.tr\/index.php\/wp-json\/wp\/v2\/product\/691539","targetHints":{"allow":["GET"]}}],"collection":[{"href":"https:\/\/roveyayinevi.com.tr\/index.php\/wp-json\/wp\/v2\/product"}],"about":[{"href":"https:\/\/roveyayinevi.com.tr\/index.php\/wp-json\/wp\/v2\/types\/product"}],"wp:attachment":[{"href":"https:\/\/roveyayinevi.com.tr\/index.php\/wp-json\/wp\/v2\/media?parent=691539"}],"wp:term":[{"taxonomy":"product_brand","embeddable":true,"href":"https:\/\/roveyayinevi.com.tr\/index.php\/wp-json\/wp\/v2\/product_brand?post=691539"},{"taxonomy":"product_cat","embeddable":true,"href":"https:\/\/roveyayinevi.com.tr\/index.php\/wp-json\/wp\/v2\/product_cat?post=691539"},{"taxonomy":"product_tag","embeddable":true,"href":"https:\/\/roveyayinevi.com.tr\/index.php\/wp-json\/wp\/v2\/product_tag?post=691539"}],"curies":[{"name":"wp","href":"https:\/\/api.w.org\/{rel}","templated":true}]}}