{"id":691535,"date":"2025-08-27T13:59:10","date_gmt":"2025-08-27T10:59:10","guid":{"rendered":"https:\/\/roveyayinevi.com.tr\/index.php\/urun\/yeryuzu-ile-konusma-sanati\/"},"modified":"2026-04-16T02:00:53","modified_gmt":"2026-04-15T23:00:53","slug":"yeryuzu-ile-konusma-sanati","status":"publish","type":"product","link":"https:\/\/roveyayinevi.com.tr\/index.php\/urun\/yeryuzu-ile-konusma-sanati\/","title":{"rendered":"Yery\u00fcz\u00fc ile Konu\u015fma Sanat\u0131"},"content":{"rendered":"<p>Birlikte yeterince zaman ge\u00e7irirseniz, onunla yolda\u015fl\u0131k ili\u015fkisi kurarsan\u0131z bir bitki sizinle konu\u015fur mu? \u015eark\u0131lar ve dualar \u00f6\u011fretir mi? \u015eifas\u0131n\u0131 anlat\u0131r m\u0131? Peki ya yery\u00fcz\u00fc, ac\u0131s\u0131n\u0131 payla\u015f\u0131r m\u0131 sizinle?   Ger\u00e7e\u011fin sal\u0131narak y\u00fczd\u00fc\u011f\u00fc kutsal nehrin sular\u0131nda bir yolculu\u011fa haz\u0131rsan\u0131z, kendinizi nehrin ak\u0131\u015f\u0131na b\u0131rak\u0131n ve okuyacaklar\u0131n\u0131z\u0131n sizi g\u00f6t\u00fcrece\u011fi yola g\u00fcvenin. Bu geziyi kalbinizle yapacaks\u0131n\u0131z; o, yolu biliyor, rahat olun\u2026 Ta\u015flar\u0131 ve ku\u015flar\u0131, a\u011fa\u00e7lar\u0131 ve y\u00f6nleri, hastal\u0131klar\u0131 ve \u00f6l\u00fcm\u00fc, varolu\u015fu ve dengeyi i\u00e7eren Yery\u00fcz\u00fc ile Konu\u015fma Sanat\u0131: Kutsal Bilgilerle \u015eifac\u0131 Olmak, size bir b\u00fct\u00fcn\u00fcn par\u00e7as\u0131 oldu\u011funuzu hat\u0131rlatacak. Kendiniz i\u00e7in, ya\u015fad\u0131\u011f\u0131n\u0131z topraklar\u0131n bereketi i\u00e7in, en \u00f6nemlisi de d\u00fcnya i\u00e7in kendini usulca toplay\u0131c\u0131s\u0131n\u0131n ellerine teslim eden bitkilerden \u00f6\u011frenece\u011finiz \u00e7ok \u015fey var. \u0130nsanl\u0131k, y\u00fczy\u0131llard\u0131r akla gelebilecek her \u015fey i\u00e7in bitkileri kulland\u0131: Yiyecek, silah, giysi, bar\u0131nak, ila\u00e7\u2026 D\u00fcnyan\u0131n d\u00f6rt bir yan\u0131ndaki yerel halklar, bitkilerle do\u011frudan ileti\u015fim kurarak ve kendileri ile bitki d\u00fcnyas\u0131 aras\u0131ndaki kutsal ili\u015fkiyi onurland\u0131rarak bitkilerin do\u011fru kullan\u0131mlar\u0131 hakk\u0131nda bilgi toplamay\u0131 ba\u015fard\u0131lar. Stephen Harrod Buhner de yerli halklar ve bitkiler aras\u0131nda uzun s\u00fcredir devam eden bu ili\u015fkiyi ara\u015ft\u0131rd\u0131 ve Yery\u00fcz\u00fc ile Konu\u015fma Sanat\u0131: Kutsal Bilgilerle \u015eifac\u0131 Olmak kitab\u0131yla bu k\u00fclt\u00fcrlerin bitki d\u00fcnyas\u0131yla ileti\u015fim kurmak i\u00e7in kulland\u0131klar\u0131 teknikleri ve zihinsel faaliyetleri inceledi. Bitkiler ve insanlar aras\u0131ndaki etkile\u015fimin kutsal boyutuna bakt\u0131 ve bu etkile\u015fimden do\u011fan t\u00fcm bilgileri, bitkilerin t\u0131bbi kullan\u0131m alanlar\u0131n\u0131, haz\u0131rl\u0131k k\u0131lavuzlar\u0131n\u0131, dualar\u0131, t\u00f6rensel unsurlar\u0131 ve \u015fark\u0131lar\u0131 payla\u015ft\u0131. <\/p>\n","protected":false},"excerpt":{"rendered":"<p>Birlikte yeterince zaman ge\u00e7irirseniz, onunla yolda\u015fl\u0131k ili\u015fkisi kurarsan\u0131z bir bitki sizinle konu\u015fur mu? \u015eark\u0131lar ve dualar \u00f6\u011fretir mi? \u015eifas\u0131n\u0131 anlat\u0131r m\u0131? Peki ya yery\u00fcz\u00fc, ac\u0131s\u0131n\u0131 payla\u015f\u0131r<span class=\"excerpt-hellip\"> [\u2026]<\/span><\/p>\n","protected":false},"featured_media":0,"template":"","meta":{"_monsterinsights_skip_tracking":false,"_monsterinsights_sitenote_active":false,"_monsterinsights_sitenote_note":"","_monsterinsights_sitenote_category":0},"product_brand":[],"product_cat":[12364,12376],"product_tag":[],"class_list":{"0":"post-691535","1":"product","2":"type-product","3":"status-publish","5":"product_cat-genel-konular","6":"product_cat-kisisel-gelisim","7":"pa_tur-kitap","8":"pa_yayinevi-okuyan-us-yayin","9":"pa_yazar-stephen-harrod-buhner","11":"first","12":"instock","13":"sale","14":"shipping-taxable","15":"purchasable","16":"product-type-simple"},"_links":{"self":[{"href":"https:\/\/roveyayinevi.com.tr\/index.php\/wp-json\/wp\/v2\/product\/691535","targetHints":{"allow":["GET"]}}],"collection":[{"href":"https:\/\/roveyayinevi.com.tr\/index.php\/wp-json\/wp\/v2\/product"}],"about":[{"href":"https:\/\/roveyayinevi.com.tr\/index.php\/wp-json\/wp\/v2\/types\/product"}],"wp:attachment":[{"href":"https:\/\/roveyayinevi.com.tr\/index.php\/wp-json\/wp\/v2\/media?parent=691535"}],"wp:term":[{"taxonomy":"product_brand","embeddable":true,"href":"https:\/\/roveyayinevi.com.tr\/index.php\/wp-json\/wp\/v2\/product_brand?post=691535"},{"taxonomy":"product_cat","embeddable":true,"href":"https:\/\/roveyayinevi.com.tr\/index.php\/wp-json\/wp\/v2\/product_cat?post=691535"},{"taxonomy":"product_tag","embeddable":true,"href":"https:\/\/roveyayinevi.com.tr\/index.php\/wp-json\/wp\/v2\/product_tag?post=691535"}],"curies":[{"name":"wp","href":"https:\/\/api.w.org\/{rel}","templated":true}]}}