{"id":691529,"date":"2025-08-27T13:59:09","date_gmt":"2025-08-27T10:59:09","guid":{"rendered":"https:\/\/roveyayinevi.com.tr\/index.php\/urun\/kokoloji-1-bil-bakalim-sen-kimsin\/"},"modified":"2026-01-26T02:02:43","modified_gmt":"2026-01-25T23:02:43","slug":"kokoloji-1-bil-bakalim-sen-kimsin","status":"publish","type":"product","link":"https:\/\/roveyayinevi.com.tr\/index.php\/urun\/kokoloji-1-bil-bakalim-sen-kimsin\/","title":{"rendered":"Kokoloji 1 &#8211; Bil Bakal\u0131m Sen Kimsin ?"},"content":{"rendered":"<p>Bil Bakal\u0131m Sen Kimsin?Japonya&#8217;da 4 milyon sat\u0131ld\u0131, Amerika\u2019da bestseller oldu. \u0130ngiltere, Fransa, Almanya, Avustralya, Kanada, \u0130spanya, Bel\u00e7ika, Hollanda\u2019n\u0131n da aralar\u0131nda oldu\u011fu 15 \u00fclkede yay\u0131mland\u0131.Japonya\u2019da geli\u015ftirilen oyun, yay\u0131mland\u0131\u011f\u0131 \u00fclkelerde \u00e7\u0131lg\u0131nl\u0131k boyutlar\u0131na ula\u015fan bir ilgi g\u00f6rd\u00fc ve b\u00fcy\u00fck bir hayran kitlesi yaratt\u0131.D\u00fcnyan\u0131n en e\u011flenceli ke\u015ffini yapmaya haz\u0131r m\u0131s\u0131n?Ancak bu \u015fimdiye kadar kimsenin ke\u015ffetmedi\u011fi bir \u015fey olacak; kendinHepimiz kendimizi bilmeyi ve anlamay\u0131 isteriz. Ama bu gizemi \u00e7\u00f6zecek \u015fey nedir? Bunun tam olarak bir cevab\u0131 var m\u0131d\u0131r? Y\u00fczy\u0131llard\u0131r edebiyat, sanat, felsefe, bilim bunun cevab\u0131n\u0131 ar\u0131yor.Kokoloji, psikoloji profes\u00f6r\u00fc Isamu Saito ve Tadahiko Nagao taraf\u0131ndan geli\u015ftirilen, temel psikolojik ger\u00e7eklere dayanarak haz\u0131rlanm\u0131\u015f bir t\u00fcr kendini ke\u015ffetme oyunu.A\u015fk, Seks, \u0130\u015f, Ev, Dostluk, Aile\u2026 K\u0131sacas\u0131 her \u015feyle ilgili 53 oyun. Kokoloji seni bekliyor!Kokoloji, T\u00fcrkiye\u2019de de ailelerin, ev partilerinin, yaln\u0131zl\u0131klar\u0131n, potansiyel ili\u015fkilerin, seyahatlerin en e\u011flenceli, en faydal\u0131 oyunu olmaya aday.Bilinmeyene haz\u0131r m\u0131s\u0131n?Kokoloji&#8217;de akl\u0131n\u0131za ilk gelen \u015feyi s\u00f6ylemek \u00f6nemli. Do\u011fru cevap olmad\u0131\u011f\u0131 gibi yanl\u0131\u015f cevap da yok. Bu y\u00fczden gev\u015feyin ve cevap verin. Kasmay\u0131n yani kendinizi. Grup halinde oynamak, yaln\u0131z oynamaktan daha e\u011flenceli. Topla\u015f\u0131n, bir araya gelin. Bir de d\u00fcr\u00fcst olun. Kim tutar art\u0131k sizi&#8230; Ay\u015fe Arman, H\u00fcrriyet <\/p>\n","protected":false},"excerpt":{"rendered":"<p>Bil Bakal\u0131m Sen Kimsin?Japonya&#8217;da 4 milyon sat\u0131ld\u0131, Amerika\u2019da bestseller oldu. \u0130ngiltere, Fransa, Almanya, Avustralya, Kanada, \u0130spanya, Bel\u00e7ika, Hollanda\u2019n\u0131n da aralar\u0131nda oldu\u011fu 15 \u00fclkede yay\u0131mland\u0131.Japonya\u2019da geli\u015ftirilen oyun,<span class=\"excerpt-hellip\"> [\u2026]<\/span><\/p>\n","protected":false},"featured_media":0,"template":"","meta":{"_monsterinsights_skip_tracking":false,"_monsterinsights_sitenote_active":false,"_monsterinsights_sitenote_note":"","_monsterinsights_sitenote_category":0},"product_brand":[],"product_cat":[12364,12376],"product_tag":[],"class_list":{"0":"post-691529","1":"product","2":"type-product","3":"status-publish","5":"product_cat-genel-konular","6":"product_cat-kisisel-gelisim","7":"pa_cilt-ciltsiz","8":"pa_tur-kitap","9":"pa_yayinevi-okuyan-us-yayin","10":"pa_yazar-isamu-saito","12":"first","13":"instock","14":"sale","15":"shipping-taxable","16":"purchasable","17":"product-type-simple"},"_links":{"self":[{"href":"https:\/\/roveyayinevi.com.tr\/index.php\/wp-json\/wp\/v2\/product\/691529","targetHints":{"allow":["GET"]}}],"collection":[{"href":"https:\/\/roveyayinevi.com.tr\/index.php\/wp-json\/wp\/v2\/product"}],"about":[{"href":"https:\/\/roveyayinevi.com.tr\/index.php\/wp-json\/wp\/v2\/types\/product"}],"wp:attachment":[{"href":"https:\/\/roveyayinevi.com.tr\/index.php\/wp-json\/wp\/v2\/media?parent=691529"}],"wp:term":[{"taxonomy":"product_brand","embeddable":true,"href":"https:\/\/roveyayinevi.com.tr\/index.php\/wp-json\/wp\/v2\/product_brand?post=691529"},{"taxonomy":"product_cat","embeddable":true,"href":"https:\/\/roveyayinevi.com.tr\/index.php\/wp-json\/wp\/v2\/product_cat?post=691529"},{"taxonomy":"product_tag","embeddable":true,"href":"https:\/\/roveyayinevi.com.tr\/index.php\/wp-json\/wp\/v2\/product_tag?post=691529"}],"curies":[{"name":"wp","href":"https:\/\/api.w.org\/{rel}","templated":true}]}}