{"id":691521,"date":"2025-08-27T13:59:07","date_gmt":"2025-08-27T10:59:07","guid":{"rendered":"https:\/\/roveyayinevi.com.tr\/index.php\/urun\/taziye\/"},"modified":"2026-04-16T02:00:53","modified_gmt":"2026-04-15T23:00:53","slug":"taziye","status":"publish","type":"product","link":"https:\/\/roveyayinevi.com.tr\/index.php\/urun\/taziye\/","title":{"rendered":"Taziye"},"content":{"rendered":"<p>. &#8220;Do\u011fdu\u011fum g\u00fcn\u00fc bilmiyem. Daha sonraki g\u00fcnler de hat\u0131r\u0131mda de\u011fildir. Bildiklerimin hepside \u00f6l\u00fcme dair. Hat\u0131r\u0131ma d\u00fc\u015fen yaln\u0131zca \u00f6l\u00fcm korkusu. Ben daha el kadar u\u015fakken \u00f6l\u00fcm\u00fcn ninnisini ezber ettim. \u015eimdiyse karanl\u0131ktay\u0131m. Anam kimdir? Babam kim? Kim. kimi \u00f6ld\u00fcr\u00fcr? Kim, kimin katilidir? Hi\u00e7bir sualime \u0131\u015f\u0131k d\u00fc\u015f\u00fcrmez ne bildiklerim, ne g\u00f6rd\u00fcklerim. Ne, ne zaman olmu\u015ftu? Ne, neden \u00f6nce? Zaman dedi\u011fimiz nedir ki? Maksat h\u00fckmetmektir; H\u00fckmetmekse, \u00f6ld\u00fcrmek g\u00fcc\u00fcnde.&#8221;<\/p>\n","protected":false},"excerpt":{"rendered":"<p>. &#8220;Do\u011fdu\u011fum g\u00fcn\u00fc bilmiyem. Daha sonraki g\u00fcnler de hat\u0131r\u0131mda de\u011fildir. Bildiklerimin hepside \u00f6l\u00fcme dair. Hat\u0131r\u0131ma d\u00fc\u015fen yaln\u0131zca \u00f6l\u00fcm korkusu. Ben daha el kadar u\u015fakken \u00f6l\u00fcm\u00fcn ninnisini<span class=\"excerpt-hellip\"> [\u2026]<\/span><\/p>\n","protected":false},"featured_media":0,"template":"","meta":{"_monsterinsights_skip_tracking":false,"_monsterinsights_sitenote_active":false,"_monsterinsights_sitenote_note":"","_monsterinsights_sitenote_category":0},"product_brand":[],"product_cat":[12291,14272],"product_tag":[],"class_list":{"0":"post-691521","1":"product","2":"type-product","3":"status-publish","5":"product_cat-edebiyat","6":"product_cat-tiyatro","7":"pa_cilt-ciltsiz","8":"pa_tur-kitap","9":"pa_yayinevi-metis-yayinlari","10":"pa_yazar-murathan-mungan","12":"first","13":"instock","14":"sale","15":"shipping-taxable","16":"purchasable","17":"product-type-simple"},"_links":{"self":[{"href":"https:\/\/roveyayinevi.com.tr\/index.php\/wp-json\/wp\/v2\/product\/691521","targetHints":{"allow":["GET"]}}],"collection":[{"href":"https:\/\/roveyayinevi.com.tr\/index.php\/wp-json\/wp\/v2\/product"}],"about":[{"href":"https:\/\/roveyayinevi.com.tr\/index.php\/wp-json\/wp\/v2\/types\/product"}],"wp:attachment":[{"href":"https:\/\/roveyayinevi.com.tr\/index.php\/wp-json\/wp\/v2\/media?parent=691521"}],"wp:term":[{"taxonomy":"product_brand","embeddable":true,"href":"https:\/\/roveyayinevi.com.tr\/index.php\/wp-json\/wp\/v2\/product_brand?post=691521"},{"taxonomy":"product_cat","embeddable":true,"href":"https:\/\/roveyayinevi.com.tr\/index.php\/wp-json\/wp\/v2\/product_cat?post=691521"},{"taxonomy":"product_tag","embeddable":true,"href":"https:\/\/roveyayinevi.com.tr\/index.php\/wp-json\/wp\/v2\/product_tag?post=691521"}],"curies":[{"name":"wp","href":"https:\/\/api.w.org\/{rel}","templated":true}]}}