{"id":691519,"date":"2025-08-27T13:59:07","date_gmt":"2025-08-27T10:59:07","guid":{"rendered":"https:\/\/roveyayinevi.com.tr\/index.php\/urun\/cinsel-siddeti-anlamak-tutuklu-tecavuzcu-erkekler-uzerine-bir-inceleme\/"},"modified":"2026-04-01T02:05:26","modified_gmt":"2026-03-31T23:05:26","slug":"cinsel-siddeti-anlamak-tutuklu-tecavuzcu-erkekler-uzerine-bir-inceleme","status":"publish","type":"product","link":"https:\/\/roveyayinevi.com.tr\/index.php\/urun\/cinsel-siddeti-anlamak-tutuklu-tecavuzcu-erkekler-uzerine-bir-inceleme\/","title":{"rendered":"Cinsel \u015eiddeti Anlamak: Tutuklu Tecav\u00fczc\u00fc Erkekler \u00dczerine Bir \u0130nceleme"},"content":{"rendered":"<p>Tecav\u00fcz, kad\u0131nlar\u0131n en \u00e7ok korktu\u011fu sald\u0131r\u0131lar\u0131n ba\u015f\u0131nda geliyor. Bu korku, kad\u0131nlar\u0131n hayatlar\u0131n\u0131 derinden etkiliyor, k\u0131s\u0131tl\u0131yor. Nedense tecav\u00fcz, hep &#8220;kad\u0131nlar\u0131n sorunu&#8221; olarak ele al\u0131n\u0131yor. Sald\u0131rganlarsa &#8220;normal d\u0131\u015f\u0131&#8221;, hasta, sap\u0131k erkekler, toplumsal normlar\u0131n d\u0131\u015f\u0131nda kalan ki\u015filer olarak g\u00f6r\u00fcl\u00fcyor. Oysa yazar Diana Scully&#8217;nin tutuklu tecav\u00fczc\u00fcler \u00fczerine yapt\u0131\u011f\u0131 ara\u015ft\u0131rma, cinsel \u015fiddetin, k\u00f6keni erkek egemen k\u00fclt\u00fcrde yatan yayg\u0131n bir sorun oldu\u011fu sonucuna var\u0131yor. K\u0131sacas\u0131 cinsel \u015fiddetin sona erdirilmesi i\u00e7in kendini de\u011fi\u015ftirmesi gereken kad\u0131nlar de\u011fil, erkeklerdir. Tecav\u00fcz, erkeklerin sorunudur. \ufffcTan\u0131t\u0131m Metni<\/p>\n","protected":false},"excerpt":{"rendered":"<p>Tecav\u00fcz, kad\u0131nlar\u0131n en \u00e7ok korktu\u011fu sald\u0131r\u0131lar\u0131n ba\u015f\u0131nda geliyor. Bu korku, kad\u0131nlar\u0131n hayatlar\u0131n\u0131 derinden etkiliyor, k\u0131s\u0131tl\u0131yor. Nedense tecav\u00fcz, hep &#8220;kad\u0131nlar\u0131n sorunu&#8221; olarak ele al\u0131n\u0131yor. Sald\u0131rganlarsa &#8220;normal d\u0131\u015f\u0131&#8221;,<span class=\"excerpt-hellip\"> [\u2026]<\/span><\/p>\n","protected":false},"featured_media":0,"template":"","meta":{"_monsterinsights_skip_tracking":false,"_monsterinsights_sitenote_active":false,"_monsterinsights_sitenote_note":"","_monsterinsights_sitenote_category":0},"product_brand":[],"product_cat":[13252,12324],"product_tag":[],"class_list":{"0":"post-691519","1":"product","2":"type-product","3":"status-publish","5":"product_cat-kadin-calismalari","6":"product_cat-sosyoloji","7":"pa_cilt-ciltsiz","8":"pa_tur-kitap","9":"pa_yayinevi-metis-yayinlari","10":"pa_yazar-diana-scully","12":"first","13":"instock","14":"sale","15":"shipping-taxable","16":"purchasable","17":"product-type-simple"},"_links":{"self":[{"href":"https:\/\/roveyayinevi.com.tr\/index.php\/wp-json\/wp\/v2\/product\/691519","targetHints":{"allow":["GET"]}}],"collection":[{"href":"https:\/\/roveyayinevi.com.tr\/index.php\/wp-json\/wp\/v2\/product"}],"about":[{"href":"https:\/\/roveyayinevi.com.tr\/index.php\/wp-json\/wp\/v2\/types\/product"}],"wp:attachment":[{"href":"https:\/\/roveyayinevi.com.tr\/index.php\/wp-json\/wp\/v2\/media?parent=691519"}],"wp:term":[{"taxonomy":"product_brand","embeddable":true,"href":"https:\/\/roveyayinevi.com.tr\/index.php\/wp-json\/wp\/v2\/product_brand?post=691519"},{"taxonomy":"product_cat","embeddable":true,"href":"https:\/\/roveyayinevi.com.tr\/index.php\/wp-json\/wp\/v2\/product_cat?post=691519"},{"taxonomy":"product_tag","embeddable":true,"href":"https:\/\/roveyayinevi.com.tr\/index.php\/wp-json\/wp\/v2\/product_tag?post=691519"}],"curies":[{"name":"wp","href":"https:\/\/api.w.org\/{rel}","templated":true}]}}