{"id":691518,"date":"2025-08-27T13:59:07","date_gmt":"2025-08-27T10:59:07","guid":{"rendered":"https:\/\/roveyayinevi.com.tr\/index.php\/urun\/tarihin-cinsiyeti\/"},"modified":"2026-04-16T02:00:53","modified_gmt":"2026-04-15T23:00:53","slug":"tarihin-cinsiyeti","status":"publish","type":"product","link":"https:\/\/roveyayinevi.com.tr\/index.php\/urun\/tarihin-cinsiyeti\/","title":{"rendered":"Tarihin Cinsiyeti"},"content":{"rendered":"<p>Sabit kimliklerin olmad\u0131\u011f\u0131, kimlik dedi\u011fimiz \u015feyin her an bozulup yap\u0131labilen bir kurgu oldu\u011fu ger\u00e7e\u011fi, kimlik politikalar\u0131n\u0131n ge\u00e7erlili\u011fini \u00e7ok ku\u015fkulu hale getiriyor. \u00d6te yandan, hen\u00fcz \u00f6znele\u015fme m\u00fccadelesi vermekte olan \u2018k\u0131y\u0131da kalm\u0131\u015flar\u2019\u0131n, kendi \u00f6znellik konumlar\u0131 dahil her \u015feyin bir dil oyunundan ibaret olmad\u0131\u011f\u0131n\u0131 unutmalar\u0131 m\u00fcmk\u00fcn de\u011fil. \u2018D\u00fcnyay\u0131 ellerinde tutanlar, bunu onlara s\u00fcrekli hat\u0131rlat\u0131yor. Bu \u00e7etrefil durum, bizim daha uzun s\u00fcre kimlik, benlik, kendilik sorunlar\u0131yla u\u011fra\u015fmak zorunda kalaca\u011f\u0131m\u0131z\u0131 g\u00f6steriyor. Hi\u00e7 belli olmaz, bakars\u0131n\u0131z g\u00fcn\u00fcn birinde, farkl\u0131l\u0131\u011f\u0131n kutupla\u015fm\u0131\u015f ikiliklerin aras\u0131na hapsolmad\u0131\u011f\u0131 d\u00fc\u015f\u00fcnsel ve siyasal bir iklimde, bug\u00fcn ancak bir \u00f6zlem olarak varolabilen \u2018cinsiyet tan\u0131mayan ak\u0131l ve insan\u2019 kavram\u0131, ger\u00e7e\u011fe d\u00f6n\u00fc\u015f\u00fcr. Ama o zamana dek, cinsiyetlendirilmi\u015f bir tarihin, teorinin ve felsefenin pe\u015fine d\u00fc\u015ft\u00fc\u011f\u00fcm\u00fcz i\u00e7in bizi kim k\u0131nayabilir? \ufffcTan\u0131t\u0131m Metni<\/p>\n","protected":false},"excerpt":{"rendered":"<p>Sabit kimliklerin olmad\u0131\u011f\u0131, kimlik dedi\u011fimiz \u015feyin her an bozulup yap\u0131labilen bir kurgu oldu\u011fu ger\u00e7e\u011fi, kimlik politikalar\u0131n\u0131n ge\u00e7erlili\u011fini \u00e7ok ku\u015fkulu hale getiriyor. \u00d6te yandan, hen\u00fcz \u00f6znele\u015fme m\u00fccadelesi<span class=\"excerpt-hellip\"> [\u2026]<\/span><\/p>\n","protected":false},"featured_media":0,"template":"","meta":{"_monsterinsights_skip_tracking":false,"_monsterinsights_sitenote_active":false,"_monsterinsights_sitenote_note":"","_monsterinsights_sitenote_category":0},"product_brand":[],"product_cat":[12312,12304],"product_tag":[],"class_list":{"0":"post-691518","1":"product","2":"type-product","3":"status-publish","5":"product_cat-diger","6":"product_cat-tarih","7":"pa_cilt-ciltsiz","8":"pa_tur-kitap","9":"pa_yayinevi-metis-yayinlari","10":"pa_yazar-fatmagul-berktay","12":"first","13":"instock","14":"sale","15":"shipping-taxable","16":"purchasable","17":"product-type-simple"},"_links":{"self":[{"href":"https:\/\/roveyayinevi.com.tr\/index.php\/wp-json\/wp\/v2\/product\/691518","targetHints":{"allow":["GET"]}}],"collection":[{"href":"https:\/\/roveyayinevi.com.tr\/index.php\/wp-json\/wp\/v2\/product"}],"about":[{"href":"https:\/\/roveyayinevi.com.tr\/index.php\/wp-json\/wp\/v2\/types\/product"}],"wp:attachment":[{"href":"https:\/\/roveyayinevi.com.tr\/index.php\/wp-json\/wp\/v2\/media?parent=691518"}],"wp:term":[{"taxonomy":"product_brand","embeddable":true,"href":"https:\/\/roveyayinevi.com.tr\/index.php\/wp-json\/wp\/v2\/product_brand?post=691518"},{"taxonomy":"product_cat","embeddable":true,"href":"https:\/\/roveyayinevi.com.tr\/index.php\/wp-json\/wp\/v2\/product_cat?post=691518"},{"taxonomy":"product_tag","embeddable":true,"href":"https:\/\/roveyayinevi.com.tr\/index.php\/wp-json\/wp\/v2\/product_tag?post=691518"}],"curies":[{"name":"wp","href":"https:\/\/api.w.org\/{rel}","templated":true}]}}