{"id":691516,"date":"2025-08-27T13:59:06","date_gmt":"2025-08-27T10:59:06","guid":{"rendered":"https:\/\/roveyayinevi.com.tr\/index.php\/urun\/sosyal-bilimleri-acin\/"},"modified":"2026-04-16T02:00:53","modified_gmt":"2026-04-15T23:00:53","slug":"sosyal-bilimleri-acin","status":"publish","type":"product","link":"https:\/\/roveyayinevi.com.tr\/index.php\/urun\/sosyal-bilimleri-acin\/","title":{"rendered":"Sosyal Bilimleri A\u00e7\u0131n"},"content":{"rendered":"<p>Bilginin sosyal olarak kurulmu\u015f olmas\u0131 ger\u00e7e\u011fi, daha ge\u00e7erli bilgiye ula\u015fman\u0131n da ancak sosyal olarak m\u00fcmk\u00fcn olmas\u0131 anlam\u0131na gelir. Bilginin sosyal temelleri oldu\u011funu kabul etmek, nesnellik kavram\u0131yla \u00e7eli\u015fkili de\u011fildir. Tam tersine, biz, ge\u00e7mi\u015fteki uygulamalara y\u00f6nelik ele\u015ftirileri de\u011ferlendirerek ve hakikaten daha \u00e7o\u011fulcu ve evrenselci yap\u0131lar kurarak yap\u0131lacak bir yeniden yap\u0131land\u0131rman\u0131n, sosyal bilimlerin nesnelli\u011fini artt\u0131rabilece\u011fine inan\u0131yoruz. Bu raporda \u00fc\u00e7 \u015feyi g\u00f6stermeye \u00e7al\u0131\u015ft\u0131k.<\/p>\n","protected":false},"excerpt":{"rendered":"<p>Bilginin sosyal olarak kurulmu\u015f olmas\u0131 ger\u00e7e\u011fi, daha ge\u00e7erli bilgiye ula\u015fman\u0131n da ancak sosyal olarak m\u00fcmk\u00fcn olmas\u0131 anlam\u0131na gelir. Bilginin sosyal temelleri oldu\u011funu kabul etmek, nesnellik kavram\u0131yla<span class=\"excerpt-hellip\"> [\u2026]<\/span><\/p>\n","protected":false},"featured_media":0,"template":"","meta":{"_monsterinsights_skip_tracking":false,"_monsterinsights_sitenote_active":false,"_monsterinsights_sitenote_note":"","_monsterinsights_sitenote_category":0},"product_brand":[],"product_cat":[12312,12304],"product_tag":[],"class_list":{"0":"post-691516","1":"product","2":"type-product","3":"status-publish","5":"product_cat-diger","6":"product_cat-tarih","7":"pa_cilt-ciltsiz","8":"pa_tur-kitap","9":"pa_yayinevi-metis-yayinlari","10":"pa_yazar-gulbenkian-komisyonu","12":"first","13":"instock","14":"sale","15":"shipping-taxable","16":"purchasable","17":"product-type-simple"},"_links":{"self":[{"href":"https:\/\/roveyayinevi.com.tr\/index.php\/wp-json\/wp\/v2\/product\/691516","targetHints":{"allow":["GET"]}}],"collection":[{"href":"https:\/\/roveyayinevi.com.tr\/index.php\/wp-json\/wp\/v2\/product"}],"about":[{"href":"https:\/\/roveyayinevi.com.tr\/index.php\/wp-json\/wp\/v2\/types\/product"}],"wp:attachment":[{"href":"https:\/\/roveyayinevi.com.tr\/index.php\/wp-json\/wp\/v2\/media?parent=691516"}],"wp:term":[{"taxonomy":"product_brand","embeddable":true,"href":"https:\/\/roveyayinevi.com.tr\/index.php\/wp-json\/wp\/v2\/product_brand?post=691516"},{"taxonomy":"product_cat","embeddable":true,"href":"https:\/\/roveyayinevi.com.tr\/index.php\/wp-json\/wp\/v2\/product_cat?post=691516"},{"taxonomy":"product_tag","embeddable":true,"href":"https:\/\/roveyayinevi.com.tr\/index.php\/wp-json\/wp\/v2\/product_tag?post=691516"}],"curies":[{"name":"wp","href":"https:\/\/api.w.org\/{rel}","templated":true}]}}