{"id":691514,"date":"2025-08-27T13:59:06","date_gmt":"2025-08-27T10:59:06","guid":{"rendered":"https:\/\/roveyayinevi.com.tr\/index.php\/urun\/soz-vermis-sarkilar\/"},"modified":"2026-04-16T02:00:53","modified_gmt":"2026-04-15T23:00:53","slug":"soz-vermis-sarkilar","status":"publish","type":"product","link":"https:\/\/roveyayinevi.com.tr\/index.php\/urun\/soz-vermis-sarkilar\/","title":{"rendered":"S\u00f6z Vermi\u015f \u015eark\u0131lar"},"content":{"rendered":"<p>Murathan Mungan\u2019\u0131n, \u015fark\u0131 s\u00f6zlerini toplad\u0131\u011f\u0131 S\u00f6z Vermi\u015f \u015eark\u0131lar&#8217;\u0131n g\u00fcncellenmi\u015f ve geni\u015fletilmi\u015f yeni bas\u0131m\u0131\u2026 \u0130lk bask\u0131s\u0131 2006 y\u0131l\u0131nda yap\u0131lan S\u00f6z Vermi\u015f \u015eark\u0131lar yeni kapa\u011f\u0131 ve i\u00e7 tasar\u0131m\u0131yla okur kar\u015f\u0131s\u0131nda. Mungan\u2019\u0131n \u00e7ok bilinen, pek bilinmeyen, bestelenmi\u015f ya da hi\u00e7 g\u00fcn \u0131\u015f\u0131\u011f\u0131na \u00e7\u0131kmam\u0131\u015f t\u00fcm \u015fark\u0131 s\u00f6zlerinin yer ald\u0131\u011f\u0131 kitap sekiz b\u00f6l\u00fcmden olu\u015fuyor: Gecenin Sert Sesleri, A\u015fk Tesad\u00fcfleri Sever, Kullan\u0131lm\u0131\u015f \u015eark\u0131lar, Kom\u015funun \u015eark\u0131lar\u0131, Beklemi\u015f S\u00f6zler, \u015eark\u0131c\u0131 K\u0131z Kezban\u2019\u0131n \u00d6nlenebilir T\u0131rman\u0131\u015f\u0131, Sonras\u0131, Sonrakiler ve S\u00f6z Vermi\u015f \u015eark\u0131lar. Her b\u00f6l\u00fcm\u00fcn ba\u015f\u0131nda, o b\u00f6l\u00fcmdeki \u015fark\u0131 s\u00f6zleriyle ilgili a\u00e7\u0131klama yaz\u0131lar\u0131n\u0131n yer ald\u0131\u011f\u0131 kitab\u0131n sonunda, merakl\u0131lar\u0131 i\u00e7in haz\u0131rlanm\u0131\u015f yaz\u0131lar, notlar, diskografi, dergi ve kitaplara ili\u015fkin yay\u0131m listesi yer al\u0131yor. <\/p>\n","protected":false},"excerpt":{"rendered":"<p>Murathan Mungan\u2019\u0131n, \u015fark\u0131 s\u00f6zlerini toplad\u0131\u011f\u0131 S\u00f6z Vermi\u015f \u015eark\u0131lar&#8217;\u0131n g\u00fcncellenmi\u015f ve geni\u015fletilmi\u015f yeni bas\u0131m\u0131\u2026 \u0130lk bask\u0131s\u0131 2006 y\u0131l\u0131nda yap\u0131lan S\u00f6z Vermi\u015f \u015eark\u0131lar yeni kapa\u011f\u0131 ve i\u00e7 tasar\u0131m\u0131yla<span class=\"excerpt-hellip\"> [\u2026]<\/span><\/p>\n","protected":false},"featured_media":0,"template":"","meta":{"_monsterinsights_skip_tracking":false,"_monsterinsights_sitenote_active":false,"_monsterinsights_sitenote_note":"","_monsterinsights_sitenote_category":0},"product_brand":[],"product_cat":[14591,14556],"product_tag":[],"class_list":{"0":"post-691514","1":"product","2":"type-product","3":"status-publish","5":"product_cat-genel-kavramlar-kuram-ve-tarihce","6":"product_cat-muzik","7":"pa_cilt-ciltsiz","8":"pa_tur-kitap","9":"pa_yayinevi-metis-yayinlari","10":"pa_yazar-murathan-mungan","12":"first","13":"instock","14":"sale","15":"shipping-taxable","16":"purchasable","17":"product-type-simple"},"_links":{"self":[{"href":"https:\/\/roveyayinevi.com.tr\/index.php\/wp-json\/wp\/v2\/product\/691514","targetHints":{"allow":["GET"]}}],"collection":[{"href":"https:\/\/roveyayinevi.com.tr\/index.php\/wp-json\/wp\/v2\/product"}],"about":[{"href":"https:\/\/roveyayinevi.com.tr\/index.php\/wp-json\/wp\/v2\/types\/product"}],"wp:attachment":[{"href":"https:\/\/roveyayinevi.com.tr\/index.php\/wp-json\/wp\/v2\/media?parent=691514"}],"wp:term":[{"taxonomy":"product_brand","embeddable":true,"href":"https:\/\/roveyayinevi.com.tr\/index.php\/wp-json\/wp\/v2\/product_brand?post=691514"},{"taxonomy":"product_cat","embeddable":true,"href":"https:\/\/roveyayinevi.com.tr\/index.php\/wp-json\/wp\/v2\/product_cat?post=691514"},{"taxonomy":"product_tag","embeddable":true,"href":"https:\/\/roveyayinevi.com.tr\/index.php\/wp-json\/wp\/v2\/product_tag?post=691514"}],"curies":[{"name":"wp","href":"https:\/\/api.w.org\/{rel}","templated":true}]}}