{"id":691513,"date":"2025-08-27T13:59:06","date_gmt":"2025-08-27T10:59:06","guid":{"rendered":"https:\/\/roveyayinevi.com.tr\/index.php\/urun\/siyasal-islamin-iflasi\/"},"modified":"2026-03-09T02:03:30","modified_gmt":"2026-03-08T23:03:30","slug":"siyasal-islamin-iflasi","status":"publish","type":"product","link":"https:\/\/roveyayinevi.com.tr\/index.php\/urun\/siyasal-islamin-iflasi\/","title":{"rendered":"Siyasal \u0130slam\u0131n \u0130flas\u0131"},"content":{"rendered":"<p>Roy&#8217;n\u0131n kitab\u0131n\u0131n konusu \u00e7a\u011fda\u015f \u0130slami hareketleridr, yani \u0130slam&#8217;\u0131 bir din oldu\u011fu kadar bir siyasal ideoloji olarak da g\u00f6ren, kendilerini bu yolla mevcut sistemden bir kopu\u015f olarak tan\u0131mlayan gruplard\u0131r. \u00c7a\u011fda\u015f siyasal \u0130slam, m\u00fcsl\u00fcman toplumlara bir se\u00e7enek sunuyor mu? Yazar\u0131n Cezay\u0131r&#8217;den T\u00fcrkiye ve \u0130ran&#8217;a, Suudiler&#8217;den Afganistan, Pakistan ve T\u00fcrki Cumhuriyetler&#8217;e geni\u015f bir m\u00fcsl\u00fcman co\u011frafyada dola\u015farak yan\u0131t arad\u0131\u011f\u0131 temel soru budur. Olivier Roy, \u0130slamc\u0131l\u0131\u011f\u0131n etki ve geni\u015flemesini hen\u00fcz durmad\u0131\u011f\u0131n\u0131, siyasal \u0130slam\u0131n iktidara gelebilece\u011fini, ancak iktidara gelse de adetlerden ve hukuktan ba\u015fka hi\u00e7bir \u015feyi de\u011fi\u015ftiremeyece\u011fini, sonucun kesin bir ba\u015far\u0131s\u0131zl\u0131k olaca\u011f\u0131n\u0131 d\u00fc\u015f\u00fcn\u00fcyor.Neden bu ba\u015far\u0131s\u0131zl\u0131k: Bu sorunun en ba\u015fta gelen yan\u0131t\u0131, siyasal \u0130slam\u0131n, kar\u015f\u0131 \u00e7\u0131karak kendini varetti\u011fi modernizmin k\u00f6t\u00fc bir kopyas\u0131 olmas\u0131nda yat\u0131yor. Bat\u0131 ve modernlik kar\u015f\u0131tl\u0131\u011f\u0131 temelinde mevcut muhalefet bo\u015flu\u011funu doldurarak g\u00fc\u00e7lenmi\u015f olan siyasal \u0130slam, giderek bir &#8220;fundametalizm&#8221; halini al\u0131yor ve \u015feytan\u0131n\u0131 &#8220;Bat\u0131.&#8221; tanr\u0131s\u0131nda ararken, kendi i\u00e7indeki \u00e7\u00f6l\u00fc g\u00f6remiyor. \ufffcTan\u0131t\u0131m Metni<\/p>\n","protected":false},"excerpt":{"rendered":"<p>Roy&#8217;n\u0131n kitab\u0131n\u0131n konusu \u00e7a\u011fda\u015f \u0130slami hareketleridr, yani \u0130slam&#8217;\u0131 bir din oldu\u011fu kadar bir siyasal ideoloji olarak da g\u00f6ren, kendilerini bu yolla mevcut sistemden bir kopu\u015f olarak<span class=\"excerpt-hellip\"> [\u2026]<\/span><\/p>\n","protected":false},"featured_media":0,"template":"","meta":{"_monsterinsights_skip_tracking":false,"_monsterinsights_sitenote_active":false,"_monsterinsights_sitenote_note":"","_monsterinsights_sitenote_category":0},"product_brand":[],"product_cat":[12312,12304],"product_tag":[],"class_list":{"0":"post-691513","1":"product","2":"type-product","3":"status-publish","5":"product_cat-diger","6":"product_cat-tarih","7":"pa_cilt-ciltsiz","8":"pa_tur-kitap","9":"pa_yayinevi-metis-yayinlari","10":"pa_yazar-olivier-roy","12":"first","13":"instock","14":"sale","15":"shipping-taxable","16":"purchasable","17":"product-type-simple"},"_links":{"self":[{"href":"https:\/\/roveyayinevi.com.tr\/index.php\/wp-json\/wp\/v2\/product\/691513","targetHints":{"allow":["GET"]}}],"collection":[{"href":"https:\/\/roveyayinevi.com.tr\/index.php\/wp-json\/wp\/v2\/product"}],"about":[{"href":"https:\/\/roveyayinevi.com.tr\/index.php\/wp-json\/wp\/v2\/types\/product"}],"wp:attachment":[{"href":"https:\/\/roveyayinevi.com.tr\/index.php\/wp-json\/wp\/v2\/media?parent=691513"}],"wp:term":[{"taxonomy":"product_brand","embeddable":true,"href":"https:\/\/roveyayinevi.com.tr\/index.php\/wp-json\/wp\/v2\/product_brand?post=691513"},{"taxonomy":"product_cat","embeddable":true,"href":"https:\/\/roveyayinevi.com.tr\/index.php\/wp-json\/wp\/v2\/product_cat?post=691513"},{"taxonomy":"product_tag","embeddable":true,"href":"https:\/\/roveyayinevi.com.tr\/index.php\/wp-json\/wp\/v2\/product_tag?post=691513"}],"curies":[{"name":"wp","href":"https:\/\/api.w.org\/{rel}","templated":true}]}}