{"id":691512,"date":"2025-08-27T13:59:05","date_gmt":"2025-08-27T10:59:05","guid":{"rendered":"https:\/\/roveyayinevi.com.tr\/index.php\/urun\/seyler\/"},"modified":"2026-04-16T02:00:53","modified_gmt":"2026-04-15T23:00:53","slug":"seyler","status":"publish","type":"product","link":"https:\/\/roveyayinevi.com.tr\/index.php\/urun\/seyler\/","title":{"rendered":"\u015eeyler"},"content":{"rendered":"<p>60\u2019l\u0131 Y\u0131llar\u0131n Bir Hikayesi: \u015eeylere Dair Bir Hikaye&#8230; Jerome\u2019la Sylvie, \u00f6zg\u00fcrl\u00fcklerinden hi\u00e7 \u00f6d\u00fcn vermeden her\u015feye sahip olmay\u0131 d\u00fc\u015flerler. Oysa \u00f6\u011frencilikten \u00e7\u0131k\u0131p darac\u0131k odalardan, bir pantolon, bir kazak tan, k\u00f6t\u00fc yemekhane yemeklerinden kurtulman\u0131n ve d\u00fc\u015fledikleri ya\u015fama ula\u015fman\u0131n bir bedeli vard\u0131r. Nesnelerle \u00f6r\u00fcl\u00fc ya\u015fam giderek daha da ula\u015f\u0131lmaz bir imgeye d\u00f6n\u00fc\u015f\u00fcr. Georges Perec, ikinci bas\u0131m\u0131n\u0131 yapt\u0131\u011f\u0131m\u0131z \u015eeyler\u2019de, 60\u2019l\u0131 y\u0131llar\u0131n, Jerome\u2019la Sylvie ve arkada\u015flar\u0131n\u0131n bu hikayesiyle Frans\u0131z toplumunun keskin bir tan\u0131m\u0131n\u0131 veriyor. Dahas\u0131 her \u015fey ne kadar tan\u0131d\u0131k&#8230;<\/p>\n","protected":false},"excerpt":{"rendered":"<p>60\u2019l\u0131 Y\u0131llar\u0131n Bir Hikayesi: \u015eeylere Dair Bir Hikaye&#8230; Jerome\u2019la Sylvie, \u00f6zg\u00fcrl\u00fcklerinden hi\u00e7 \u00f6d\u00fcn vermeden her\u015feye sahip olmay\u0131 d\u00fc\u015flerler. Oysa \u00f6\u011frencilikten \u00e7\u0131k\u0131p darac\u0131k odalardan, bir pantolon, bir<span class=\"excerpt-hellip\"> [\u2026]<\/span><\/p>\n","protected":false},"featured_media":0,"template":"","meta":{"_monsterinsights_skip_tracking":false,"_monsterinsights_sitenote_active":false,"_monsterinsights_sitenote_note":"","_monsterinsights_sitenote_category":0},"product_brand":[],"product_cat":[12291,13376],"product_tag":[],"class_list":{"0":"post-691512","1":"product","2":"type-product","3":"status-publish","5":"product_cat-edebiyat","6":"product_cat-fransiz-edebiyati","7":"pa_cilt-ciltsiz","8":"pa_tur-kitap","9":"pa_yayinevi-metis-yayinlari","10":"pa_yazar-georges-perec","12":"first","13":"instock","14":"sale","15":"shipping-taxable","16":"purchasable","17":"product-type-simple"},"_links":{"self":[{"href":"https:\/\/roveyayinevi.com.tr\/index.php\/wp-json\/wp\/v2\/product\/691512","targetHints":{"allow":["GET"]}}],"collection":[{"href":"https:\/\/roveyayinevi.com.tr\/index.php\/wp-json\/wp\/v2\/product"}],"about":[{"href":"https:\/\/roveyayinevi.com.tr\/index.php\/wp-json\/wp\/v2\/types\/product"}],"wp:attachment":[{"href":"https:\/\/roveyayinevi.com.tr\/index.php\/wp-json\/wp\/v2\/media?parent=691512"}],"wp:term":[{"taxonomy":"product_brand","embeddable":true,"href":"https:\/\/roveyayinevi.com.tr\/index.php\/wp-json\/wp\/v2\/product_brand?post=691512"},{"taxonomy":"product_cat","embeddable":true,"href":"https:\/\/roveyayinevi.com.tr\/index.php\/wp-json\/wp\/v2\/product_cat?post=691512"},{"taxonomy":"product_tag","embeddable":true,"href":"https:\/\/roveyayinevi.com.tr\/index.php\/wp-json\/wp\/v2\/product_tag?post=691512"}],"curies":[{"name":"wp","href":"https:\/\/api.w.org\/{rel}","templated":true}]}}