{"id":691511,"date":"2025-08-27T13:59:05","date_gmt":"2025-08-27T10:59:05","guid":{"rendered":"https:\/\/roveyayinevi.com.tr\/index.php\/urun\/sozlu-ve-yazili-kultur\/"},"modified":"2026-04-16T02:00:53","modified_gmt":"2026-04-15T23:00:53","slug":"sozlu-ve-yazili-kultur","status":"publish","type":"product","link":"https:\/\/roveyayinevi.com.tr\/index.php\/urun\/sozlu-ve-yazili-kultur\/","title":{"rendered":"S\u00f6zl\u00fc ve Yaz\u0131l\u0131 K\u00fclt\u00fcr"},"content":{"rendered":"<p>Son y\u0131llarda s\u00f6zl\u00fc k\u00fclt\u00fcrler ile yaz\u0131 yazma al\u0131\u015fkanl\u0131\u011f\u0131n\u0131n derinden etkiledi\u011fi k\u00fclt\u00fcrlerin bilgi kullan\u0131m\u0131 ve bu bilgiyi s\u00f6zelle\u015ftirme y\u00f6ntemleri aras\u0131ndaki baz\u0131 temel farklar ke\u015ffedilmi\u015f; bu ke\u015fiflerden \u00e7\u0131kan sonu\u00e7lar da \u00e7ok \u015fa\u015f\u0131rt\u0131c\u0131 olmu\u015ftur. Edebiyatta, felsefede, bilimde, hatta okuryazarlar\u0131n s\u00f6zl\u00fc ileti\u015fiminde d\u00fc\u015f\u00fcnme ve anlat\u0131m bi\u00e7imiyle ilgili, sorgulamadan kabul etti\u011fimiz pek \u00e7ok niteli\u011fin, insano\u011flunun kendi do\u011fas\u0131ndan de\u011fil, yaz\u0131 teknolojisinin bilincimize sundu\u011fu olanaklardan kaynakland\u0131\u011f\u0131n\u0131 anlay\u0131nca, insan kimli\u011fi kavram\u0131m\u0131z\u0131 yeni ba\u015ftan irdelemek zorunda kalm\u0131\u015f bulunmaktay\u0131z. Kitab\u0131m\u0131n konusu, s\u00f6zl\u00fc ve yaz\u0131l\u0131 k\u00fclt\u00fcr aras\u0131ndaki farklard\u0131r. Daha do\u011frusu, bu veya herhangi bir kitab\u0131n okuru, yaz\u0131l\u0131 k\u00fclt\u00fcr\u00fcn i\u00e7eri\u011fini zaten yeterince bildi\u011fine g\u00f6re, konumuz, \u00f6nce s\u00f6zl\u00fc k\u00fclt\u00fcr\u00fcn d\u00fc\u015f\u00fcnme ve d\u00fc\u015f\u00fcnceyi anlat\u0131m bi\u00e7imi (ki bu biz okuryazarlara ilkin tuhaf gelebilir), sonra da s\u00f6zl\u00fc k\u00fclt\u00fcrden kaynakland\u0131\u011f\u0131 i\u00e7in hep s\u00f6zl\u00fc k\u00fclt\u00fcr\u00fc al\u0131nt\u0131layarak irdeleyece\u011fimiz okuryazar d\u00fc\u015f\u00fcnme ve anlat\u0131m bi\u00e7imidir&#8230; \ufffcTan\u0131t\u0131m Metni<\/p>\n","protected":false},"excerpt":{"rendered":"<p>Son y\u0131llarda s\u00f6zl\u00fc k\u00fclt\u00fcrler ile yaz\u0131 yazma al\u0131\u015fkanl\u0131\u011f\u0131n\u0131n derinden etkiledi\u011fi k\u00fclt\u00fcrlerin bilgi kullan\u0131m\u0131 ve bu bilgiyi s\u00f6zelle\u015ftirme y\u00f6ntemleri aras\u0131ndaki baz\u0131 temel farklar ke\u015ffedilmi\u015f; bu ke\u015fiflerden \u00e7\u0131kan<span class=\"excerpt-hellip\"> [\u2026]<\/span><\/p>\n","protected":false},"featured_media":0,"template":"","meta":{"_monsterinsights_skip_tracking":false,"_monsterinsights_sitenote_active":false,"_monsterinsights_sitenote_note":"","_monsterinsights_sitenote_category":0},"product_brand":[],"product_cat":[13633,12324],"product_tag":[],"class_list":{"0":"post-691511","1":"product","2":"type-product","3":"status-publish","5":"product_cat-kultur-ve-bilim","6":"product_cat-sosyoloji","7":"pa_cilt-ciltsiz","8":"pa_tur-kitap","9":"pa_yayinevi-metis-yayinlari","10":"pa_yazar-walter-j-ong","12":"first","13":"instock","14":"sale","15":"shipping-taxable","16":"purchasable","17":"product-type-simple"},"_links":{"self":[{"href":"https:\/\/roveyayinevi.com.tr\/index.php\/wp-json\/wp\/v2\/product\/691511","targetHints":{"allow":["GET"]}}],"collection":[{"href":"https:\/\/roveyayinevi.com.tr\/index.php\/wp-json\/wp\/v2\/product"}],"about":[{"href":"https:\/\/roveyayinevi.com.tr\/index.php\/wp-json\/wp\/v2\/types\/product"}],"wp:attachment":[{"href":"https:\/\/roveyayinevi.com.tr\/index.php\/wp-json\/wp\/v2\/media?parent=691511"}],"wp:term":[{"taxonomy":"product_brand","embeddable":true,"href":"https:\/\/roveyayinevi.com.tr\/index.php\/wp-json\/wp\/v2\/product_brand?post=691511"},{"taxonomy":"product_cat","embeddable":true,"href":"https:\/\/roveyayinevi.com.tr\/index.php\/wp-json\/wp\/v2\/product_cat?post=691511"},{"taxonomy":"product_tag","embeddable":true,"href":"https:\/\/roveyayinevi.com.tr\/index.php\/wp-json\/wp\/v2\/product_tag?post=691511"}],"curies":[{"name":"wp","href":"https:\/\/api.w.org\/{rel}","templated":true}]}}