{"id":691506,"date":"2025-08-27T13:59:04","date_gmt":"2025-08-27T10:59:04","guid":{"rendered":"https:\/\/roveyayinevi.com.tr\/index.php\/urun\/ruyalar\/"},"modified":"2026-04-16T02:00:53","modified_gmt":"2026-04-15T23:00:53","slug":"ruyalar","status":"publish","type":"product","link":"https:\/\/roveyayinevi.com.tr\/index.php\/urun\/ruyalar\/","title":{"rendered":"R\u00fcyalar"},"content":{"rendered":"<p>R\u00fcyalar  , din, k\u00fclt\u00fcr, tarih ve ruhun dinamik bir kar\u015f\u0131l\u0131kl\u0131 bir etkile\u015fimle birle\u015fti\u011fi yarat\u0131c\u0131 hayali mek\u00e2n hakk\u0131nda, e\u015fsiz bir anlay\u0131\u015f sunmaktad\u0131r. Bu kitab\u0131n amac\u0131 bu yarat\u0131c\u0131 mek\u00e2n\u0131 incelemek, Freud\u2019un ifadesiyle   r\u00fcya merkezi\u2019nin gizemli derinliklerini anlamaya \u00e7al\u0131\u015fmakt\u0131r. R\u00fcyalar, dini ara\u015ft\u0131rmalar, antropoloji, tarih ve psikoloji bilginlerinin k\u0131\u015fk\u0131rt\u0131c\u0131 yaz\u0131lar\u0131ndan olu\u015fan bir koleksiyonu bir araya getirmektedir. Yirmi \u00fc\u00e7 b\u00f6l\u00fcmde en \u00f6nemli teoriler tart\u0131\u015fmalar ve s\u00fcrekli geli\u015fmekte olan bu alan\u0131n en heyecan verici yanlar\u0131 vurgulanmaktad\u0131r. R\u00fcyalar, ara\u015ft\u0131rmac\u0131lar, \u00f6\u011fretmenler, \u00f6\u011frenciler ve genel okuyucular i\u00e7in ayn\u0131 \u015fekilde, \u00e7a\u011fda\u015f r\u00fcya ara\u015ft\u0131rmalar\u0131n\u0131 sunabilece\u011fi en iyi tek ciltlik ansiklopediyi sa\u011flamaktad\u0131r. <\/p>\n","protected":false},"excerpt":{"rendered":"<p>R\u00fcyalar , din, k\u00fclt\u00fcr, tarih ve ruhun dinamik bir kar\u015f\u0131l\u0131kl\u0131 bir etkile\u015fimle birle\u015fti\u011fi yarat\u0131c\u0131 hayali mek\u00e2n hakk\u0131nda, e\u015fsiz bir anlay\u0131\u015f sunmaktad\u0131r. Bu kitab\u0131n amac\u0131 bu yarat\u0131c\u0131<span class=\"excerpt-hellip\"> [\u2026]<\/span><\/p>\n","protected":false},"featured_media":0,"template":"","meta":{"_monsterinsights_skip_tracking":false,"_monsterinsights_sitenote_active":false,"_monsterinsights_sitenote_note":"","_monsterinsights_sitenote_category":0},"product_brand":[],"product_cat":[18082,15563],"product_tag":[],"class_list":{"0":"post-691506","1":"product","2":"type-product","3":"status-publish","5":"product_cat-astroloji-fal-ruya","6":"product_cat-hobi","7":"pa_tur-kitap","8":"pa_yayinevi-odtu-gelistirme-vakfi-yayincilik","9":"pa_yazar-kelly-bulkeley","11":"first","12":"instock","13":"sale","14":"shipping-taxable","15":"purchasable","16":"product-type-simple"},"_links":{"self":[{"href":"https:\/\/roveyayinevi.com.tr\/index.php\/wp-json\/wp\/v2\/product\/691506","targetHints":{"allow":["GET"]}}],"collection":[{"href":"https:\/\/roveyayinevi.com.tr\/index.php\/wp-json\/wp\/v2\/product"}],"about":[{"href":"https:\/\/roveyayinevi.com.tr\/index.php\/wp-json\/wp\/v2\/types\/product"}],"wp:attachment":[{"href":"https:\/\/roveyayinevi.com.tr\/index.php\/wp-json\/wp\/v2\/media?parent=691506"}],"wp:term":[{"taxonomy":"product_brand","embeddable":true,"href":"https:\/\/roveyayinevi.com.tr\/index.php\/wp-json\/wp\/v2\/product_brand?post=691506"},{"taxonomy":"product_cat","embeddable":true,"href":"https:\/\/roveyayinevi.com.tr\/index.php\/wp-json\/wp\/v2\/product_cat?post=691506"},{"taxonomy":"product_tag","embeddable":true,"href":"https:\/\/roveyayinevi.com.tr\/index.php\/wp-json\/wp\/v2\/product_tag?post=691506"}],"curies":[{"name":"wp","href":"https:\/\/api.w.org\/{rel}","templated":true}]}}