{"id":691503,"date":"2025-08-27T13:59:04","date_gmt":"2025-08-27T10:59:04","guid":{"rendered":"https:\/\/roveyayinevi.com.tr\/index.php\/urun\/siyasal-kavrami\/"},"modified":"2026-04-16T02:00:52","modified_gmt":"2026-04-15T23:00:52","slug":"siyasal-kavrami","status":"publish","type":"product","link":"https:\/\/roveyayinevi.com.tr\/index.php\/urun\/siyasal-kavrami\/","title":{"rendered":"Siyasal Kavram\u0131"},"content":{"rendered":"<p>1932 tarihli bir klasik olan Siyasal Kavram\u0131, Alman d\u00fc\u015f\u00fcn\u00fcr ve hukuk\u00e7u Carl Schmitt\u00b4in yap\u0131tlar\u0131 i\u00e7inde \u00f6nemli bir yere sahiptir: Siyasal kavram\u0131na ili\u015fkin asli \u00f6l\u00e7\u00fct\u00fcn\u00fc, yani dost-d\u00fc\u015fman ayr\u0131m\u0131n\u0131 kurgulad\u0131\u011f\u0131 yap\u0131t\u0131d\u0131r. Kitab\u0131n temelindeki ilgi, devleti i\u00e7inde bulundu\u011fu kriz halinden \u00e7\u0131karman\u0131n yollar\u0131n\u0131 ortaya koymak. Siyaset ile devletin ayr\u0131l\u0131\u011f\u0131n\u0131 \u0131srarla vurgulamas\u0131na ra\u011fmen Schmitt, esasen devletin neden toplumdan farkl\u0131 ve toplumun \u00fcst\u00fcnde olmas\u0131 gerekti\u011fini tart\u0131\u015fm\u0131\u015ft\u0131r.Schmitt, son yirmi, yirmi be\u015f y\u0131l\u0131n siyasetbilim literat\u00fcr\u00fc i\u00e7inde, s\u00fcrekli tart\u0131\u015fma konusu olan bir yer buluyor kendine. Aykut \u00c7elebi, kitab\u0131 sunarken \u015f\u00f6yle diyor: &#8220;Schmitt, liberal depolitizasyon \u00e7a\u011f\u0131n\u0131n kilerde sakl\u0131 aile hayaletidir. Bu hayalet bug\u00fcn tutuldu\u011fu yerden ka\u00e7t\u0131 ve bast\u0131r\u0131lm\u0131\u015f her \u015fey gibi b\u00fcy\u00fck bir \u015fiddetle, mikro fa\u015fizmlerde ve her t\u00fcrl\u00fc d\u0131\u015flay\u0131c\u0131 partik\u00fclarizmde boy g\u00f6steriyor. Yeni d\u00f6nemde bir ba\u015fka Schmitt\u00e7i kategori de, k\u00fcresel kapitalizm kar\u015f\u0131t\u0131 sahte milliyet\u00e7i muhalefette, siyasetin a\u015f\u0131r\u0131 siyasalla\u015ft\u0131r\u0131lm\u0131\u015f konumunda kar\u015f\u0131m\u0131za \u00e7\u0131k\u0131yor. Di\u011fer yandan Sol\u00b4un Schmitt\u2019e eskiden beri mevcut olan ilgisi de daha yo\u011fun ama daha mesafeli ve ele\u015ftirel bir nitelik kazand\u0131. Geni\u015f bir yelpazede Sol, Schmitt\u00b4i g\u00f6rmezden gelmek ya da tart\u0131\u015fmalar\u0131n d\u0131\u015f\u0131na atmak yerine, onu eksen alan ve a\u015fmay\u0131 ama\u00e7layan bir siyasal kavram\u0131 yaratma \u00e7abas\u0131 i\u00e7indedir.&#8221;Ger\u00e7ekten de kitab\u0131n okurlar\u0131, g\u00fcn\u00fcm\u00fcz\u00fcn d\u00fcnya \u00e7ap\u0131ndaki siyasal geli\u015fmelerinde Schmitt\u00b4ten belirgin yans\u0131malar, izler g\u00f6recekler \u2013 Siyasal\u00b4a ilgi duyan t\u00fcm okurlar\u0131m\u0131z\u0131n \u00f6nlerine koymalar\u0131, \u00fcst\u00fcne d\u00fc\u015f\u00fcnmeleri gereken bir kitap.<\/p>\n","protected":false},"excerpt":{"rendered":"<p>1932 tarihli bir klasik olan Siyasal Kavram\u0131, Alman d\u00fc\u015f\u00fcn\u00fcr ve hukuk\u00e7u Carl Schmitt\u00b4in yap\u0131tlar\u0131 i\u00e7inde \u00f6nemli bir yere sahiptir: Siyasal kavram\u0131na ili\u015fkin asli \u00f6l\u00e7\u00fct\u00fcn\u00fc, yani dost-d\u00fc\u015fman<span class=\"excerpt-hellip\"> [\u2026]<\/span><\/p>\n","protected":false},"featured_media":0,"template":"","meta":{"_monsterinsights_skip_tracking":false,"_monsterinsights_sitenote_active":false,"_monsterinsights_sitenote_note":"","_monsterinsights_sitenote_category":0},"product_brand":[],"product_cat":[12337,14706],"product_tag":[],"class_list":{"0":"post-691503","1":"product","2":"type-product","3":"status-publish","5":"product_cat-politika-siyaset","6":"product_cat-siyaset-bilimi","7":"pa_cilt-ciltsiz","8":"pa_tur-kitap","9":"pa_yayinevi-metis-yayinlari","10":"pa_yazar-carl-schmitt","12":"first","13":"instock","14":"sale","15":"shipping-taxable","16":"purchasable","17":"product-type-simple"},"_links":{"self":[{"href":"https:\/\/roveyayinevi.com.tr\/index.php\/wp-json\/wp\/v2\/product\/691503","targetHints":{"allow":["GET"]}}],"collection":[{"href":"https:\/\/roveyayinevi.com.tr\/index.php\/wp-json\/wp\/v2\/product"}],"about":[{"href":"https:\/\/roveyayinevi.com.tr\/index.php\/wp-json\/wp\/v2\/types\/product"}],"wp:attachment":[{"href":"https:\/\/roveyayinevi.com.tr\/index.php\/wp-json\/wp\/v2\/media?parent=691503"}],"wp:term":[{"taxonomy":"product_brand","embeddable":true,"href":"https:\/\/roveyayinevi.com.tr\/index.php\/wp-json\/wp\/v2\/product_brand?post=691503"},{"taxonomy":"product_cat","embeddable":true,"href":"https:\/\/roveyayinevi.com.tr\/index.php\/wp-json\/wp\/v2\/product_cat?post=691503"},{"taxonomy":"product_tag","embeddable":true,"href":"https:\/\/roveyayinevi.com.tr\/index.php\/wp-json\/wp\/v2\/product_tag?post=691503"}],"curies":[{"name":"wp","href":"https:\/\/api.w.org\/{rel}","templated":true}]}}