{"id":691500,"date":"2025-08-27T13:59:03","date_gmt":"2025-08-27T10:59:03","guid":{"rendered":"https:\/\/roveyayinevi.com.tr\/index.php\/urun\/allah-nasil-yaratiyor\/"},"modified":"2026-04-16T02:00:52","modified_gmt":"2026-04-15T23:00:52","slug":"allah-nasil-yaratiyor","status":"publish","type":"product","link":"https:\/\/roveyayinevi.com.tr\/index.php\/urun\/allah-nasil-yaratiyor\/","title":{"rendered":"Allah Nas\u0131l Yarat\u0131yor?"},"content":{"rendered":"<p>Mirza, Fatih ve Ali mahallenin en hareketli, en e\u011flenceli ve en matrak \u00e7ocuklar\u0131d\u0131r. Mahallenin b\u00fct\u00fcn e\u011flencesi onlard\u0131r. Mahalle camisine yeni atanan \u00d6mer Hoca\u2019yla bir ak\u015fam namaz\u0131 sonras\u0131 ba\u015flayan sohbetler, bir anda \u00e7ocuklar\u0131n vazge\u00e7ilmezi olur. \u00c7\u00fcnk\u00fc \u00d6mer Hoca, \u00e7ocuklar\u0131n merak etti\u011fi bir\u00e7ok soruyu, heyecanl\u0131 ve al\u0131\u015f\u0131lmad\u0131k bir \u015fekilde cevaplar. Allah nerede? Allah herkesi \u00f6zel mi yarat\u0131r? Bir elma kendi yarat\u0131c\u0131s\u0131n\u0131 nas\u0131l anlat\u0131r? Kendi kendini yaratan bir \u015fey var m\u0131? Bir \u015feyden her \u015fey yapan kim? \u00dc\u00e7 arkada\u015f bu sorular\u0131n cevaplar\u0131n\u0131 e\u011flenceli ve ilgin\u00e7 bir \u015fekilde \u00f6\u011freniyor. Haydi sen de onlara kat\u0131l! <\/p>\n","protected":false},"excerpt":{"rendered":"<p>Mirza, Fatih ve Ali mahallenin en hareketli, en e\u011flenceli ve en matrak \u00e7ocuklar\u0131d\u0131r. Mahallenin b\u00fct\u00fcn e\u011flencesi onlard\u0131r. Mahalle camisine yeni atanan \u00d6mer Hoca\u2019yla bir ak\u015fam namaz\u0131<span class=\"excerpt-hellip\"> [\u2026]<\/span><\/p>\n","protected":false},"featured_media":0,"template":"","meta":{"_monsterinsights_skip_tracking":false,"_monsterinsights_sitenote_active":false,"_monsterinsights_sitenote_note":"","_monsterinsights_sitenote_category":0},"product_brand":[],"product_cat":[12274,18802],"product_tag":[],"class_list":{"0":"post-691500","1":"product","2":"type-product","3":"status-publish","5":"product_cat-cocuk-ve-genclik-kitaplari","6":"product_cat-din-egitimi","7":"pa_cilt-ciltsiz","8":"pa_tur-kitap","9":"pa_yayinevi-nesil-cocuk-yayinlari","10":"pa_yazar-mehmed-paksu","12":"first","13":"instock","14":"sale","15":"shipping-taxable","16":"purchasable","17":"product-type-simple"},"_links":{"self":[{"href":"https:\/\/roveyayinevi.com.tr\/index.php\/wp-json\/wp\/v2\/product\/691500","targetHints":{"allow":["GET"]}}],"collection":[{"href":"https:\/\/roveyayinevi.com.tr\/index.php\/wp-json\/wp\/v2\/product"}],"about":[{"href":"https:\/\/roveyayinevi.com.tr\/index.php\/wp-json\/wp\/v2\/types\/product"}],"wp:attachment":[{"href":"https:\/\/roveyayinevi.com.tr\/index.php\/wp-json\/wp\/v2\/media?parent=691500"}],"wp:term":[{"taxonomy":"product_brand","embeddable":true,"href":"https:\/\/roveyayinevi.com.tr\/index.php\/wp-json\/wp\/v2\/product_brand?post=691500"},{"taxonomy":"product_cat","embeddable":true,"href":"https:\/\/roveyayinevi.com.tr\/index.php\/wp-json\/wp\/v2\/product_cat?post=691500"},{"taxonomy":"product_tag","embeddable":true,"href":"https:\/\/roveyayinevi.com.tr\/index.php\/wp-json\/wp\/v2\/product_tag?post=691500"}],"curies":[{"name":"wp","href":"https:\/\/api.w.org\/{rel}","templated":true}]}}