{"id":691499,"date":"2025-08-27T13:59:03","date_gmt":"2025-08-27T10:59:03","guid":{"rendered":"https:\/\/roveyayinevi.com.tr\/index.php\/urun\/100-aldim-dusup-bayildim\/"},"modified":"2026-04-16T02:00:52","modified_gmt":"2026-04-15T23:00:52","slug":"100-aldim-dusup-bayildim","status":"publish","type":"product","link":"https:\/\/roveyayinevi.com.tr\/index.php\/urun\/100-aldim-dusup-bayildim\/","title":{"rendered":"100 Ald\u0131m D\u00fc\u015f\u00fcp Bay\u0131ld\u0131m!"},"content":{"rendered":"<p>\u0130\u015fte senin i\u00e7in okumay\u0131 sevdiren bir kitap serisi!Zeynep s\u00f6zl\u00fcden 100 al\u0131yor ve ba\u015f\u0131na t\u00fcrl\u00fc t\u00fcrl\u00fc \u015feyler geliyor. S\u0131navlar\u0131n kald\u0131r\u0131lmas\u0131 i\u00e7in bir de \u00f6\u011frenciler M\u00fcd\u00fcr Amca\u2019ya mektup yaz\u0131yor. Sonra okula kameralar geliyor ve b\u00fct\u00fcn bunlar\u0131n hepsi haber oluyor. Zeynep\u2019in a\u015f\u0131r\u0131 komik maceralar\u0131 sizi g\u00fclmekten sandalyeden d\u00fc\u015f\u00fcrecek! <\/p>\n","protected":false},"excerpt":{"rendered":"<p>\u0130\u015fte senin i\u00e7in okumay\u0131 sevdiren bir kitap serisi!Zeynep s\u00f6zl\u00fcden 100 al\u0131yor ve ba\u015f\u0131na t\u00fcrl\u00fc t\u00fcrl\u00fc \u015feyler geliyor. S\u0131navlar\u0131n kald\u0131r\u0131lmas\u0131 i\u00e7in bir de \u00f6\u011frenciler M\u00fcd\u00fcr Amca\u2019ya mektup<span class=\"excerpt-hellip\"> [\u2026]<\/span><\/p>\n","protected":false},"featured_media":0,"template":"","meta":{"_monsterinsights_skip_tracking":false,"_monsterinsights_sitenote_active":false,"_monsterinsights_sitenote_note":"","_monsterinsights_sitenote_category":0},"product_brand":[],"product_cat":[12274,12284],"product_tag":[],"class_list":{"0":"post-691499","1":"product","2":"type-product","3":"status-publish","5":"product_cat-cocuk-ve-genclik-kitaplari","6":"product_cat-hikayeler","7":"pa_cilt-ciltsiz","8":"pa_tur-kitap","9":"pa_yayinevi-nesil-cocuk-yayinlari","10":"pa_yazar-sebnem-guler-karacan","12":"first","13":"instock","14":"sale","15":"shipping-taxable","16":"purchasable","17":"product-type-simple"},"_links":{"self":[{"href":"https:\/\/roveyayinevi.com.tr\/index.php\/wp-json\/wp\/v2\/product\/691499","targetHints":{"allow":["GET"]}}],"collection":[{"href":"https:\/\/roveyayinevi.com.tr\/index.php\/wp-json\/wp\/v2\/product"}],"about":[{"href":"https:\/\/roveyayinevi.com.tr\/index.php\/wp-json\/wp\/v2\/types\/product"}],"wp:attachment":[{"href":"https:\/\/roveyayinevi.com.tr\/index.php\/wp-json\/wp\/v2\/media?parent=691499"}],"wp:term":[{"taxonomy":"product_brand","embeddable":true,"href":"https:\/\/roveyayinevi.com.tr\/index.php\/wp-json\/wp\/v2\/product_brand?post=691499"},{"taxonomy":"product_cat","embeddable":true,"href":"https:\/\/roveyayinevi.com.tr\/index.php\/wp-json\/wp\/v2\/product_cat?post=691499"},{"taxonomy":"product_tag","embeddable":true,"href":"https:\/\/roveyayinevi.com.tr\/index.php\/wp-json\/wp\/v2\/product_tag?post=691499"}],"curies":[{"name":"wp","href":"https:\/\/api.w.org\/{rel}","templated":true}]}}