{"id":691496,"date":"2025-08-27T13:59:02","date_gmt":"2025-08-27T10:59:02","guid":{"rendered":"https:\/\/roveyayinevi.com.tr\/index.php\/urun\/odtululerin-odtusu\/"},"modified":"2026-04-16T02:00:52","modified_gmt":"2026-04-15T23:00:52","slug":"odtululerin-odtusu","status":"publish","type":"product","link":"https:\/\/roveyayinevi.com.tr\/index.php\/urun\/odtululerin-odtusu\/","title":{"rendered":"Odt\u00fc\u2019l\u00fclerin Odt\u00fc\u2019s\u00fc"},"content":{"rendered":"<p>Bu kitaba resmi olmayan s\u0131cac\u0131k bir ODT\u00dc tarihidir denilebilir. Sadece ODT\u00dc\u2019l\u00fc \u00f6\u011frencilerin ya da ODT\u00dc personelinin g\u00f6z\u00fcnden de\u011fil, ODT\u00dc\u2019y\u00fc d\u0131\u015far\u0131dan g\u00f6zlemleyen insanlar\u0131n da bu s\u0131rad\u0131\u015f\u0131 \u00fcniversiteyi nas\u0131l g\u00f6rd\u00fcklerinin ve alg\u0131lad\u0131klar\u0131n\u0131n renkli bir tablosudur. T\u00fcrkiye tarihinde herhalde bu kadar sevilen, \u00fcrk\u00fclen, sayg\u0131 duyulan, bir par\u00e7as\u0131 olmaktan gurur duyarken ayn\u0131 zamanda k\u0131zg\u0131nl\u0131kla an\u0131lan bir \u00fcniversite olmam\u0131\u015ft\u0131r. <\/p>\n","protected":false},"excerpt":{"rendered":"<p>Bu kitaba resmi olmayan s\u0131cac\u0131k bir ODT\u00dc tarihidir denilebilir. Sadece ODT\u00dc\u2019l\u00fc \u00f6\u011frencilerin ya da ODT\u00dc personelinin g\u00f6z\u00fcnden de\u011fil, ODT\u00dc\u2019y\u00fc d\u0131\u015far\u0131dan g\u00f6zlemleyen insanlar\u0131n da bu s\u0131rad\u0131\u015f\u0131 \u00fcniversiteyi<span class=\"excerpt-hellip\"> [\u2026]<\/span><\/p>\n","protected":false},"featured_media":0,"template":"","meta":{"_monsterinsights_skip_tracking":false,"_monsterinsights_sitenote_active":false,"_monsterinsights_sitenote_note":"","_monsterinsights_sitenote_category":0},"product_brand":[],"product_cat":[13059,12337],"product_tag":[],"class_list":{"0":"post-691496","1":"product","2":"type-product","3":"status-publish","5":"product_cat-diger-politika-siyaset","6":"product_cat-politika-siyaset","7":"pa_tur-kitap","8":"pa_yayinevi-odtu-gelistirme-vakfi-yayincilik","9":"pa_yazar-onder-senyapili","11":"first","12":"instock","13":"sale","14":"shipping-taxable","15":"purchasable","16":"product-type-simple"},"_links":{"self":[{"href":"https:\/\/roveyayinevi.com.tr\/index.php\/wp-json\/wp\/v2\/product\/691496","targetHints":{"allow":["GET"]}}],"collection":[{"href":"https:\/\/roveyayinevi.com.tr\/index.php\/wp-json\/wp\/v2\/product"}],"about":[{"href":"https:\/\/roveyayinevi.com.tr\/index.php\/wp-json\/wp\/v2\/types\/product"}],"wp:attachment":[{"href":"https:\/\/roveyayinevi.com.tr\/index.php\/wp-json\/wp\/v2\/media?parent=691496"}],"wp:term":[{"taxonomy":"product_brand","embeddable":true,"href":"https:\/\/roveyayinevi.com.tr\/index.php\/wp-json\/wp\/v2\/product_brand?post=691496"},{"taxonomy":"product_cat","embeddable":true,"href":"https:\/\/roveyayinevi.com.tr\/index.php\/wp-json\/wp\/v2\/product_cat?post=691496"},{"taxonomy":"product_tag","embeddable":true,"href":"https:\/\/roveyayinevi.com.tr\/index.php\/wp-json\/wp\/v2\/product_tag?post=691496"}],"curies":[{"name":"wp","href":"https:\/\/api.w.org\/{rel}","templated":true}]}}