{"id":691495,"date":"2025-08-27T13:59:02","date_gmt":"2025-08-27T10:59:02","guid":{"rendered":"https:\/\/roveyayinevi.com.tr\/index.php\/urun\/neyi-neden-nasil-anlatiyor-karikatur-kim-niye-ciziyor\/"},"modified":"2026-04-16T02:00:52","modified_gmt":"2026-04-15T23:00:52","slug":"neyi-neden-nasil-anlatiyor-karikatur-kim-niye-ciziyor","status":"publish","type":"product","link":"https:\/\/roveyayinevi.com.tr\/index.php\/urun\/neyi-neden-nasil-anlatiyor-karikatur-kim-niye-ciziyor\/","title":{"rendered":"Neyi, Neden, Nas\u0131l Anlat\u0131yor  Karikat\u00fcr;  Kim, Niye \u00c7iziyor!?."},"content":{"rendered":"<p>Ad\u0131, h\u00fccum etmek anlam\u0131na gelen   caricare   s\u00f6zc\u00fc\u011f\u00fcnden gelen karikat\u00fcr i\u00e7in \u00e7ok de\u011fi\u015fik tan\u0131mlar var. <\/p>\n","protected":false},"excerpt":{"rendered":"<p>Ad\u0131, h\u00fccum etmek anlam\u0131na gelen caricare s\u00f6zc\u00fc\u011f\u00fcnden gelen karikat\u00fcr i\u00e7in \u00e7ok de\u011fi\u015fik tan\u0131mlar var.<\/p>\n","protected":false},"featured_media":0,"template":"","meta":{"_monsterinsights_skip_tracking":false,"_monsterinsights_sitenote_active":false,"_monsterinsights_sitenote_note":"","_monsterinsights_sitenote_category":0},"product_brand":[],"product_cat":[12477,12364],"product_tag":[],"class_list":{"0":"post-691495","1":"product","2":"type-product","3":"status-publish","5":"product_cat-eglence-mizah","6":"product_cat-genel-konular","7":"pa_tur-kitap","8":"pa_yayinevi-odtu-gelistirme-vakfi-yayincilik","9":"pa_yazar-onder-senyapili","11":"first","12":"instock","13":"sale","14":"shipping-taxable","15":"purchasable","16":"product-type-simple"},"_links":{"self":[{"href":"https:\/\/roveyayinevi.com.tr\/index.php\/wp-json\/wp\/v2\/product\/691495","targetHints":{"allow":["GET"]}}],"collection":[{"href":"https:\/\/roveyayinevi.com.tr\/index.php\/wp-json\/wp\/v2\/product"}],"about":[{"href":"https:\/\/roveyayinevi.com.tr\/index.php\/wp-json\/wp\/v2\/types\/product"}],"wp:attachment":[{"href":"https:\/\/roveyayinevi.com.tr\/index.php\/wp-json\/wp\/v2\/media?parent=691495"}],"wp:term":[{"taxonomy":"product_brand","embeddable":true,"href":"https:\/\/roveyayinevi.com.tr\/index.php\/wp-json\/wp\/v2\/product_brand?post=691495"},{"taxonomy":"product_cat","embeddable":true,"href":"https:\/\/roveyayinevi.com.tr\/index.php\/wp-json\/wp\/v2\/product_cat?post=691495"},{"taxonomy":"product_tag","embeddable":true,"href":"https:\/\/roveyayinevi.com.tr\/index.php\/wp-json\/wp\/v2\/product_tag?post=691495"}],"curies":[{"name":"wp","href":"https:\/\/api.w.org\/{rel}","templated":true}]}}