{"id":691493,"date":"2025-08-27T13:59:02","date_gmt":"2025-08-27T10:59:02","guid":{"rendered":"https:\/\/roveyayinevi.com.tr\/index.php\/urun\/kelebek-ve-dalgic\/"},"modified":"2026-04-16T02:00:52","modified_gmt":"2026-04-15T23:00:52","slug":"kelebek-ve-dalgic","status":"publish","type":"product","link":"https:\/\/roveyayinevi.com.tr\/index.php\/urun\/kelebek-ve-dalgic\/","title":{"rendered":"Kelebek ve Dalg\u0131\u00e7"},"content":{"rendered":"<p>Sol Aya\u011f\u0131m gibi bir klasik olmaya aday, ger\u00e7ek bir ya\u015fam \u00f6yk\u00fcs\u00fc&#8230; Kelebek ve Dalg\u0131\u00e7, ya\u015fanm\u0131\u015f bir hik\u00e2yenin anlat\u0131s\u0131d\u0131r. Jean-Dominique Bauby, bir beyin kanamas\u0131 ge\u00e7irir; yolunda giden hayat\u0131 art\u0131k bir \u00e7\u0131kmaza girmi\u015ftir. Onun i\u00e7in hi\u00e7bir \u015fey eskisi gibi olmayacakt\u0131r. Art\u0131k v\u00fccuduyla tek yapabildi\u011fi \u015fey, g\u00f6zkapaklar\u0131ndan birini oynatabilmektir. \u0130nsanlarla ileti\u015fim kurmak i\u00e7in kullanabilece\u011fi tek yol budur. Yine de, umut&#8230; Hep vard\u0131r umut. \u0130nanmaktan vazge\u00e7meyen insan bir\u00e7ok \u015feyi ba\u015farabilir. Jean-Dominique Bauby de bu kitab\u0131, sadece g\u00f6z kapa\u011f\u0131n\u0131 oynatarak, alfabedeki yerlerini i\u015faret etti\u011fi harfler sayesinde yazd\u0131rmay\u0131 ba\u015farm\u0131\u015ft\u0131r. O nedenle bu kitap k\u0131sad\u0131r ama a\u00e7aca\u011f\u0131 kap\u0131n\u0131n \u00f6n\u00fcn\u00fcze serece\u011fi yol \u00e7ok uzundur. G\u00fcn\u00fcm\u00fcze ait bir efsane gibi&#8230; Y\u00fczy\u0131l\u0131n en iyi kitaplar\u0131ndan biri. -Jackie Wullschlager-Financial Times \u0130nsan olman\u0131n \u00e7ekirde\u011fini, \u00f6z\u00fcn\u00fc anlatan bu kitab\u0131n s\u00f6ylediklerini dinlemeliyiz. -Robert McCrum-Observer Bu kitab\u0131 okuyun ve hayat\u0131n\u0131za yeniden \u00e2\u015f\u0131k olun. -Edmund White- Sars\u0131c\u0131 bir \u00e7al\u0131\u015fma. Akl\u0131n ve ruhun inan\u0131lmaz g\u00fcc\u00fcn\u00fc yaz\u0131yla harmanlayarak mutlaka okunmas\u0131 gereken bir hik\u00e2ye sunuyor. -A.L. Kennedy- G\u00fcn\u00fcm\u00fcz\u00fcn en dikkate de\u011fer ya\u015fam \u00f6yk\u00fcs\u00fc &#8230;hatta belki de t\u00fcm zamanlar\u0131n demeliyiz. -Cynthia Ozick- \ufffcTan\u0131t\u0131m Metni<\/p>\n","protected":false},"excerpt":{"rendered":"<p>Sol Aya\u011f\u0131m gibi bir klasik olmaya aday, ger\u00e7ek bir ya\u015fam \u00f6yk\u00fcs\u00fc&#8230; Kelebek ve Dalg\u0131\u00e7, ya\u015fanm\u0131\u015f bir hik\u00e2yenin anlat\u0131s\u0131d\u0131r. Jean-Dominique Bauby, bir beyin kanamas\u0131 ge\u00e7irir; yolunda giden<span class=\"excerpt-hellip\"> [\u2026]<\/span><\/p>\n","protected":false},"featured_media":0,"template":"","meta":{"_monsterinsights_skip_tracking":false,"_monsterinsights_sitenote_active":false,"_monsterinsights_sitenote_note":"","_monsterinsights_sitenote_category":0},"product_brand":[],"product_cat":[12782,12291],"product_tag":[],"class_list":{"0":"post-691493","1":"product","2":"type-product","3":"status-publish","5":"product_cat-alman-edebiyati","6":"product_cat-edebiyat","7":"pa_tur-kitap","8":"pa_yayinevi-nemesis-kitap","9":"pa_yazar-jean-dominique-bauby","11":"first","12":"instock","13":"sale","14":"shipping-taxable","15":"purchasable","16":"product-type-simple"},"_links":{"self":[{"href":"https:\/\/roveyayinevi.com.tr\/index.php\/wp-json\/wp\/v2\/product\/691493","targetHints":{"allow":["GET"]}}],"collection":[{"href":"https:\/\/roveyayinevi.com.tr\/index.php\/wp-json\/wp\/v2\/product"}],"about":[{"href":"https:\/\/roveyayinevi.com.tr\/index.php\/wp-json\/wp\/v2\/types\/product"}],"wp:attachment":[{"href":"https:\/\/roveyayinevi.com.tr\/index.php\/wp-json\/wp\/v2\/media?parent=691493"}],"wp:term":[{"taxonomy":"product_brand","embeddable":true,"href":"https:\/\/roveyayinevi.com.tr\/index.php\/wp-json\/wp\/v2\/product_brand?post=691493"},{"taxonomy":"product_cat","embeddable":true,"href":"https:\/\/roveyayinevi.com.tr\/index.php\/wp-json\/wp\/v2\/product_cat?post=691493"},{"taxonomy":"product_tag","embeddable":true,"href":"https:\/\/roveyayinevi.com.tr\/index.php\/wp-json\/wp\/v2\/product_tag?post=691493"}],"curies":[{"name":"wp","href":"https:\/\/api.w.org\/{rel}","templated":true}]}}