{"id":691488,"date":"2025-08-27T13:59:01","date_gmt":"2025-08-27T10:59:01","guid":{"rendered":"https:\/\/roveyayinevi.com.tr\/index.php\/urun\/tali-oykulerle-davranis-egitimi-seti-10-kitap\/"},"modified":"2026-04-16T02:00:52","modified_gmt":"2026-04-15T23:00:52","slug":"tali-oykulerle-davranis-egitimi-seti-10-kitap","status":"publish","type":"product","link":"https:\/\/roveyayinevi.com.tr\/index.php\/urun\/tali-oykulerle-davranis-egitimi-seti-10-kitap\/","title":{"rendered":"Tali \u00d6yk\u00fclerle Davran\u0131\u015f E\u011fitimi Seti (10 Kitap)"},"content":{"rendered":"<p>Setteki Kitaplar:Tali B\u00fcy\u00fcklerinin Elini TutuyorTali S\u00f6z DinliyorTali Yemeklerini YiyorTali E\u015fyalar\u0131n\u0131 Payla\u015f\u0131yorTali Buldu\u011fu E\u015fyay\u0131 Sahibine VeriyorTali Erken Yat\u0131yorTali Do\u011fruyu S\u00f6yl\u00fcyorTali Yard\u0131m EdiyorTali Ellerini Y\u0131k\u0131yorTali Odas\u0131n\u0131 Topluyor\u00c7ocu\u011funuz;-Yeme\u011fini yemiyor mu?-S\u00f6z dinlemiyor mu?-Erken yatm\u0131yor mu?-Odas\u0131n\u0131 toplam\u0131yor mu?-Yard\u0131msever de\u011fil mi?<\/p>\n","protected":false},"excerpt":{"rendered":"<p>Setteki Kitaplar:Tali B\u00fcy\u00fcklerinin Elini TutuyorTali S\u00f6z DinliyorTali Yemeklerini YiyorTali E\u015fyalar\u0131n\u0131 Payla\u015f\u0131yorTali Buldu\u011fu E\u015fyay\u0131 Sahibine VeriyorTali Erken Yat\u0131yorTali Do\u011fruyu S\u00f6yl\u00fcyorTali Yard\u0131m EdiyorTali Ellerini Y\u0131k\u0131yorTali Odas\u0131n\u0131 Topluyor\u00c7ocu\u011funuz;-Yeme\u011fini yemiyor<span class=\"excerpt-hellip\"> [\u2026]<\/span><\/p>\n","protected":false},"featured_media":0,"template":"","meta":{"_monsterinsights_skip_tracking":false,"_monsterinsights_sitenote_active":false,"_monsterinsights_sitenote_note":"","_monsterinsights_sitenote_category":0},"product_brand":[],"product_cat":[12274,15842],"product_tag":[],"class_list":{"0":"post-691488","1":"product","2":"type-product","3":"status-publish","5":"product_cat-cocuk-ve-genclik-kitaplari","6":"product_cat-egitici-kitaplar","7":"pa_cilt-set","8":"pa_tur-kitap","9":"pa_yayinevi-nesil-cocuk-yayinlari","10":"pa_yazar-berrin-goncu-isikoglu","12":"first","13":"instock","14":"sale","15":"shipping-taxable","16":"purchasable","17":"product-type-simple"},"_links":{"self":[{"href":"https:\/\/roveyayinevi.com.tr\/index.php\/wp-json\/wp\/v2\/product\/691488","targetHints":{"allow":["GET"]}}],"collection":[{"href":"https:\/\/roveyayinevi.com.tr\/index.php\/wp-json\/wp\/v2\/product"}],"about":[{"href":"https:\/\/roveyayinevi.com.tr\/index.php\/wp-json\/wp\/v2\/types\/product"}],"wp:attachment":[{"href":"https:\/\/roveyayinevi.com.tr\/index.php\/wp-json\/wp\/v2\/media?parent=691488"}],"wp:term":[{"taxonomy":"product_brand","embeddable":true,"href":"https:\/\/roveyayinevi.com.tr\/index.php\/wp-json\/wp\/v2\/product_brand?post=691488"},{"taxonomy":"product_cat","embeddable":true,"href":"https:\/\/roveyayinevi.com.tr\/index.php\/wp-json\/wp\/v2\/product_cat?post=691488"},{"taxonomy":"product_tag","embeddable":true,"href":"https:\/\/roveyayinevi.com.tr\/index.php\/wp-json\/wp\/v2\/product_tag?post=691488"}],"curies":[{"name":"wp","href":"https:\/\/api.w.org\/{rel}","templated":true}]}}