{"id":691485,"date":"2025-08-27T13:59:00","date_gmt":"2025-08-27T10:59:00","guid":{"rendered":"https:\/\/roveyayinevi.com.tr\/index.php\/urun\/1930-yalanci-bahar\/"},"modified":"2026-04-16T02:00:52","modified_gmt":"2026-04-15T23:00:52","slug":"1930-yalanci-bahar","status":"publish","type":"product","link":"https:\/\/roveyayinevi.com.tr\/index.php\/urun\/1930-yalanci-bahar\/","title":{"rendered":"1930 Yalanc\u0131 Bahar"},"content":{"rendered":"<p>Gen\u00e7 Cumhuriyetin, \u2018cumhur\u2019u unuttu\u011fu; toplumun i\u00e7indeki her farkl\u0131l\u0131\u011f\u0131 tehlike olarak alg\u0131lad\u0131\u011f\u0131 bir d\u00f6nem&#8230; Takrir-i S\u00fck\u00fbn, \u0130stikl\u00e2l Mahkemeleri, idamlar, s\u00fcrg\u00fcnler, her t\u00fcrden farkl\u0131 d\u00fc\u015f\u00fcnceye, inan\u0131\u015fa ve ya\u015fay\u0131\u015fa kar\u015f\u0131 geli\u015ftirilen bask\u0131c\u0131 ve yasak\u00e7\u0131 d\u00fczenlemeler.. Halk mutemedlerin ellerinde inim inim inliyor. \u0130nsanlar tek partinin bask\u0131s\u0131 \u00fczerlerinden kalks\u0131n, \u2018cumhuriyet\u2019 cumhura vaad etti\u011fi \u00f6zg\u00fcrl\u00fc\u011f\u00fc ve serbestli\u011fi versin istiyorlar. <\/p>\n","protected":false},"excerpt":{"rendered":"<p>Gen\u00e7 Cumhuriyetin, \u2018cumhur\u2019u unuttu\u011fu; toplumun i\u00e7indeki her farkl\u0131l\u0131\u011f\u0131 tehlike olarak alg\u0131lad\u0131\u011f\u0131 bir d\u00f6nem&#8230; Takrir-i S\u00fck\u00fbn, \u0130stikl\u00e2l Mahkemeleri, idamlar, s\u00fcrg\u00fcnler, her t\u00fcrden farkl\u0131 d\u00fc\u015f\u00fcnceye, inan\u0131\u015fa ve ya\u015fay\u0131\u015fa<span class=\"excerpt-hellip\"> [\u2026]<\/span><\/p>\n","protected":false},"featured_media":0,"template":"","meta":{"_monsterinsights_skip_tracking":false,"_monsterinsights_sitenote_active":false,"_monsterinsights_sitenote_note":"","_monsterinsights_sitenote_category":0},"product_brand":[],"product_cat":[12291,12292],"product_tag":[],"class_list":{"0":"post-691485","1":"product","2":"type-product","3":"status-publish","5":"product_cat-edebiyat","6":"product_cat-turk-edebiyati","7":"pa_tur-kitap","8":"pa_yayinevi-nesil-yayinlari","9":"pa_yazar-zekeriya-yildiz","11":"first","12":"instock","13":"sale","14":"shipping-taxable","15":"purchasable","16":"product-type-simple"},"_links":{"self":[{"href":"https:\/\/roveyayinevi.com.tr\/index.php\/wp-json\/wp\/v2\/product\/691485","targetHints":{"allow":["GET"]}}],"collection":[{"href":"https:\/\/roveyayinevi.com.tr\/index.php\/wp-json\/wp\/v2\/product"}],"about":[{"href":"https:\/\/roveyayinevi.com.tr\/index.php\/wp-json\/wp\/v2\/types\/product"}],"wp:attachment":[{"href":"https:\/\/roveyayinevi.com.tr\/index.php\/wp-json\/wp\/v2\/media?parent=691485"}],"wp:term":[{"taxonomy":"product_brand","embeddable":true,"href":"https:\/\/roveyayinevi.com.tr\/index.php\/wp-json\/wp\/v2\/product_brand?post=691485"},{"taxonomy":"product_cat","embeddable":true,"href":"https:\/\/roveyayinevi.com.tr\/index.php\/wp-json\/wp\/v2\/product_cat?post=691485"},{"taxonomy":"product_tag","embeddable":true,"href":"https:\/\/roveyayinevi.com.tr\/index.php\/wp-json\/wp\/v2\/product_tag?post=691485"}],"curies":[{"name":"wp","href":"https:\/\/api.w.org\/{rel}","templated":true}]}}