{"id":691483,"date":"2025-08-27T13:59:00","date_gmt":"2025-08-27T10:59:00","guid":{"rendered":"https:\/\/roveyayinevi.com.tr\/index.php\/urun\/kimdir-ezo-gelin-nedir-rab-ve-amin-kactir-sayisi-mehmetin\/"},"modified":"2026-04-16T02:00:52","modified_gmt":"2026-04-15T23:00:52","slug":"kimdir-ezo-gelin-nedir-rab-ve-amin-kactir-sayisi-mehmetin","status":"publish","type":"product","link":"https:\/\/roveyayinevi.com.tr\/index.php\/urun\/kimdir-ezo-gelin-nedir-rab-ve-amin-kactir-sayisi-mehmetin\/","title":{"rendered":"Kimdir Ezo Gelin? Nedir Rab ve Amin? Ka\u00e7t\u0131r Say\u0131s\u0131 Mehmet\u2019in?"},"content":{"rendered":"<p>\u00d6nder \u015eenyap\u0131l\u0131 gazeteleri daha dikkatle okudu, tarad\u0131; kesikler biriktirdi ve g\u00fcn\u00fcbirlikten daha uzun ya\u015famas\u0131 gerekti\u011fine inand\u0131\u011f\u0131 y\u00fczler, olaylar, olgular, kavramlar, geli\u015fimler, a\u00e7\u0131klamalar, y\u00f6ntemler, istatistikler, vb. hakk\u0131ndaki bilgileri, belgeleri, yorumlar\u0131, g\u00f6r\u00fc\u015fleri, \u2018madde\u2019le\u015ftirerek \u2018K\u0130MD\u0130R?\u2019, \u2018NED\u0130R?\u2019 ve \u2018KA\u00c7TIR?\u2019 anaba\u015fl\u0131klar\u0131 alt\u0131nda toplad\u0131. <\/p>\n","protected":false},"excerpt":{"rendered":"<p>\u00d6nder \u015eenyap\u0131l\u0131 gazeteleri daha dikkatle okudu, tarad\u0131; kesikler biriktirdi ve g\u00fcn\u00fcbirlikten daha uzun ya\u015famas\u0131 gerekti\u011fine inand\u0131\u011f\u0131 y\u00fczler, olaylar, olgular, kavramlar, geli\u015fimler, a\u00e7\u0131klamalar, y\u00f6ntemler, istatistikler, vb. hakk\u0131ndaki<span class=\"excerpt-hellip\"> [\u2026]<\/span><\/p>\n","protected":false},"featured_media":0,"template":"","meta":{"_monsterinsights_skip_tracking":false,"_monsterinsights_sitenote_active":false,"_monsterinsights_sitenote_note":"","_monsterinsights_sitenote_category":0},"product_brand":[],"product_cat":[12365,12364],"product_tag":[],"class_list":{"0":"post-691483","1":"product","2":"type-product","3":"status-publish","5":"product_cat-diger-genel-konular","6":"product_cat-genel-konular","7":"pa_tur-kitap","8":"pa_yayinevi-odtu-gelistirme-vakfi-yayincilik","9":"pa_yazar-onder-senyapili","11":"first","12":"instock","13":"sale","14":"shipping-taxable","15":"purchasable","16":"product-type-simple"},"_links":{"self":[{"href":"https:\/\/roveyayinevi.com.tr\/index.php\/wp-json\/wp\/v2\/product\/691483","targetHints":{"allow":["GET"]}}],"collection":[{"href":"https:\/\/roveyayinevi.com.tr\/index.php\/wp-json\/wp\/v2\/product"}],"about":[{"href":"https:\/\/roveyayinevi.com.tr\/index.php\/wp-json\/wp\/v2\/types\/product"}],"wp:attachment":[{"href":"https:\/\/roveyayinevi.com.tr\/index.php\/wp-json\/wp\/v2\/media?parent=691483"}],"wp:term":[{"taxonomy":"product_brand","embeddable":true,"href":"https:\/\/roveyayinevi.com.tr\/index.php\/wp-json\/wp\/v2\/product_brand?post=691483"},{"taxonomy":"product_cat","embeddable":true,"href":"https:\/\/roveyayinevi.com.tr\/index.php\/wp-json\/wp\/v2\/product_cat?post=691483"},{"taxonomy":"product_tag","embeddable":true,"href":"https:\/\/roveyayinevi.com.tr\/index.php\/wp-json\/wp\/v2\/product_tag?post=691483"}],"curies":[{"name":"wp","href":"https:\/\/api.w.org\/{rel}","templated":true}]}}