{"id":691481,"date":"2025-08-27T13:58:59","date_gmt":"2025-08-27T10:58:59","guid":{"rendered":"https:\/\/roveyayinevi.com.tr\/index.php\/urun\/1-murad\/"},"modified":"2026-04-16T02:00:52","modified_gmt":"2026-04-15T23:00:52","slug":"1-murad","status":"publish","type":"product","link":"https:\/\/roveyayinevi.com.tr\/index.php\/urun\/1-murad\/","title":{"rendered":"1. Murad"},"content":{"rendered":"<p>Murad H\u00fcdavendigar Devri, ilahi tecellilerin co\u015fup ta\u015ft\u0131\u011f\u0131, \u0130stanbul\u2019un fethini haz\u0131rlayan k\u00f6pr\u00fcba\u015flar\u0131n\u0131n tutuldu\u011fu, Rumeli\u2019nin islamla\u015farak, yerli halk\u0131n kalplerinin kazan\u0131ld\u0131\u011f\u0131, Anadolu\u2019nun sakinle\u015ferek, devletin a\u011f\u0131rl\u0131\u011f\u0131n\u0131n her tarafta hissedildi\u011fi ve k\u00f6hnemi\u015f Bizans\u2019\u0131n surlar i\u00e7inde mahkum b\u0131rak\u0131ld\u0131\u011f\u0131 devirdir. Bu devirde, as\u0131rlarca ak\u0131ndan ak\u0131na ko\u015fan yeni\u00e7erinin \u00e7ekirde\u011fi at\u0131lm\u0131\u015f, devletin arazi d\u00fczeni m\u00fckemmel hale getirilmi\u015ftir. Elinizdeki kitap bir biyografiden \u00f6te Osmanl\u0131\u2019y\u0131, tart\u0131\u015fmas\u0131z d\u00f6rt as\u0131r d\u00fcnya hakimi yapan ruhun tahlilidir. <\/p>\n","protected":false},"excerpt":{"rendered":"<p>Murad H\u00fcdavendigar Devri, ilahi tecellilerin co\u015fup ta\u015ft\u0131\u011f\u0131, \u0130stanbul\u2019un fethini haz\u0131rlayan k\u00f6pr\u00fcba\u015flar\u0131n\u0131n tutuldu\u011fu, Rumeli\u2019nin islamla\u015farak, yerli halk\u0131n kalplerinin kazan\u0131ld\u0131\u011f\u0131, Anadolu\u2019nun sakinle\u015ferek, devletin a\u011f\u0131rl\u0131\u011f\u0131n\u0131n her tarafta hissedildi\u011fi ve<span class=\"excerpt-hellip\"> [\u2026]<\/span><\/p>\n","protected":false},"featured_media":0,"template":"","meta":{"_monsterinsights_skip_tracking":false,"_monsterinsights_sitenote_active":false,"_monsterinsights_sitenote_note":"","_monsterinsights_sitenote_category":0},"product_brand":[],"product_cat":[12274,14573],"product_tag":[],"class_list":{"0":"post-691481","1":"product","2":"type-product","3":"status-publish","5":"product_cat-cocuk-ve-genclik-kitaplari","6":"product_cat-referans-kitaplar-cocuk-ve-genclik-kitaplari","7":"pa_tur-kitap","8":"pa_yayinevi-nesil-yayinlari","9":"pa_yazar-yavuz-bahadiroglu","11":"first","12":"instock","13":"sale","14":"shipping-taxable","15":"purchasable","16":"product-type-simple"},"_links":{"self":[{"href":"https:\/\/roveyayinevi.com.tr\/index.php\/wp-json\/wp\/v2\/product\/691481","targetHints":{"allow":["GET"]}}],"collection":[{"href":"https:\/\/roveyayinevi.com.tr\/index.php\/wp-json\/wp\/v2\/product"}],"about":[{"href":"https:\/\/roveyayinevi.com.tr\/index.php\/wp-json\/wp\/v2\/types\/product"}],"wp:attachment":[{"href":"https:\/\/roveyayinevi.com.tr\/index.php\/wp-json\/wp\/v2\/media?parent=691481"}],"wp:term":[{"taxonomy":"product_brand","embeddable":true,"href":"https:\/\/roveyayinevi.com.tr\/index.php\/wp-json\/wp\/v2\/product_brand?post=691481"},{"taxonomy":"product_cat","embeddable":true,"href":"https:\/\/roveyayinevi.com.tr\/index.php\/wp-json\/wp\/v2\/product_cat?post=691481"},{"taxonomy":"product_tag","embeddable":true,"href":"https:\/\/roveyayinevi.com.tr\/index.php\/wp-json\/wp\/v2\/product_tag?post=691481"}],"curies":[{"name":"wp","href":"https:\/\/api.w.org\/{rel}","templated":true}]}}