{"id":691478,"date":"2025-08-27T13:58:59","date_gmt":"2025-08-27T10:58:59","guid":{"rendered":"https:\/\/roveyayinevi.com.tr\/index.php\/urun\/vucudumuz-soyle-bana-neden\/"},"modified":"2026-04-16T02:00:52","modified_gmt":"2026-04-15T23:00:52","slug":"vucudumuz-soyle-bana-neden","status":"publish","type":"product","link":"https:\/\/roveyayinevi.com.tr\/index.php\/urun\/vucudumuz-soyle-bana-neden\/","title":{"rendered":"V\u00fccudumuz &#8211; S\u00f6yle Bana Neden?"},"content":{"rendered":"<p>Merak etti\u011fin her \u015feyi bu kitapta bulacaks\u0131n. E\u011flenirken \u00f6\u011fren, \u00f6\u011frenirken e\u011flen! &#8211; V\u00fccudunu ne kadar tan\u0131yorsun? &#8211; Sa\u00e7lardaki bitler nedir? &#8211; Kalp nedir? &#8211; D\u0131\u015fk\u0131m\u0131z\u0131n i\u00e7inde ne vard\u0131r? &#8211; Y\u0131kanmak ger\u00e7ekten gerekli midir? &#8211; Ayaklar nas\u0131l hareket eder? &#8211; Nas\u0131l nefes al\u0131r\u0131m? &#8211; Sadece patates k\u0131zartmas\u0131yla beslenebilir misin? &#8211; Her gece uyumak zorunda m\u0131y\u0131z? <\/p>\n","protected":false},"excerpt":{"rendered":"<p>Merak etti\u011fin her \u015feyi bu kitapta bulacaks\u0131n. E\u011flenirken \u00f6\u011fren, \u00f6\u011frenirken e\u011flen! &#8211; V\u00fccudunu ne kadar tan\u0131yorsun? &#8211; Sa\u00e7lardaki bitler nedir? &#8211; Kalp nedir? &#8211; D\u0131\u015fk\u0131m\u0131z\u0131n i\u00e7inde<span class=\"excerpt-hellip\"> [\u2026]<\/span><\/p>\n","protected":false},"featured_media":0,"template":"","meta":{"_monsterinsights_skip_tracking":false,"_monsterinsights_sitenote_active":false,"_monsterinsights_sitenote_note":"","_monsterinsights_sitenote_category":0},"product_brand":[],"product_cat":[13829,12274],"product_tag":[],"class_list":{"0":"post-691478","1":"product","2":"type-product","3":"status-publish","5":"product_cat-bilimsel-kitaplar","6":"product_cat-cocuk-ve-genclik-kitaplari","7":"pa_tur-kitap","8":"pa_yayinevi-odtu-gelistirme-vakfi-yayincilik","9":"pa_yazar-sylvie-baussier","11":"first","12":"instock","13":"sale","14":"shipping-taxable","15":"purchasable","16":"product-type-simple"},"_links":{"self":[{"href":"https:\/\/roveyayinevi.com.tr\/index.php\/wp-json\/wp\/v2\/product\/691478","targetHints":{"allow":["GET"]}}],"collection":[{"href":"https:\/\/roveyayinevi.com.tr\/index.php\/wp-json\/wp\/v2\/product"}],"about":[{"href":"https:\/\/roveyayinevi.com.tr\/index.php\/wp-json\/wp\/v2\/types\/product"}],"wp:attachment":[{"href":"https:\/\/roveyayinevi.com.tr\/index.php\/wp-json\/wp\/v2\/media?parent=691478"}],"wp:term":[{"taxonomy":"product_brand","embeddable":true,"href":"https:\/\/roveyayinevi.com.tr\/index.php\/wp-json\/wp\/v2\/product_brand?post=691478"},{"taxonomy":"product_cat","embeddable":true,"href":"https:\/\/roveyayinevi.com.tr\/index.php\/wp-json\/wp\/v2\/product_cat?post=691478"},{"taxonomy":"product_tag","embeddable":true,"href":"https:\/\/roveyayinevi.com.tr\/index.php\/wp-json\/wp\/v2\/product_tag?post=691478"}],"curies":[{"name":"wp","href":"https:\/\/api.w.org\/{rel}","templated":true}]}}