{"id":691474,"date":"2025-08-27T13:58:58","date_gmt":"2025-08-27T10:58:58","guid":{"rendered":"https:\/\/roveyayinevi.com.tr\/index.php\/urun\/spor-kurallari\/"},"modified":"2026-04-16T02:00:52","modified_gmt":"2026-04-15T23:00:52","slug":"spor-kurallari","status":"publish","type":"product","link":"https:\/\/roveyayinevi.com.tr\/index.php\/urun\/spor-kurallari\/","title":{"rendered":"Spor Kurallar\u0131"},"content":{"rendered":"<p>Bu kitapta g\u00fcn\u00fcm\u00fczde yayg\u0131n olarak yap\u0131lmakta olan 19 spor bran\u015f\u0131n\u0131n T\u00fcrkiye ve D\u00fcnyadaki k\u0131sa tarih\u00e7esi, temel kurallar\u0131, o bran\u015fa ait ilgin\u00e7 olaylar ve en \u00f6nemli sporcular\u0131, T\u00fcrkiye ve D\u00fcnya rekorlar\u0131 k\u0131yaslamalar\u0131 ile birlikte okuyucuya sunulmu\u015ftur. <\/p>\n","protected":false},"excerpt":{"rendered":"<p>Bu kitapta g\u00fcn\u00fcm\u00fczde yayg\u0131n olarak yap\u0131lmakta olan 19 spor bran\u015f\u0131n\u0131n T\u00fcrkiye ve D\u00fcnyadaki k\u0131sa tarih\u00e7esi, temel kurallar\u0131, o bran\u015fa ait ilgin\u00e7 olaylar ve en \u00f6nemli sporcular\u0131,<span class=\"excerpt-hellip\"> [\u2026]<\/span><\/p>\n","protected":false},"featured_media":0,"template":"","meta":{"_monsterinsights_skip_tracking":false,"_monsterinsights_sitenote_active":false,"_monsterinsights_sitenote_note":"","_monsterinsights_sitenote_category":0},"product_brand":[],"product_cat":[15563,15564],"product_tag":[],"class_list":{"0":"post-691474","1":"product","2":"type-product","3":"status-publish","5":"product_cat-hobi","6":"product_cat-spor","7":"pa_tur-kitap","8":"pa_yayinevi-odtu-gelistirme-vakfi-yayincilik","9":"pa_yazar-baris-sozeri","11":"first","12":"instock","13":"sale","14":"shipping-taxable","15":"purchasable","16":"product-type-simple"},"_links":{"self":[{"href":"https:\/\/roveyayinevi.com.tr\/index.php\/wp-json\/wp\/v2\/product\/691474","targetHints":{"allow":["GET"]}}],"collection":[{"href":"https:\/\/roveyayinevi.com.tr\/index.php\/wp-json\/wp\/v2\/product"}],"about":[{"href":"https:\/\/roveyayinevi.com.tr\/index.php\/wp-json\/wp\/v2\/types\/product"}],"wp:attachment":[{"href":"https:\/\/roveyayinevi.com.tr\/index.php\/wp-json\/wp\/v2\/media?parent=691474"}],"wp:term":[{"taxonomy":"product_brand","embeddable":true,"href":"https:\/\/roveyayinevi.com.tr\/index.php\/wp-json\/wp\/v2\/product_brand?post=691474"},{"taxonomy":"product_cat","embeddable":true,"href":"https:\/\/roveyayinevi.com.tr\/index.php\/wp-json\/wp\/v2\/product_cat?post=691474"},{"taxonomy":"product_tag","embeddable":true,"href":"https:\/\/roveyayinevi.com.tr\/index.php\/wp-json\/wp\/v2\/product_tag?post=691474"}],"curies":[{"name":"wp","href":"https:\/\/api.w.org\/{rel}","templated":true}]}}