{"id":691472,"date":"2025-08-27T13:58:58","date_gmt":"2025-08-27T10:58:58","guid":{"rendered":"https:\/\/roveyayinevi.com.tr\/index.php\/urun\/mutfaktan-kalbe-sevgiyle-pisirelim\/"},"modified":"2026-04-16T02:00:52","modified_gmt":"2026-04-15T23:00:52","slug":"mutfaktan-kalbe-sevgiyle-pisirelim","status":"publish","type":"product","link":"https:\/\/roveyayinevi.com.tr\/index.php\/urun\/mutfaktan-kalbe-sevgiyle-pisirelim\/","title":{"rendered":"Mutfaktan Kalbe Sevgiyle Pi\u015firelim"},"content":{"rendered":"<p>D\u00fcnyada insana g\u0131da olabilecek ne \u00e7ok t\u00fcrde yiyecek var: Tatl\u0131s\u0131, tuzlusu, ac\u0131l\u0131s\u0131, ek\u015filisi; meyvesi, sebzesi&#8230; Ve daha y\u00fczlerce, binlerce tat ve lezzet. Hepsi sanki insan i\u00e7in haz\u0131rlanm\u0131\u015f ve tabiata saklanm\u0131\u015f. Orada, \u00f6ylece onlar\u0131 fark etmemizi ve usul\u00fcne uygun bir \u015fekilde haz\u0131rlamam\u0131z\u0131 bekliyorlar. <\/p>\n","protected":false},"excerpt":{"rendered":"<p>D\u00fcnyada insana g\u0131da olabilecek ne \u00e7ok t\u00fcrde yiyecek var: Tatl\u0131s\u0131, tuzlusu, ac\u0131l\u0131s\u0131, ek\u015filisi; meyvesi, sebzesi&#8230; Ve daha y\u00fczlerce, binlerce tat ve lezzet. Hepsi sanki insan i\u00e7in<span class=\"excerpt-hellip\"> [\u2026]<\/span><\/p>\n","protected":false},"featured_media":0,"template":"","meta":{"_monsterinsights_skip_tracking":false,"_monsterinsights_sitenote_active":false,"_monsterinsights_sitenote_note":"","_monsterinsights_sitenote_category":0},"product_brand":[],"product_cat":[12458,12457],"product_tag":[],"class_list":{"0":"post-691472","1":"product","2":"type-product","3":"status-publish","5":"product_cat-turk-mutfagi","6":"product_cat-yemek-kitaplari","7":"pa_tur-kitap","8":"pa_yayinevi-nesil-yayinlari","9":"pa_yazar-meltem-pala","11":"first","12":"instock","13":"sale","14":"shipping-taxable","15":"purchasable","16":"product-type-simple"},"_links":{"self":[{"href":"https:\/\/roveyayinevi.com.tr\/index.php\/wp-json\/wp\/v2\/product\/691472","targetHints":{"allow":["GET"]}}],"collection":[{"href":"https:\/\/roveyayinevi.com.tr\/index.php\/wp-json\/wp\/v2\/product"}],"about":[{"href":"https:\/\/roveyayinevi.com.tr\/index.php\/wp-json\/wp\/v2\/types\/product"}],"wp:attachment":[{"href":"https:\/\/roveyayinevi.com.tr\/index.php\/wp-json\/wp\/v2\/media?parent=691472"}],"wp:term":[{"taxonomy":"product_brand","embeddable":true,"href":"https:\/\/roveyayinevi.com.tr\/index.php\/wp-json\/wp\/v2\/product_brand?post=691472"},{"taxonomy":"product_cat","embeddable":true,"href":"https:\/\/roveyayinevi.com.tr\/index.php\/wp-json\/wp\/v2\/product_cat?post=691472"},{"taxonomy":"product_tag","embeddable":true,"href":"https:\/\/roveyayinevi.com.tr\/index.php\/wp-json\/wp\/v2\/product_tag?post=691472"}],"curies":[{"name":"wp","href":"https:\/\/api.w.org\/{rel}","templated":true}]}}