{"id":691460,"date":"2025-08-27T13:58:56","date_gmt":"2025-08-27T10:58:56","guid":{"rendered":"https:\/\/roveyayinevi.com.tr\/index.php\/urun\/oyun-durtusu\/"},"modified":"2026-02-03T02:02:36","modified_gmt":"2026-02-02T23:02:36","slug":"oyun-durtusu","status":"publish","type":"product","link":"https:\/\/roveyayinevi.com.tr\/index.php\/urun\/oyun-durtusu\/","title":{"rendered":"Oyun D\u00fcrt\u00fcs\u00fc"},"content":{"rendered":"<p>Kartallar ve Melekler ile tan\u0131d\u0131\u011f\u0131m\u0131z Juli Zeh bu roman\u0131nda Bonn\u2019da bir \u00f6zel okulda birbiriyle kar\u015f\u0131la\u015fan iki s\u0131rad\u0131\u015f\u0131 \u00f6\u011frencinin, fikirlerin, ideolojilerin, dinlerin, bar\u0131\u015fa inanc\u0131n, insan haklar\u0131n\u0131n ve demokrasinin yerine pragmatizmi koymu\u015f olan Ada ile Alev\u2019in \u00f6yk\u00fcs\u00fcn\u00fc anlat\u0131yor. Babas\u0131ndan, insanlar\u0131n kararlar\u0131n\u0131n asl\u0131nda m\u00fckemmel prova edilmi\u015f bir oyun oldu\u011funu \u00f6\u011frenmi\u015f olan ve oyunun, kendisine kalan son varolu\u015f \u015fekli oldu\u011funu d\u00fc\u015f\u00fcnen yar\u0131 M\u0131s\u0131rl\u0131 Alev ile kendi kendini yaratman\u0131n o yalanc\u0131, \u00e7ekici, kolayc\u0131 yolu olan nitelik edinmeyi gereksiz bulan, aptall\u0131\u011fa duydu\u011fu nefreti zehir gibi s\u00f6zlerle dile getiren Ada\u2019n\u0131n \u00f6yk\u00fcs\u00fcn\u00fc&#8230; Kendilerini nihilistlerin torunlar\u0131n\u0131n \u00e7ocuklar\u0131 olarak tan\u0131mlayan bu ikili, t\u00fcm de\u011fer yarg\u0131lar\u0131 ellerinden al\u0131nm\u0131\u015f olanlar\u0131n elinde kalan tek \u015fey olan oyun d\u00fcrt\u00fclerini Polonya\u2019dan iltica etmi\u015f olan \u00f6\u011fretmenleri \u00fczerinde tatmin etmeye karar vererek Ada\u2019ya olan ilgisini k\u00f6t\u00fcye kulland\u0131klar\u0131 Smutek\u2019e \u015fantaj yapmaya ba\u015flar. <\/p>\n","protected":false},"excerpt":{"rendered":"<p>Kartallar ve Melekler ile tan\u0131d\u0131\u011f\u0131m\u0131z Juli Zeh bu roman\u0131nda Bonn\u2019da bir \u00f6zel okulda birbiriyle kar\u015f\u0131la\u015fan iki s\u0131rad\u0131\u015f\u0131 \u00f6\u011frencinin, fikirlerin, ideolojilerin, dinlerin, bar\u0131\u015fa inanc\u0131n, insan haklar\u0131n\u0131n ve<span class=\"excerpt-hellip\"> [\u2026]<\/span><\/p>\n","protected":false},"featured_media":0,"template":"","meta":{"_monsterinsights_skip_tracking":false,"_monsterinsights_sitenote_active":false,"_monsterinsights_sitenote_note":"","_monsterinsights_sitenote_category":0},"product_brand":[],"product_cat":[12782,12291],"product_tag":[],"class_list":{"0":"post-691460","1":"product","2":"type-product","3":"status-publish","5":"product_cat-alman-edebiyati","6":"product_cat-edebiyat","7":"pa_cilt-ciltsiz","8":"pa_tur-kitap","9":"pa_yayinevi-metis-yayinlari","10":"pa_yazar-juli-zeh","12":"first","13":"instock","14":"sale","15":"shipping-taxable","16":"purchasable","17":"product-type-simple"},"_links":{"self":[{"href":"https:\/\/roveyayinevi.com.tr\/index.php\/wp-json\/wp\/v2\/product\/691460","targetHints":{"allow":["GET"]}}],"collection":[{"href":"https:\/\/roveyayinevi.com.tr\/index.php\/wp-json\/wp\/v2\/product"}],"about":[{"href":"https:\/\/roveyayinevi.com.tr\/index.php\/wp-json\/wp\/v2\/types\/product"}],"wp:attachment":[{"href":"https:\/\/roveyayinevi.com.tr\/index.php\/wp-json\/wp\/v2\/media?parent=691460"}],"wp:term":[{"taxonomy":"product_brand","embeddable":true,"href":"https:\/\/roveyayinevi.com.tr\/index.php\/wp-json\/wp\/v2\/product_brand?post=691460"},{"taxonomy":"product_cat","embeddable":true,"href":"https:\/\/roveyayinevi.com.tr\/index.php\/wp-json\/wp\/v2\/product_cat?post=691460"},{"taxonomy":"product_tag","embeddable":true,"href":"https:\/\/roveyayinevi.com.tr\/index.php\/wp-json\/wp\/v2\/product_tag?post=691460"}],"curies":[{"name":"wp","href":"https:\/\/api.w.org\/{rel}","templated":true}]}}