{"id":691459,"date":"2025-08-27T13:58:55","date_gmt":"2025-08-27T10:58:55","guid":{"rendered":"https:\/\/roveyayinevi.com.tr\/index.php\/urun\/bonzai\/"},"modified":"2025-11-05T02:18:23","modified_gmt":"2025-11-04T23:18:23","slug":"bonzai","status":"publish","type":"product","link":"https:\/\/roveyayinevi.com.tr\/index.php\/urun\/bonzai\/","title":{"rendered":"Bonzai"},"content":{"rendered":"<p>Yeni ku\u015fak \u015eilili yazarlar\u0131n\u0131n en \u00f6nemlisi olarak g\u00f6r\u00fclen Alejandro Zambra\u2019n\u0131n ilk roman\u0131 Bonzai yay\u0131mland\u0131\u011f\u0131 2006 y\u0131l\u0131ndan bu yana bir\u00e7ok dile \u00e7evrildi ve bir\u00e7ok \u00f6d\u00fcl kazand\u0131. Bonzai, Julio ve Emilia\u2019n\u0131n hik\u00e2yesiyle yo\u011frulan ufac\u0131k ve zarif bir roman, t\u0131pk\u0131 bonzailer gibi. Julio ve Emilia\u2019n\u0131n birlikteli\u011fi yaln\u0131zca cinsel ya da duygusal de\u011fil, ayn\u0131 zamanda edebi. \ufffcTan\u0131t\u0131m Metni<\/p>\n","protected":false},"excerpt":{"rendered":"<p>Yeni ku\u015fak \u015eilili yazarlar\u0131n\u0131n en \u00f6nemlisi olarak g\u00f6r\u00fclen Alejandro Zambra\u2019n\u0131n ilk roman\u0131 Bonzai yay\u0131mland\u0131\u011f\u0131 2006 y\u0131l\u0131ndan bu yana bir\u00e7ok dile \u00e7evrildi ve bir\u00e7ok \u00f6d\u00fcl kazand\u0131. Bonzai,<span class=\"excerpt-hellip\"> [\u2026]<\/span><\/p>\n","protected":false},"featured_media":0,"template":"","meta":{"_monsterinsights_skip_tracking":false,"_monsterinsights_sitenote_active":false,"_monsterinsights_sitenote_note":"","_monsterinsights_sitenote_category":0},"product_brand":[],"product_cat":[12291,13113],"product_tag":[],"class_list":{"0":"post-691459","1":"product","2":"type-product","3":"status-publish","5":"product_cat-edebiyat","6":"product_cat-ispanyol-edebiyati","7":"pa_cilt-ciltsiz","8":"pa_tur-kitap","9":"pa_yayinevi-notos-kitap","10":"pa_yazar-alejandro-zambra","12":"first","13":"instock","14":"sale","15":"shipping-taxable","16":"purchasable","17":"product-type-simple"},"_links":{"self":[{"href":"https:\/\/roveyayinevi.com.tr\/index.php\/wp-json\/wp\/v2\/product\/691459","targetHints":{"allow":["GET"]}}],"collection":[{"href":"https:\/\/roveyayinevi.com.tr\/index.php\/wp-json\/wp\/v2\/product"}],"about":[{"href":"https:\/\/roveyayinevi.com.tr\/index.php\/wp-json\/wp\/v2\/types\/product"}],"wp:attachment":[{"href":"https:\/\/roveyayinevi.com.tr\/index.php\/wp-json\/wp\/v2\/media?parent=691459"}],"wp:term":[{"taxonomy":"product_brand","embeddable":true,"href":"https:\/\/roveyayinevi.com.tr\/index.php\/wp-json\/wp\/v2\/product_brand?post=691459"},{"taxonomy":"product_cat","embeddable":true,"href":"https:\/\/roveyayinevi.com.tr\/index.php\/wp-json\/wp\/v2\/product_cat?post=691459"},{"taxonomy":"product_tag","embeddable":true,"href":"https:\/\/roveyayinevi.com.tr\/index.php\/wp-json\/wp\/v2\/product_tag?post=691459"}],"curies":[{"name":"wp","href":"https:\/\/api.w.org\/{rel}","templated":true}]}}