{"id":691456,"date":"2025-08-27T13:58:55","date_gmt":"2025-08-27T10:58:55","guid":{"rendered":"https:\/\/roveyayinevi.com.tr\/index.php\/urun\/mulksuzler\/"},"modified":"2026-04-16T02:00:51","modified_gmt":"2026-04-15T23:00:51","slug":"mulksuzler","status":"publish","type":"product","link":"https:\/\/roveyayinevi.com.tr\/index.php\/urun\/mulksuzler\/","title":{"rendered":"M\u00fclks\u00fczler"},"content":{"rendered":"<p>&#8230;Vermedi\u011fimiz \u015feyi alamazs\u0131n\u0131z, kendinizi vermeniz gerekir. Devrim\u2019i sat\u0131n alamazs\u0131n\u0131z. Devrim\u2019i yapamazs\u0131n\u0131z. Devrim olabilirsiniz ancak. Devrim ya ruhunuzdad\u0131r ya da hi\u00e7 bir yerde de\u011fildir. Konu\u015fmas\u0131n\u0131 bitirirken, yakla\u015fan polis helikopterlerinin g\u00fcr\u00fclt\u00fcs\u00fc sesini bo\u011fmaya ba\u015flad\u0131. Roman\u0131m M\u00fclks\u00fczler, kendilerine Odocu diyen k\u00fc\u00e7\u00fck bir d\u00fcnya dolusu insan\u0131 anlat\u0131yor; Odo romandaki olaylardan ku\u015faklarca \u00f6nce ya\u015fam\u0131\u015f, bu y\u00fczden olaylara kat\u0131lm\u0131yor, ya da yaln\u0131zca z\u0131mnen kat\u0131l\u0131yor, \u00e7\u00fcnk\u00fc b\u00fct\u00fcn olaylar asl\u0131nda onunla ba\u015flam\u0131\u015ft\u0131. Odoculuk anar\u015fizmdir. Sa\u011f\u0131 solu bombalamak anlam\u0131nda de\u011fil: kendine hangi sayg\u0131de\u011fer ad\u0131 verirse versin bunun ad\u0131 tedhi\u015f\u00e7iliktir. A\u015f\u0131r\u0131 sa\u011f\u0131n sosyal-Darwinist ekonomik \u00f6zg\u00fcrl\u00fck\u00e7\u00fcl\u00fc\u011f\u00fc de de\u011fil; d\u00fcped\u00fcz anar\u015fizm: eski Taocu d\u00fc\u015f\u00fcncede \u00f6ng\u00f6r\u00fclen, Shelley ve Kropotkin\u2019in, Goldmann ve Goodman\u2019\u0131n geli\u015ftirdi\u011fi bi\u00e7imiyle. Anar\u015fizmin ba\u015f hedefi, ister kapitalist isterse sosyalist olsun, otoriter devlettir; \u00f6nde gelen ahlaki ve ilkesel temas\u0131 ise i\u015fbirli\u011fidir (dayan\u0131\u015fma, kar\u015f\u0131l\u0131kl\u0131 yard\u0131m). T\u00fcm siyasal kuramlar i\u00e7inde en idealist olan\u0131 anar\u015fizmdir; bu y\u00fczden de bana en ilgin\u00e7 gelen kuramd\u0131r. <\/p>\n","protected":false},"excerpt":{"rendered":"<p>&#8230;Vermedi\u011fimiz \u015feyi alamazs\u0131n\u0131z, kendinizi vermeniz gerekir. Devrim\u2019i sat\u0131n alamazs\u0131n\u0131z. Devrim\u2019i yapamazs\u0131n\u0131z. Devrim olabilirsiniz ancak. Devrim ya ruhunuzdad\u0131r ya da hi\u00e7 bir yerde de\u011fildir. Konu\u015fmas\u0131n\u0131 bitirirken, yakla\u015fan<span class=\"excerpt-hellip\"> [\u2026]<\/span><\/p>\n","protected":false},"featured_media":0,"template":"","meta":{"_monsterinsights_skip_tracking":false,"_monsterinsights_sitenote_active":false,"_monsterinsights_sitenote_note":"","_monsterinsights_sitenote_category":0},"product_brand":[],"product_cat":[12891,12291],"product_tag":[],"class_list":{"0":"post-691456","1":"product","2":"type-product","3":"status-publish","5":"product_cat-amerikan-edebiyati","6":"product_cat-edebiyat","7":"pa_cilt-ciltsiz","8":"pa_tur-kitap","9":"pa_yayinevi-metis-yayinlari","10":"pa_yazar-ursula-k-le-guin","12":"first","13":"instock","14":"sale","15":"shipping-taxable","16":"purchasable","17":"product-type-simple"},"_links":{"self":[{"href":"https:\/\/roveyayinevi.com.tr\/index.php\/wp-json\/wp\/v2\/product\/691456","targetHints":{"allow":["GET"]}}],"collection":[{"href":"https:\/\/roveyayinevi.com.tr\/index.php\/wp-json\/wp\/v2\/product"}],"about":[{"href":"https:\/\/roveyayinevi.com.tr\/index.php\/wp-json\/wp\/v2\/types\/product"}],"wp:attachment":[{"href":"https:\/\/roveyayinevi.com.tr\/index.php\/wp-json\/wp\/v2\/media?parent=691456"}],"wp:term":[{"taxonomy":"product_brand","embeddable":true,"href":"https:\/\/roveyayinevi.com.tr\/index.php\/wp-json\/wp\/v2\/product_brand?post=691456"},{"taxonomy":"product_cat","embeddable":true,"href":"https:\/\/roveyayinevi.com.tr\/index.php\/wp-json\/wp\/v2\/product_cat?post=691456"},{"taxonomy":"product_tag","embeddable":true,"href":"https:\/\/roveyayinevi.com.tr\/index.php\/wp-json\/wp\/v2\/product_tag?post=691456"}],"curies":[{"name":"wp","href":"https:\/\/api.w.org\/{rel}","templated":true}]}}