{"id":691455,"date":"2025-08-27T13:58:55","date_gmt":"2025-08-27T10:58:55","guid":{"rendered":"https:\/\/roveyayinevi.com.tr\/index.php\/urun\/cocuklar-ve-buyukleri-murathan-munganin-sectikleriyle\/"},"modified":"2026-04-16T02:00:51","modified_gmt":"2026-04-15T23:00:51","slug":"cocuklar-ve-buyukleri-murathan-munganin-sectikleriyle","status":"publish","type":"product","link":"https:\/\/roveyayinevi.com.tr\/index.php\/urun\/cocuklar-ve-buyukleri-murathan-munganin-sectikleriyle\/","title":{"rendered":"\u00c7ocuklar ve B\u00fcy\u00fckleri: Murathan Mungan&#8217;\u0131n Se\u00e7tikleriyle"},"content":{"rendered":"<p>Kendimizle \u00e7ocuklu\u011fumuz aras\u0131ndaki b\u00fcy\u00fcl\u00fc uzakl\u0131k her zaman \u00e7ok \u00e7ekici gelmi\u015ftir bana. O unuttu\u011fumuz, k\u00f6kleri gene de bizde olan d\u00fcnyay\u0131 yeniden ke\u015ffetmek, yeniden anlamak ve anlamland\u0131rmak, her seferinde hayat\u0131m\u0131z\u0131n geri kalan\u0131 i\u00e7in yeni bir \u015fey \u00f6\u011frenmemizi sa\u011flar. <\/p>\n","protected":false},"excerpt":{"rendered":"<p>Kendimizle \u00e7ocuklu\u011fumuz aras\u0131ndaki b\u00fcy\u00fcl\u00fc uzakl\u0131k her zaman \u00e7ok \u00e7ekici gelmi\u015ftir bana. O unuttu\u011fumuz, k\u00f6kleri gene de bizde olan d\u00fcnyay\u0131 yeniden ke\u015ffetmek, yeniden anlamak ve anlamland\u0131rmak, her<span class=\"excerpt-hellip\"> [\u2026]<\/span><\/p>\n","protected":false},"featured_media":0,"template":"","meta":{"_monsterinsights_skip_tracking":false,"_monsterinsights_sitenote_active":false,"_monsterinsights_sitenote_note":"","_monsterinsights_sitenote_category":0},"product_brand":[],"product_cat":[12291,12292],"product_tag":[],"class_list":{"0":"post-691455","1":"product","2":"type-product","3":"status-publish","5":"product_cat-edebiyat","6":"product_cat-turk-edebiyati","7":"pa_cilt-ciltsiz","8":"pa_tur-kitap","9":"pa_yayinevi-metis-yayinlari","10":"pa_yazar-murathan-mungan-haz","12":"first","13":"instock","14":"sale","15":"shipping-taxable","16":"purchasable","17":"product-type-simple"},"_links":{"self":[{"href":"https:\/\/roveyayinevi.com.tr\/index.php\/wp-json\/wp\/v2\/product\/691455","targetHints":{"allow":["GET"]}}],"collection":[{"href":"https:\/\/roveyayinevi.com.tr\/index.php\/wp-json\/wp\/v2\/product"}],"about":[{"href":"https:\/\/roveyayinevi.com.tr\/index.php\/wp-json\/wp\/v2\/types\/product"}],"wp:attachment":[{"href":"https:\/\/roveyayinevi.com.tr\/index.php\/wp-json\/wp\/v2\/media?parent=691455"}],"wp:term":[{"taxonomy":"product_brand","embeddable":true,"href":"https:\/\/roveyayinevi.com.tr\/index.php\/wp-json\/wp\/v2\/product_brand?post=691455"},{"taxonomy":"product_cat","embeddable":true,"href":"https:\/\/roveyayinevi.com.tr\/index.php\/wp-json\/wp\/v2\/product_cat?post=691455"},{"taxonomy":"product_tag","embeddable":true,"href":"https:\/\/roveyayinevi.com.tr\/index.php\/wp-json\/wp\/v2\/product_tag?post=691455"}],"curies":[{"name":"wp","href":"https:\/\/api.w.org\/{rel}","templated":true}]}}