{"id":691454,"date":"2025-08-27T13:58:54","date_gmt":"2025-08-27T10:58:54","guid":{"rendered":"https:\/\/roveyayinevi.com.tr\/index.php\/urun\/moskova-gunlugu\/"},"modified":"2026-04-16T02:00:51","modified_gmt":"2026-04-15T23:00:51","slug":"moskova-gunlugu","status":"publish","type":"product","link":"https:\/\/roveyayinevi.com.tr\/index.php\/urun\/moskova-gunlugu\/","title":{"rendered":"Moskova G\u00fcnl\u00fc\u011f\u00fc"},"content":{"rendered":"<p>Walter Benjamin 1926 y\u0131l\u0131 sonunda, k\u0131sa bir tatil a\u015fk\u0131 ya\u015fam\u0131\u015f oldu\u011fu Bol\u015fevik aktris ve e\u011fitimci Asja Lacis\u2019in bir ruhsal rahats\u0131zl\u0131k ge\u00e7irdi\u011fi haberi \u00fczerine, yakla\u015f\u0131k iki ay kalaca\u011f\u0131 Moskova\u2019ya gitti. Sovyet k\u00fclt\u00fcrel politikas\u0131nda Stalinizasyonun ba\u015flad\u0131\u011f\u0131 bir d\u00f6nemdi bu; her\u015fey yeniden yap\u0131lan\u0131yordu, kamusal ya\u015fam\u0131n gerilimleri \u00f6ylesine b\u00fcy\u00fckt\u00fc ki, \u00f6zel ya\u015fam tamamen t\u0131kanm\u0131\u015f g\u00f6r\u00fcn\u00fcyordu. Rus\u00e7a bilmeyen Benjamin, d\u00f6nemin tart\u0131\u015fmalar\u0131na ancak \u00fcnl\u00fc tiyatro ele\u015ftirmeni Berhard Reich ve Asja Lacis arac\u0131l\u0131\u011f\u0131yla girebiliyordu. Moskova\u2019da Benjamin\u2019in Partisiz ve mesleksiz bir serbest yazar olarak konumuna \u015f\u00fcpheyle bak\u0131l\u0131yordu; Reich, Lacis\u2019in sevgisine ula\u015fabilmesinde kar\u015f\u0131s\u0131na g\u00fc\u00e7l\u00fc bir rakip olarak \u00e7\u0131km\u0131\u015ft\u0131, \u00fcstelik Moskova buz gibiydi ve kald\u0131r\u0131mlarda y\u00fcr\u00fcmek bile bir \u0131st\u0131rapt\u0131&#8230; Moskova G\u00fcnl\u00fc\u011f\u00fc, Benjamin\u2019in hayat\u0131n\u0131n bu zor d\u00f6neminde tuttu\u011fu notlardan olu\u015fuyor. Bireysel ba\u011f\u0131ms\u0131zl\u0131\u011f\u0131n\u0131 kaybetmek pahas\u0131na Kom\u00fcnist Parti\u2019ye kat\u0131l\u0131p sa\u011flam bir \u00e7er\u00e7eve kazanmakla d\u0131\u015farl\u0131kl\u0131 bir solcu olman\u0131n marjinalli\u011fine s\u0131\u011f\u0131nmak aras\u0131nda s\u0131k\u0131\u015f\u0131p kal\u0131\u015f\u0131n\u0131, d\u00f6nemin Moskova\u2019s\u0131ndaki k\u00fclt\u00fcrel ve siyasal olaylar\u0131 alg\u0131lay\u0131\u015f\u0131n\u0131 anlatman\u0131n yan\u0131 s\u0131ra sokaklar\u0131, m\u00fczeleri ve g\u00fcnl\u00fck hayat\u0131yla yazar\u0131n Moskova\u2019y\u0131 alg\u0131lay\u0131\u015f\u0131n\u0131 i\u00e7ten, edebi anlat\u0131m\u0131yla aktaran bu g\u00fcnl\u00fck, hem h\u00fcz\u00fcnl\u00fc bir anlat\u0131, hem de siyasi bir de\u011ferlendirme kitab\u0131 olarak okunabilir. \ufffcTan\u0131t\u0131m Metni<\/p>\n","protected":false},"excerpt":{"rendered":"<p>Walter Benjamin 1926 y\u0131l\u0131 sonunda, k\u0131sa bir tatil a\u015fk\u0131 ya\u015fam\u0131\u015f oldu\u011fu Bol\u015fevik aktris ve e\u011fitimci Asja Lacis\u2019in bir ruhsal rahats\u0131zl\u0131k ge\u00e7irdi\u011fi haberi \u00fczerine, yakla\u015f\u0131k iki ay<span class=\"excerpt-hellip\"> [\u2026]<\/span><\/p>\n","protected":false},"featured_media":0,"template":"","meta":{"_monsterinsights_skip_tracking":false,"_monsterinsights_sitenote_active":false,"_monsterinsights_sitenote_note":"","_monsterinsights_sitenote_category":0},"product_brand":[],"product_cat":[16098,12337],"product_tag":[],"class_list":{"0":"post-691454","1":"product","2":"type-product","3":"status-publish","5":"product_cat-politik-akimlar-hareketler","6":"product_cat-politika-siyaset","7":"pa_cilt-ciltsiz","8":"pa_tur-kitap","9":"pa_yayinevi-metis-yayinlari","10":"pa_yazar-walter-benjamin","12":"first","13":"instock","14":"sale","15":"shipping-taxable","16":"purchasable","17":"product-type-simple"},"_links":{"self":[{"href":"https:\/\/roveyayinevi.com.tr\/index.php\/wp-json\/wp\/v2\/product\/691454","targetHints":{"allow":["GET"]}}],"collection":[{"href":"https:\/\/roveyayinevi.com.tr\/index.php\/wp-json\/wp\/v2\/product"}],"about":[{"href":"https:\/\/roveyayinevi.com.tr\/index.php\/wp-json\/wp\/v2\/types\/product"}],"wp:attachment":[{"href":"https:\/\/roveyayinevi.com.tr\/index.php\/wp-json\/wp\/v2\/media?parent=691454"}],"wp:term":[{"taxonomy":"product_brand","embeddable":true,"href":"https:\/\/roveyayinevi.com.tr\/index.php\/wp-json\/wp\/v2\/product_brand?post=691454"},{"taxonomy":"product_cat","embeddable":true,"href":"https:\/\/roveyayinevi.com.tr\/index.php\/wp-json\/wp\/v2\/product_cat?post=691454"},{"taxonomy":"product_tag","embeddable":true,"href":"https:\/\/roveyayinevi.com.tr\/index.php\/wp-json\/wp\/v2\/product_tag?post=691454"}],"curies":[{"name":"wp","href":"https:\/\/api.w.org\/{rel}","templated":true}]}}