{"id":691447,"date":"2025-08-27T13:58:53","date_gmt":"2025-08-27T10:58:53","guid":{"rendered":"https:\/\/roveyayinevi.com.tr\/index.php\/urun\/kotu-cocuk-turk\/"},"modified":"2026-04-16T02:00:51","modified_gmt":"2026-04-15T23:00:51","slug":"kotu-cocuk-turk","status":"publish","type":"product","link":"https:\/\/roveyayinevi.com.tr\/index.php\/urun\/kotu-cocuk-turk\/","title":{"rendered":"K\u00f6t\u00fc \u00c7ocuk T\u00fcrk"},"content":{"rendered":"<p>Pop\u00fcler \u015fark\u0131lardan, foto\u011fraflardan, gazete haberlerinden oldu\u011fu kadar edebiyat yap\u0131tlar\u0131ndan da yola \u00e7\u0131karak T\u00fcrkiye\u2019nin yak\u0131n tarihinde \u00f6ne \u00e7\u0131km\u0131\u015f k\u00fclt\u00fcrel imgeleri inceliyor K\u00f6t\u00fc \u00c7ocuk T\u00fcrk: Bir yanda bir kap\u0131lma, \u00f6zenme ve b\u00fcy\u00fclenme, di\u011fer yanda bir kendine d\u00f6nme \u0131srar\u0131. \ufffcTan\u0131t\u0131m Metni<\/p>\n","protected":false},"excerpt":{"rendered":"<p>Pop\u00fcler \u015fark\u0131lardan, foto\u011fraflardan, gazete haberlerinden oldu\u011fu kadar edebiyat yap\u0131tlar\u0131ndan da yola \u00e7\u0131karak T\u00fcrkiye\u2019nin yak\u0131n tarihinde \u00f6ne \u00e7\u0131km\u0131\u015f k\u00fclt\u00fcrel imgeleri inceliyor K\u00f6t\u00fc \u00c7ocuk T\u00fcrk: Bir yanda bir<span class=\"excerpt-hellip\"> [\u2026]<\/span><\/p>\n","protected":false},"featured_media":0,"template":"","meta":{"_monsterinsights_skip_tracking":false,"_monsterinsights_sitenote_active":false,"_monsterinsights_sitenote_note":"","_monsterinsights_sitenote_category":0},"product_brand":[],"product_cat":[13633,12324],"product_tag":[],"class_list":{"0":"post-691447","1":"product","2":"type-product","3":"status-publish","5":"product_cat-kultur-ve-bilim","6":"product_cat-sosyoloji","7":"pa_cilt-ciltsiz","8":"pa_tur-kitap","9":"pa_yayinevi-metis-yayinlari","10":"pa_yazar-nurdan-gurbilek","12":"first","13":"instock","14":"sale","15":"shipping-taxable","16":"purchasable","17":"product-type-simple"},"_links":{"self":[{"href":"https:\/\/roveyayinevi.com.tr\/index.php\/wp-json\/wp\/v2\/product\/691447","targetHints":{"allow":["GET"]}}],"collection":[{"href":"https:\/\/roveyayinevi.com.tr\/index.php\/wp-json\/wp\/v2\/product"}],"about":[{"href":"https:\/\/roveyayinevi.com.tr\/index.php\/wp-json\/wp\/v2\/types\/product"}],"wp:attachment":[{"href":"https:\/\/roveyayinevi.com.tr\/index.php\/wp-json\/wp\/v2\/media?parent=691447"}],"wp:term":[{"taxonomy":"product_brand","embeddable":true,"href":"https:\/\/roveyayinevi.com.tr\/index.php\/wp-json\/wp\/v2\/product_brand?post=691447"},{"taxonomy":"product_cat","embeddable":true,"href":"https:\/\/roveyayinevi.com.tr\/index.php\/wp-json\/wp\/v2\/product_cat?post=691447"},{"taxonomy":"product_tag","embeddable":true,"href":"https:\/\/roveyayinevi.com.tr\/index.php\/wp-json\/wp\/v2\/product_tag?post=691447"}],"curies":[{"name":"wp","href":"https:\/\/api.w.org\/{rel}","templated":true}]}}